{"id":1093,"date":"2025-12-06T11:27:29","date_gmt":"2025-12-06T15:27:29","guid":{"rendered":"https:\/\/ucalvet.com\/?post_type=product&#038;p=1093"},"modified":"2025-12-06T11:27:29","modified_gmt":"2025-12-06T15:27:29","slug":"fiproguard-sm-cat-2","status":"publish","type":"product","link":"https:\/\/ucalvet.com\/en\/product\/fiproguard-sm-cat-2\/","title":{"rendered":"F\u0130PROGUARD SM CAT"},"content":{"rendered":"<p><strong>\u0130stifad\u0259 sah\u0259si<\/strong>: Preparat pi\u015fikl\u0259rd\u0259 ektoparazitl\u0259rinin (bit, bir\u0259. malofaqlar\u0131n imaginal v\u0259 surf\u0259 formalar\u0131, qotur g\u0259n\u0259l\u0259ri) m\u00fcalic\u0259 v\u0259 profilaktikas\u0131 m\u0259qs\u0259di il\u0259 t\u0259tbiq edilir. Preparat h\u0259md\u0259 pi\u015fikl\u0259rd\u0259 qotur v\u0259 bir\u0259 dermatitl\u0259rinin m\u00fcalic\u0259 v\u0259 profilaktikas\u0131 m\u0259qs\u0259di il\u0259 t\u0259tbiq edilir.<br \/>\n<strong>D\u0259rman formas\u0131 v\u0259 qabla\u015fd\u0131rma: <\/strong>Xarici g\u00f6r\u00fcn\u00fc\u015fc\u0259 sar\u0131 r\u0259ngli, \u015f\u0259ffaf steril m\u0259hluldur.<\/p>\n<p><strong>Preparat\u0131n t\u0259rkibi<\/strong>, f\u0259al madd\u0259: Fipronil -100 mq, (S)- Metopren- 120 mq<\/p>\n<p><strong>\u0130stifad\u0259 v\u0259 dozala\u015fd\u0131rma qaydalar\u0131<\/strong>: Preparat\u0131 istifad\u0259 etm\u0259zd\u0259n \u0259vv\u0259l damc\u0131lad\u0131c\u0131lar\u0131n ucunu k\u0259sm\u0259k laz\u0131md\u0131r. Preparat quru, z\u0259d\u0259l\u0259nm\u0259mi\u015f, heyvan\u0131n dili \u00e7atmad\u0131\u011f\u0131 v\u0259 yalaya bilm\u0259diyi yerl\u0259r\u0259: onur\u011fa s\u00fct\u00fcn\u00fc boyu, k\u00fcr\u0259kl\u0259r aras\u0131na, boyun v\u0259 \u0259ns\u0259 nahiyy\u0259l\u0259rin\u0259 v\u0259 qulaq seyvan\u0131n\u0131n i\u00e7\u0259ri s\u0259thin\u0259, damc\u0131lad\u0131c\u0131 (tub) vasit\u0259si il\u0259 t\u00fckl\u00fc yerl\u0259rd\u0259 t\u00fck\u00fc aral\u0131yaraq bir ba\u015fa d\u0259ri s\u0259thin\u0259 \u00e7\u0259kilm\u0259lidir &#8220;spoton&#8221;. Preparat 1 pi\u015fik f\u0259rdin\u0259 0,5 ml h\u0259cmind\u0259 (1tub) istifad\u0259 edilir. Heyvanlar\u0131n ektoparazitl\u0259r\u0259 yoluxmamas\u0131 \u00fc\u00e7\u00fcn onlar\u0131n d\u00f6\u015f\u0259m\u0259 altl\u0131qlar\u0131n\u0131 vaxta\u015f\u0131r\u0131 t\u0259mizl\u0259m\u0259kl\u0259, insektisidl\u0259rl\u0259 i\u015fl\u0259m\u0259k laz\u0131md\u0131r. Preparat\u0131n istifad\u0259sind\u0259n sonra 48 saat m\u00fcdd\u0259tind\u0259 pi\u015fikl\u0259r \u00e7imizdirilm\u0259m\u0259li v\u0259 ya t\u00fck \u00f6rt\u00fcy\u00fc yuyulmamal\u0131d\u0131r. Qeyd: Istehsal\u00e7\u0131n\u0131n istifad\u0259 t\u0259limat\u0131nda v\u0259 qabla\u015fma (tara) \u00fcz\u0259rind\u0259 g\u00f6st\u0259ril\u0259n istifad\u0259 v\u0259 dozala\u015fd\u0131rma qaydalar\u0131 \u00fcst\u00fcn hesab edilm\u0259lidir. Verilmi\u015f t\u0259limat istehsal\u00e7\u0131 t\u0259r\u0259find\u0259n preparat\u0131n t\u0259rkibind\u0259 h\u0259r hans\u0131 d\u0259yi\u015fiklik edilm\u0259diyi m\u00fcdd\u0259td\u0259 etibarl\u0131d\u0131r.<\/p>","protected":false},"excerpt":{"rendered":"<p>\u0130stifad\u0259 sah\u0259si: Preparat pi\u015fikl\u0259rd\u0259 ektoparazitl\u0259rinin (bit, bir\u0259. malofaqlar\u0131n imaginal v\u0259 surf\u0259 formalar\u0131, qotur g\u0259n\u0259l\u0259ri) m\u00fcalic\u0259 v\u0259 profilaktikas\u0131 m\u0259qs\u0259di il\u0259 t\u0259tbiq edilir. Preparat h\u0259md\u0259 pi\u015fikl\u0259rd\u0259 qotur v\u0259 bir\u0259 dermatitl\u0259rinin m\u00fcalic\u0259 v\u0259 profilaktikas\u0131 m\u0259qs\u0259di il\u0259 t\u0259tbiq edilir. D\u0259rman formas\u0131 v\u0259 qabla\u015fd\u0131rma: Xarici g\u00f6r\u00fcn\u00fc\u015fc\u0259 sar\u0131 r\u0259ngli, \u015f\u0259ffaf steril m\u0259hluldur. Preparat\u0131n t\u0259rkibi, f\u0259al madd\u0259: Fipronil -100 mq, (S)- Metopren- [&hellip;]<\/p>","protected":false},"featured_media":1094,"comment_status":"closed","ping_status":"closed","template":"","meta":[],"product_brand":[],"product_cat":[43,66],"product_tag":[],"class_list":{"0":"post-1093","1":"product","2":"type-product","3":"status-publish","4":"has-post-thumbnail","6":"product_cat-antiparazitler","7":"product_cat-ev-heyvani","9":"first","10":"instock","11":"shipping-taxable","12":"product-type-simple"},"_links":{"self":[{"href":"https:\/\/ucalvet.com\/en\/wp-json\/wp\/v2\/product\/1093","targetHints":{"allow":["GET"]}}],"collection":[{"href":"https:\/\/ucalvet.com\/en\/wp-json\/wp\/v2\/product"}],"about":[{"href":"https:\/\/ucalvet.com\/en\/wp-json\/wp\/v2\/types\/product"}],"replies":[{"embeddable":true,"href":"https:\/\/ucalvet.com\/en\/wp-json\/wp\/v2\/comments?post=1093"}],"wp:featuredmedia":[{"embeddable":true,"href":"https:\/\/ucalvet.com\/en\/wp-json\/wp\/v2\/media\/1094"}],"wp:attachment":[{"href":"https:\/\/ucalvet.com\/en\/wp-json\/wp\/v2\/media?parent=1093"}],"wp:term":[{"taxonomy":"product_brand","embeddable":true,"href":"https:\/\/ucalvet.com\/en\/wp-json\/wp\/v2\/product_brand?post=1093"},{"taxonomy":"product_cat","embeddable":true,"href":"https:\/\/ucalvet.com\/en\/wp-json\/wp\/v2\/product_cat?post=1093"},{"taxonomy":"product_tag","embeddable":true,"href":"https:\/\/ucalvet.com\/en\/wp-json\/wp\/v2\/product_tag?post=1093"}],"curies":[{"name":"wp","href":"https:\/\/api.w.org\/{rel}","templated":true}]}}