{"id":1096,"date":"2025-12-06T11:30:21","date_gmt":"2025-12-06T15:30:21","guid":{"rendered":"https:\/\/ucalvet.com\/?post_type=product&#038;p=1096"},"modified":"2025-12-06T11:30:21","modified_gmt":"2025-12-06T15:30:21","slug":"fiproguard-sm-dog-2","status":"publish","type":"product","link":"https:\/\/ucalvet.com\/en\/product\/fiproguard-sm-dog-2\/","title":{"rendered":"F\u0130PROGUARD SM DOG"},"content":{"rendered":"<p><strong>\u0130stifad\u0259 sah\u0259si<\/strong>: Preparat itl\u0259rd\u0259 ektoparazitl\u0259rin (bit, bir\u0259, malofaqlar\u0131n imaginal v\u0259 s\u00fcrf\u0259 formalar\u0131, qotur g\u0259n\u0259l\u0259ri) m\u00fcalic\u0259 v\u0259 profilaktikas\u0131 m\u0259qs\u0259di il\u0259 t\u0259tbiq edilir. Preparat h\u0259m d\u0259 itl\u0259rd\u0259 qotur v\u0259 bir\u0259 dermatidl\u0259rinin m\u00fcalic\u0259 v\u0259 profilaktikas\u0131 m\u0259qs\u0259di il\u0259 t\u0259tbiq edilir.<br \/>\n<strong>D\u0259rman formas\u0131 v\u0259 qabla\u015fd\u0131rma: <\/strong>Preparat 0,67 ml; 1,34 ml; 2,68 ml v\u0259 4,02 ml miqdar\u0131nda polipropilen damc\u0131lad\u0131c\u0131larda qabla\u015fd\u0131r\u0131l\u0131r. Damc\u0131lad\u0131c\u0131lar 1, 3 ve 6 \u0259d\u0259t olmaqla blisterl\u0259r\u0259 y\u0131\u011f\u0131l\u0131r.<br \/>\n<strong>Preparat\u0131n t\u0259rkibi,<\/strong> <strong>f\u0259al madd\u0259:<\/strong> Fipronil- 100 mg, (S)-Metopren-90 mg.<\/p>\n<p><strong>\u0130stifad\u0259 v\u0259 dozala\u015fd\u0131rma qaydalar\u0131<\/strong>: Preparat\u0131 istifad\u0259 etm\u0259zd\u0259n \u0259vv\u0259l damc\u0131lad\u0131c\u0131lar\u0131n ucunu k\u0259sm\u0259k laz\u0131md\u0131r. Preparat quru, z\u0259d\u0259l\u0259nm\u0259mi\u015f, heyvan\u0131n dili \u00e7atmad\u0131\u011f\u0131 v\u0259 yalaya bilm\u0259diyi yerl\u0259r\u0259: onur\u011fa s\u00fct\u00fcn\u00fc boyu, k\u00fcr\u0259kl\u0259r aras\u0131na, boyun v\u0259 \u0259ns\u0259 nahiyy\u0259l\u0259rin\u0259 v\u0259 qulaq seyvan\u0131n\u0131n i\u00e7\u0259ri s\u0259thin\u0259, damc\u0131lad\u0131c\u0131 (tub) vasit\u0259si il\u0259 t\u00fckl\u00fc yerl\u0259rd\u0259 t\u00fck\u00fc aral\u0131yaraq bir ba\u015fa d\u0259ri s\u0259thin\u0259 \u00e7\u0259kilm\u0259lidir &#8220;spot-on&#8221;. Preparat a\u015fa\u011f\u0131dak\u0131 c\u0259dv\u0259l\u0259 uy\u011fun istifad\u0259 edilir:<\/p>\n<table>\n<tbody>\n<tr>\n<td width=\"113\">\u0130tl\u0259rin diri \u00e7\u0259kisi<\/td>\n<td width=\"302\">F\u0259al madd\u0259l\u0259rin miqdar\u0131<\/td>\n<td width=\"161\">Dozala\u015fd\u0131rma<\/td>\n<\/tr>\n<tr>\n<td width=\"113\">2-10 kg aras\u0131<\/td>\n<td width=\"302\">67 mg Fipronil, 60,3 mg (S)-Metopren<\/td>\n<td width=\"161\">0,67 ml<\/td>\n<\/tr>\n<tr>\n<td width=\"113\">10 &#8211; 20 kg aras\u0131<\/td>\n<td width=\"302\">134 mg Fipronil, 120,6 mg (S)-Metopren<\/td>\n<td width=\"161\">1,34 ml<\/td>\n<\/tr>\n<tr>\n<td width=\"113\">20-40 kg aras\u0131<\/td>\n<td width=\"302\">268 mg Fipronil, 241,2 mg (S)-Metopren<\/td>\n<td width=\"161\">2,68 ml<\/td>\n<\/tr>\n<tr>\n<td width=\"113\">40-60 kg aras\u0131<\/td>\n<td width=\"302\">402 mg Fipronil: 361,8 mg (S)-Metopren<\/td>\n<td width=\"161\">4,02 ml<\/td>\n<\/tr>\n<\/tbody>\n<\/table>\n<p>&nbsp;<\/p>\n<p>Qotur g\u0259n\u0259l\u0259ri, bitl\u0259r v\u0259 malofaqlara qar\u015f\u0131 i\u015fl\u0259m\u0259 7-10 sutka fasil\u0259 il\u0259 2-4 d\u0259f\u0259 apar\u0131la bil\u0259r. Heyvanlar\u0131n ektoparazitl\u0259r\u0259 yoluxmamas\u0131 \u00fc\u00e7\u00fcn onlar\u0131n d\u00f6\u015f\u0259m\u0259 altl\u0131qlar\u0131n\u0131 vaxta\u015f\u0131r\u0131 t\u0259mizl\u0259m\u0259kl\u0259, insektisidl\u0259rl\u0259 i\u015fl\u0259m\u0259k laz\u0131md\u0131r. Otodektoza (qulaq qoturuna) qar\u015f\u0131 qulaq yolunu qab\u0131qlardan v\u0259 ba\u015fqa riskl\u0259rd\u0259n t\u0259mizl\u0259dikd\u0259n sonra h\u0259r bir qula\u011fa 1-3 damc\u0131 preparat i\u015fl\u0259dilir. Preparat\u0131n b\u0259rab\u0259r yay\u0131lmas\u0131 \u00fc\u00e7\u00fcn qulaq seyvan\u0131 uzunu boyu qatlay\u0131b, ehmalla qulaq dibini masaj etm\u0259k v\u0259 heyvan\u0131n ba\u015f\u0131n\u0131 bir ne\u00e7\u0259 d\u0259qiq\u0259 tutmaq laz\u0131md\u0131r. Otodektoza qar\u015f\u0131 i\u015fl\u0259m\u0259 5-7 sutka fasil\u0259 il\u0259 2-3 d\u0259f\u0259 apar\u0131la bil\u0259r. Bir qula\u011f\u0131n z\u0259d\u0259l\u0259nm\u0259si v\u0259ziyy\u0259tind\u0259, preparat h\u0259r iki qulaq seyvan\u0131na t\u00f6k\u00fclm\u0259lidir. Preparat\u0131n qal\u0131\u011f\u0131n\u0131 onur\u011fa boyu d\u0259riy\u0259 \u00e7\u0259km\u0259k laz\u0131md\u0131r. Preparat\u0131n istifad\u0259sind\u0259n sonra 48 saat m\u00fcdd\u0259tind\u0259 itl\u0259r \u00e7imizdirilm\u0259m\u0259li v\u0259 ya t\u00fck \u00f6rt\u00fcy\u00fc yuyulmamal\u0131d\u0131r. Qeyd: Preparat k\u00fctl\u0259vi t\u0259tbiq edilm\u0259zd\u0259n \u0259vv\u0259l ki\u00e7ik qrup heyvanlar (3-5 ba\u015f) \u00fcz\u0259rinpe s\u0131naqdan ke\u00e7irilir v\u0259 3 g\u00fcn \u0259rzind\u0259 he\u00e7 bir f\u0259sad m\u00fc\u015fahid\u0259 edilm\u0259dikd\u0259 k\u00fctl\u0259vi t\u0259tbiq olunur. \u0130stehsal\u00e7\u0131n\u0131n istifad\u0259 t\u0259limat\u0131nda v\u0259 qabla\u015fma (tara) \u00fcz\u0259rind\u0259 g\u00f6st\u0259ril\u0259n istifad\u0259 v\u0259 dozala\u015fd\u0131rma qaydalar\u0131 \u00fcst\u00fcn hesab edilm\u0259lidir.<\/p>","protected":false},"excerpt":{"rendered":"<p>\u0130stifad\u0259 sah\u0259si: Preparat itl\u0259rd\u0259 ektoparazitl\u0259rin (bit, bir\u0259, malofaqlar\u0131n imaginal v\u0259 s\u00fcrf\u0259 formalar\u0131, qotur g\u0259n\u0259l\u0259ri) m\u00fcalic\u0259 v\u0259 profilaktikas\u0131 m\u0259qs\u0259di il\u0259 t\u0259tbiq edilir. Preparat h\u0259m d\u0259 itl\u0259rd\u0259 qotur v\u0259 bir\u0259 dermatidl\u0259rinin m\u00fcalic\u0259 v\u0259 profilaktikas\u0131 m\u0259qs\u0259di il\u0259 t\u0259tbiq edilir. D\u0259rman formas\u0131 v\u0259 qabla\u015fd\u0131rma: Preparat 0,67 ml; 1,34 ml; 2,68 ml v\u0259 4,02 ml miqdar\u0131nda polipropilen damc\u0131lad\u0131c\u0131larda qabla\u015fd\u0131r\u0131l\u0131r. Damc\u0131lad\u0131c\u0131lar [&hellip;]<\/p>","protected":false},"featured_media":1097,"comment_status":"closed","ping_status":"closed","template":"","meta":[],"product_brand":[],"product_cat":[43],"product_tag":[],"class_list":{"0":"post-1096","1":"product","2":"type-product","3":"status-publish","4":"has-post-thumbnail","6":"product_cat-antiparazitler","8":"first","9":"instock","10":"shipping-taxable","11":"product-type-simple"},"_links":{"self":[{"href":"https:\/\/ucalvet.com\/en\/wp-json\/wp\/v2\/product\/1096","targetHints":{"allow":["GET"]}}],"collection":[{"href":"https:\/\/ucalvet.com\/en\/wp-json\/wp\/v2\/product"}],"about":[{"href":"https:\/\/ucalvet.com\/en\/wp-json\/wp\/v2\/types\/product"}],"replies":[{"embeddable":true,"href":"https:\/\/ucalvet.com\/en\/wp-json\/wp\/v2\/comments?post=1096"}],"wp:featuredmedia":[{"embeddable":true,"href":"https:\/\/ucalvet.com\/en\/wp-json\/wp\/v2\/media\/1097"}],"wp:attachment":[{"href":"https:\/\/ucalvet.com\/en\/wp-json\/wp\/v2\/media?parent=1096"}],"wp:term":[{"taxonomy":"product_brand","embeddable":true,"href":"https:\/\/ucalvet.com\/en\/wp-json\/wp\/v2\/product_brand?post=1096"},{"taxonomy":"product_cat","embeddable":true,"href":"https:\/\/ucalvet.com\/en\/wp-json\/wp\/v2\/product_cat?post=1096"},{"taxonomy":"product_tag","embeddable":true,"href":"https:\/\/ucalvet.com\/en\/wp-json\/wp\/v2\/product_tag?post=1096"}],"curies":[{"name":"wp","href":"https:\/\/api.w.org\/{rel}","templated":true}]}}