{"id":1100,"date":"2025-12-06T11:39:04","date_gmt":"2025-12-06T15:39:04","guid":{"rendered":"https:\/\/ucalvet.com\/?post_type=product&#038;p=1100"},"modified":"2025-12-06T11:39:04","modified_gmt":"2025-12-06T15:39:04","slug":"fiproguard-sprey-2","status":"publish","type":"product","link":"https:\/\/ucalvet.com\/en\/product\/fiproguard-sprey-2\/","title":{"rendered":"F\u0130PROGUARD SPREY"},"content":{"rendered":"<p><strong>\u0130stifad\u0259 sah\u0259si<\/strong>: Preparat it v\u0259 pi\u015fikl\u0259rd\u0259 ektoparazitl\u0259rinin (bit, bir\u0259, malofaqlar\u0131n imaginal v\u0259 surf\u0259 formalar\u0131, qotur g\u0259n\u0259l\u0259ri) m\u00fcalic\u0259 v\u0259 profilaktikas\u0131 m\u0259qs\u0259di il\u0259 t\u0259tbiq edilir. Preparat h\u0259md\u0259 it v\u0259 pi\u015fikl\u0259rd\u0259 qotur v\u0259 bir\u0259 dermatitl\u0259rinin m\u00fcalic\u0259 v\u0259 profilaktikas\u0131 m\u0259qs\u0259di il\u0259 t\u0259tbiq edilir.<br \/>\n<strong>D\u0259rman formas\u0131 v\u0259 qabla\u015fd\u0131rma: <\/strong>Preparat karton qutularda, 100 ml v\u0259 250 ml miqdar\u0131nda plastik aerozol balonlarda qabla\u015fd\u0131r\u0131l\u0131r. Sprey istifad\u0259si \u00fc\u00e7\u00fcn m\u0259hlul.<br \/>\n<strong>Preparat\u0131n t\u0259rkibi<\/strong>, f\u0259al madd\u0259: Fipronil- 2,5mq.<\/p>\n<p><strong>\u0130stifad\u0259 v\u0259 dozala\u015fd\u0131rma qaydalar\u0131<\/strong>: Flakonun \u00fcz\u0259rind\u0259ki dozator s\u0131x\u0131lmaqla preparat heyvanlar\u0131n dili \u00e7atmad\u0131\u011f\u0131 v\u0259 yalaya bilm\u0259diyi yerl\u0259r\u0259: onur\u011fa s\u00fctunu boyu, k\u00fcr\u0259kl\u0259r aras\u0131na, boyun v\u0259 \u0259ns\u0259 nahiyy\u0259l\u0259rin\u0259 v\u0259 qulaq seyvan\u0131n\u0131n i\u00e7\u0259ri s\u0259thin\u0259, onlar\u0131n d\u0259risin\u0259 p\u00fcsk\u00fcrtm\u0259k laz\u0131md\u0131r. Heyvanlar\u0131n h\u0259r kq diri k\u00fctl\u0259sin\u0259 3ml preparat hesab\u0131 il\u0259 dozala\u015fd\u0131r\u0131l\u0131r (flakonun \u00fcz\u0259rind\u0259ki dozatorla 6 d\u0259f\u0259 p\u00fcsk\u00fcrtm\u0259). Heyvanlar\u0131n t\u00fck \u00f6rt\u00fcy\u00fcn\u00fcn uzunlu\u011fundan as\u0131l\u0131 olaraq dozala\u015fd\u0131rma iki d\u0259f\u0259 art\u0131r\u0131la bil\u0259r. Ektoparazitl\u0259r\u0259 yoluxmamas\u0131 \u00fc\u00e7\u00fcn heyvanlar\u0131n d\u00f6\u015f\u0259m\u0259 altl\u0131qlar\u0131n\u0131 vaxta\u015f\u0131r\u0131 t\u0259mizl\u0259m\u0259kl\u0259, insektisidl\u0259rl\u0259 i\u015fl\u0259m\u0259k laz\u0131md\u0131r. Flakon i\u015fl\u0259m\u0259zd\u0259n \u0259vv\u0259l yax\u015f\u0131ca \u00e7alxalan\u0131lmal\u0131d\u0131r. Qeyd: Preparat k\u00fctl\u0259vi t\u0259tbiq edilm\u0259zind\u0259n \u0259vv\u0259l ki\u00e7ik qrup heyvanlar ( 3-5 ba\u015f) \u00fcz\u0259rind\u0259 s\u0131naqdan ke\u00e7irilir v\u0259 3 g\u00fcn \u0259rzind\u0259 he\u00e7 bir f\u0259sad m\u00fc\u015fahid\u0259 edilm\u0259dikd\u0259 k\u00fctl\u0259vi t\u0259tbiq olunur. \u0130stehsal\u00e7\u0131n\u0131n istifad\u0259 t\u0259limat\u0131nda v\u0259 qabla\u015fma (tara) \u00fcz\u0259rind\u0259 g\u00f6st\u0259ril\u0259n istifad\u0259 v\u0259 dozala\u015fd\u0131rma qaydalar\u0131 \u00fcst\u00fcn hesab edilm\u0259lidir.<\/p>","protected":false},"excerpt":{"rendered":"<p>\u0130stifad\u0259 sah\u0259si: Preparat it v\u0259 pi\u015fikl\u0259rd\u0259 ektoparazitl\u0259rinin (bit, bir\u0259, malofaqlar\u0131n imaginal v\u0259 surf\u0259 formalar\u0131, qotur g\u0259n\u0259l\u0259ri) m\u00fcalic\u0259 v\u0259 profilaktikas\u0131 m\u0259qs\u0259di il\u0259 t\u0259tbiq edilir. Preparat h\u0259md\u0259 it v\u0259 pi\u015fikl\u0259rd\u0259 qotur v\u0259 bir\u0259 dermatitl\u0259rinin m\u00fcalic\u0259 v\u0259 profilaktikas\u0131 m\u0259qs\u0259di il\u0259 t\u0259tbiq edilir. D\u0259rman formas\u0131 v\u0259 qabla\u015fd\u0131rma: Preparat karton qutularda, 100 ml v\u0259 250 ml miqdar\u0131nda plastik aerozol balonlarda [&hellip;]<\/p>","protected":false},"featured_media":1101,"comment_status":"closed","ping_status":"closed","template":"","meta":[],"product_brand":[],"product_cat":[43,66],"product_tag":[],"class_list":{"0":"post-1100","1":"product","2":"type-product","3":"status-publish","4":"has-post-thumbnail","6":"product_cat-antiparazitler","7":"product_cat-ev-heyvani","9":"first","10":"instock","11":"shipping-taxable","12":"product-type-simple"},"_links":{"self":[{"href":"https:\/\/ucalvet.com\/en\/wp-json\/wp\/v2\/product\/1100","targetHints":{"allow":["GET"]}}],"collection":[{"href":"https:\/\/ucalvet.com\/en\/wp-json\/wp\/v2\/product"}],"about":[{"href":"https:\/\/ucalvet.com\/en\/wp-json\/wp\/v2\/types\/product"}],"replies":[{"embeddable":true,"href":"https:\/\/ucalvet.com\/en\/wp-json\/wp\/v2\/comments?post=1100"}],"wp:featuredmedia":[{"embeddable":true,"href":"https:\/\/ucalvet.com\/en\/wp-json\/wp\/v2\/media\/1101"}],"wp:attachment":[{"href":"https:\/\/ucalvet.com\/en\/wp-json\/wp\/v2\/media?parent=1100"}],"wp:term":[{"taxonomy":"product_brand","embeddable":true,"href":"https:\/\/ucalvet.com\/en\/wp-json\/wp\/v2\/product_brand?post=1100"},{"taxonomy":"product_cat","embeddable":true,"href":"https:\/\/ucalvet.com\/en\/wp-json\/wp\/v2\/product_cat?post=1100"},{"taxonomy":"product_tag","embeddable":true,"href":"https:\/\/ucalvet.com\/en\/wp-json\/wp\/v2\/product_tag?post=1100"}],"curies":[{"name":"wp","href":"https:\/\/api.w.org\/{rel}","templated":true}]}}