{"id":1102,"date":"2025-12-06T11:49:01","date_gmt":"2025-12-06T15:49:01","guid":{"rendered":"https:\/\/ucalvet.com\/?post_type=product&#038;p=1102"},"modified":"2025-12-11T13:04:04","modified_gmt":"2025-12-11T17:04:04","slug":"eyeclox","status":"publish","type":"product","link":"https:\/\/ucalvet.com\/en\/product\/eyeclox\/","title":{"rendered":"EYECLOX"},"content":{"rendered":"<p><strong>\u0130stifad\u0259 sah\u0259si<\/strong>: Heyvanlarda bakterial m\u0259n\u015f\u0259li g\u00f6z x\u0259st\u0259likl\u0259rinin m\u00fcalic\u0259si \u00fc\u00e7\u00fcn istifad\u0259 edilir. Atlarda, mal-qarada, qoyunlarda, pi\u015fikl\u0259rd\u0259 v\u0259 itl\u0259rd\u0259 Staphylococcus spp. (penisillinaz t\u00f6r\u0259d\u0259n \u015ftamlar daxil olmaqla), Bacillus spp., Moraxella spp., Streptococcus spp. v\u0259 Actinomyces pyogenes s\u0259b\u0259b oldu\u011fu g\u00f6z infeksiyalar\u0131n\u0131n m\u00fcalic\u0259sind\u0259 istifad\u0259 olunur. Preparatin mal-qarada x\u00fcsusi istifad\u0259si Moraxella bovis t\u0259r\u0259find\u0259n t\u00f6r\u0259dil\u0259n keratokonyunktivitin (\u0130nfeksion S\u0131\u011f\u0131r Keratokonyunktiviti\/\u00c7\u0259hray\u0131 G\u00f6z X\u0259st\u0259liyi) m\u00fcalic\u0259sind\u0259 istifad\u0259 olunur.<br \/>\n<strong>D\u0259rman formas\u0131 v\u0259 qabla\u015fd\u0131rma: <\/strong>Plastik \u015fpris formas\u0131nda m\u0259lh\u0259m<br \/>\n<strong>Preparat\u0131n t\u0259rkibi<\/strong>, <strong>f\u0259al madd\u0259:<\/strong> CLOXACILLIN &#8211; 167 mq<\/p>\n<p><strong>\u0130stifad\u0259 v\u0259 dozala\u015fd\u0131rma qaydalar\u0131<\/strong>: Preparat yaln\u0131z xarici istifad\u0259 \u00fc\u00e7\u00fcnd\u00fcr v\u0259 g\u00f6z\u0259 yerli olaraq t\u0259tbiq olunur. Bu t\u0259tbiq \u00fc\u00e7\u00fcn, a\u015fa\u011f\u0131 g\u00f6z qapa\u011f\u0131 qald\u0131r\u0131ld\u0131qdan sonra, m\u0259lh\u0259m zolaq \u015f\u0259klind\u0259 konyunktiva bo\u015flu\u011funa diqq\u0259tl\u0259 s\u0131x\u0131l\u0131r. H\u0259d\u0259l heyvan n\u00f6vl\u0259rin\u0259 uy\u011fun olaraq t\u0259tbiq edil\u0259c\u0259k praktik dozalar a\u015fa\u011f\u0131dak\u0131 kimidir: \u2022 Mal-qara v\u0259 atda: 1 g\u00f6z \u00fc\u00e7\u00fcn t\u0259xmin\u0259n 5-10 sm zolaqda m\u0259lh\u0259m \u00e7\u0259kin. \u2022 Qoyunda: 1 g\u00f6z \u00fc\u00e7\u00fcn t\u0259xmin\u0259n 5 sm zolaqda m\u0259lh\u0259m \u00e7\u0259kin. \u2022It, Pi\u015fikd\u0259: 1 g\u00f6z \u00fc\u00e7\u00fcn t\u0259xmin\u0259n 2 sm zolaqda m\u0259lh\u0259m \u00e7\u0259kin. Bir g\u00f6z\u00fc yoluxmu\u015f heyvanlarda \u00e7arpaz \u00e7irkl\u0259nm\u0259nin qar\u015f\u0131s\u0131n\u0131 almaq \u00fc\u00e7\u00fcn h\u0259r iki g\u00f6z m\u00fcalic\u0259 edilm\u0259lidir. \u0130nfeksiyan\u0131n sa\u011flam g\u00f6z\u0259 ke\u00e7m\u0259sinin qar\u015f\u0131s\u0131n\u0131 almaq \u00fc\u00e7\u00fcn m\u00fcalic\u0259y\u0259 sa\u011flam g\u00f6zd\u0259n ba\u015flamaq laz\u0131md\u0131r. H\u0259r bir \u015fpris bird\u0259f\u0259lik istifad\u0259 \u00fc\u00e7\u00fcnd\u00fcr. Qalan preparat m\u00fcvafiq qanunvericiliy\u0259 uy\u011fun olaraq utilizasiya edilm\u0259lidir. S\u00fcr\u00fcd\u0259n yaln\u0131z bir ne\u00e7\u0259 heyvan yoluxmu\u015f olsa bel\u0259, profilaktika \u00fc\u00e7\u00fcn b\u00fct\u00fcn s\u00fcr\u00fcy\u0259 d\u0259rman t\u0259tbiq edilm\u0259lidir. Baytar h\u0259kim z\u0259ruri hesab ed\u0259rs\u0259, normal \u015f\u0259raitd\u0259 iribuynuzlu mal-qara v\u0259 qoyunlara bird\u0259f\u0259lik t\u0259tbiq kifay\u0259tdir.<\/p>\n<ul>\n<li>Mal-qarada: 48 saat fasil\u0259 il\u0259 maksimum 3 d\u0259f\u0259 t\u0259tbiq olunur. Atda: 24 saat fasil\u0259 il\u0259 maksimum 6 d\u0259f\u0259 t\u0259tbiq olunur.<\/li>\n<li>Qoyunda: 72 saat fasil\u0259 il\u0259 maksimum 2 d\u0259f\u0259 t\u0259tbiq olunur.<\/li>\n<\/ul>\n<p>\u2022 \u0130t, Pi\u015fikd\u0259: H\u0259r 24 saat fasil\u0259 il\u0259 maksimum 7 d\u0259f\u0259 t\u0259krarlana bil\u0259r. 3 g\u00fcnd\u0259n sonra heyvanlar\u0131n v\u0259ziyy\u0259tind\u0259 \u0259h\u0259miyy\u0259tli bir yax\u015f\u0131la\u015fma olmazsa, diaqnoz yoxlan\u0131lmal\u0131 v\u0259 laz\u0131m olduqda m\u00fcalic\u0259 d\u0259yi\u015fdirilm\u0259lidir. Semptomlar yox olduqdan sonra t\u0259tbiq 2 g\u00fcn daha davam<\/p>","protected":false},"excerpt":{"rendered":"<p>\u0130stifad\u0259 sah\u0259si: Heyvanlarda bakterial m\u0259n\u015f\u0259li g\u00f6z x\u0259st\u0259likl\u0259rinin m\u00fcalic\u0259si \u00fc\u00e7\u00fcn istifad\u0259 edilir. Atlarda, mal-qarada, qoyunlarda, pi\u015fikl\u0259rd\u0259 v\u0259 itl\u0259rd\u0259 Staphylococcus spp. (penisillinaz t\u00f6r\u0259d\u0259n \u015ftamlar daxil olmaqla), Bacillus spp., Moraxella spp., Streptococcus spp. v\u0259 Actinomyces pyogenes s\u0259b\u0259b oldu\u011fu g\u00f6z infeksiyalar\u0131n\u0131n m\u00fcalic\u0259sind\u0259 istifad\u0259 olunur. Preparatin mal-qarada x\u00fcsusi istifad\u0259si Moraxella bovis t\u0259r\u0259find\u0259n t\u00f6r\u0259dil\u0259n keratokonyunktivitin (\u0130nfeksion S\u0131\u011f\u0131r Keratokonyunktiviti\/\u00c7\u0259hray\u0131 G\u00f6z X\u0259st\u0259liyi) m\u00fcalic\u0259sind\u0259 [&hellip;]<\/p>","protected":false},"featured_media":1117,"comment_status":"closed","ping_status":"closed","template":"","meta":[],"product_brand":[],"product_cat":[67,64,66,63],"product_tag":[],"class_list":{"0":"post-1102","1":"product","2":"type-product","3":"status-publish","4":"has-post-thumbnail","6":"product_cat-antibiotikler","7":"product_cat-at","8":"product_cat-ev-heyvani","9":"product_cat-ruminant","11":"first","12":"instock","13":"shipping-taxable","14":"product-type-simple"},"_links":{"self":[{"href":"https:\/\/ucalvet.com\/en\/wp-json\/wp\/v2\/product\/1102","targetHints":{"allow":["GET"]}}],"collection":[{"href":"https:\/\/ucalvet.com\/en\/wp-json\/wp\/v2\/product"}],"about":[{"href":"https:\/\/ucalvet.com\/en\/wp-json\/wp\/v2\/types\/product"}],"replies":[{"embeddable":true,"href":"https:\/\/ucalvet.com\/en\/wp-json\/wp\/v2\/comments?post=1102"}],"wp:featuredmedia":[{"embeddable":true,"href":"https:\/\/ucalvet.com\/en\/wp-json\/wp\/v2\/media\/1117"}],"wp:attachment":[{"href":"https:\/\/ucalvet.com\/en\/wp-json\/wp\/v2\/media?parent=1102"}],"wp:term":[{"taxonomy":"product_brand","embeddable":true,"href":"https:\/\/ucalvet.com\/en\/wp-json\/wp\/v2\/product_brand?post=1102"},{"taxonomy":"product_cat","embeddable":true,"href":"https:\/\/ucalvet.com\/en\/wp-json\/wp\/v2\/product_cat?post=1102"},{"taxonomy":"product_tag","embeddable":true,"href":"https:\/\/ucalvet.com\/en\/wp-json\/wp\/v2\/product_tag?post=1102"}],"curies":[{"name":"wp","href":"https:\/\/api.w.org\/{rel}","templated":true}]}}