{"id":1103,"date":"2025-12-06T11:50:57","date_gmt":"2025-12-06T15:50:57","guid":{"rendered":"https:\/\/ucalvet.com\/?post_type=product&#038;p=1103"},"modified":"2025-12-06T11:52:18","modified_gmt":"2025-12-06T15:52:18","slug":"doracid","status":"publish","type":"product","link":"https:\/\/ucalvet.com\/en\/product\/doracid\/","title":{"rendered":"DORACID"},"content":{"rendered":"<p><strong>\u0130stifad\u0259 sah\u0259si<\/strong>: Doracid inyeksiya \u00fc\u00e7\u00fcn m\u0259hlulu iribuynuzlu mal-qarada v\u0259 qoyunlarda a\u015fa\u011f\u0131da sadalanan nematodlara v\u0259 artropodlara qar\u015f\u0131 t\u0259sir g\u00f6st\u0259rir. Mal-qarada: M\u0259d\u0259-ba\u011f\u0131rsaq nematod\u0142ar\u0131, a\u011fciy\u0259r q\u0131l qurdlar\u0131, g\u00f6z nematodlar\u0131, hipodermalar, \u0259mici bitl\u0259r v\u0259 qotur g\u0259n\u0259l\u0259rin\u0259 qar\u015f\u0131 m\u00fcbariz\u0259d\u0259 v\u0259 m\u00fcalic\u0259sind\u0259 (m\u00fcalic\u0259 v\u0259 profilaktikas\u0131nda) istifad\u0259 olunur.<br \/>\n<strong>D\u0259rman formas\u0131 v\u0259 qabla\u015fd\u0131rma: <\/strong>\u015e\u00fc\u015f\u0259 flakon formas\u0131nda inyeksiya \u00fc\u00e7\u00fcn m\u0259hlul<br \/>\n<strong>Preparat\u0131n t\u0259rkibi<\/strong>, f\u0259al madd\u0259: DORAMEKTIN &#8211; 10 mq, BENZIL SPIRTI &#8211; 2 mq<\/p>\n<p><strong>\u0130stifad\u0259 v\u0259 dozala\u015fd\u0131rma qaydalar\u0131 : <\/strong>Preparat\u0131 d\u00fczg\u00fcn dozada t\u0259tbiq etm\u0259k \u00fc\u00e7\u00fcn heyvan\u0131n b\u0259peu \u00e7\u0259kisi m\u00fcmk\u00fcn q\u0259d\u0259r d\u0259qiq \u015f\u0259kild\u0259 m\u00fc\u0259yy\u0259n edilm\u0259lidir. M\u00fcalic\u0259 edil\u0259c\u0259k heyvan say\u0131 bir deyil, qrup hal\u0131ndad\u0131rsa, onlar\u0131 b\u0259d\u0259n \u00e7\u0259kil\u0259rin\u0259 g\u00f6r\u0259 qrupla\u015fd\u0131rmaqla m\u00fcvafiq olaraq az dozan\u0131n v\u0259 ya h\u0259ddind\u0259n art\u0131q dozan\u0131n qar\u015f\u0131s\u0131 al\u0131nmal\u0131d\u0131r. Yax\u015f\u0131 d\u00fczg\u00fcn kalibrl\u0259nmi\u015f dozaj avadanl\u0131\u011f\u0131ndan istifad\u0259 edilm\u0259lidir. Parazitl\u0259r\u0259 qar\u015f\u0131 d\u00fczg\u00fcn m\u00fcbariz\u0259 v\u0259 heyvandarl\u0131qda n\u0259zar\u0259ti t\u0259min etm\u0259k \u00fc\u00e7\u00fcn veterinar h\u0259kim t\u0259r\u0259find\u0259n m\u00fcvafiq doza c\u0259dv\u0259li t\u00f6vsiy\u0259 edilm\u0259lidir. \u0130ribuynuzli mal-qarada m\u0259d\u0259-ba\u011f\u0131rsaq qil qurdlar\u0131n\u0131n, a\u011fciy\u0259r q\u0131l qurdlar\u0131n\u0131n, g\u00f6z nematodlar\u0131 v\u0259 qa\u015f\u0131nma g\u0259n\u0259l\u0259ri \u00fc\u00e7\u00fcn, qoyunlarda is\u0259 m\u0259d\u0259- ba\u011f\u0131rsaq q\u0131l qurdlar\u0131n\u0131n v\u0259 burun miyazisi \u00fc\u00e7\u00fcn 200 mkq\/kq-a b\u0259rab\u0259r h\u0259r 50 kq b\u0259d\u0259n k\u00fctl\u0259si \u00fc\u00e7\u00fcn 1 ml (10 mq doramektin) bird\u0259f\u0259lik dozada m\u00fcalic\u0259 t\u0259tbiq olunur. Qoyunlarda Psoroptes ovis (qoyun qa\u015f\u0131nmas\u0131) v\u0259 diri qoturun klinik simptomlar\u0131n\u0131n m\u00fcalic\u0259si zaman\u0131 300 mkq\/kq-a b\u0259rab\u0259r h\u0259r 33 kq b\u0259d\u0259n k\u00fctl\u0259si \u00fc\u00e7\u00fcn 1 ml (10 mq doramektin), bird\u0259f\u0259lik dozada m\u00fcalic\u0259 t\u0259tbiq olunur. Bundan \u0259lav\u0259, t\u0259krar infeksiyan\u0131n qar\u015f\u0131s\u0131n\u0131 almaq \u00fc\u00e7\u00fcn m\u00fcvafiq bioloji m\u00fchafiz\u0259 t\u0259dbirl\u0259ri g\u00f6r\u00fclm\u0259lidir. X\u0259st\u0259liy\u0259 yoluxmu\u015f qoyunlarla t\u0259masda olan qoyunlar\u0131n ham\u0131s\u0131n\u0131n m\u00fcalic\u0259 olunmas\u0131 vacibdir. Preparat d\u0259rialt\u0131 v\u0259 ya \u0259z\u0259l\u0259daxili olaraq t\u0259tbiq edil\u0259 bil\u0259r. edilir. Preparat iribuynuzlu mal-qarada 5 ml-den, qoyunlarda 1.5 ml-den cox olduqda f\u0259rqli nahiyy\u0259l\u0259r\u0259 t\u0259tbiq Qeyd: \u0130stehsal\u00e7\u0131n\u0131n istifad\u0259 t\u0259limat\u0131nda v\u0259 qabla\u015fma (tara) \u00fcz\u0259rind\u0259 g\u00f6st\u0259ril\u0259n istifad\u0259 v\u0259 dozala\u015fd\u0131rma qaydalar\u0131 \u00fcst\u00fcn hesab edilm\u0259lidir. Verilmi\u015f t\u0259limat istehsal\u00e7\u0131 t\u0259r\u0259find\u0259n preparat\u0131n t\u0259rkibind\u0259 h\u0259r hans\u0131 d\u0259yi\u015fiklik edilm\u0259diyi m\u00fcdd\u0259td\u0259 etibarl\u0131d\u0131r.<\/p>","protected":false},"excerpt":{"rendered":"<p>\u0130stifad\u0259 sah\u0259si: Doracid inyeksiya \u00fc\u00e7\u00fcn m\u0259hlulu iribuynuzlu mal-qarada v\u0259 qoyunlarda a\u015fa\u011f\u0131da sadalanan nematodlara v\u0259 artropodlara qar\u015f\u0131 t\u0259sir g\u00f6st\u0259rir. Mal-qarada: M\u0259d\u0259-ba\u011f\u0131rsaq nematod\u0142ar\u0131, a\u011fciy\u0259r q\u0131l qurdlar\u0131, g\u00f6z nematodlar\u0131, hipodermalar, \u0259mici bitl\u0259r v\u0259 qotur g\u0259n\u0259l\u0259rin\u0259 qar\u015f\u0131 m\u00fcbariz\u0259d\u0259 v\u0259 m\u00fcalic\u0259sind\u0259 (m\u00fcalic\u0259 v\u0259 profilaktikas\u0131nda) istifad\u0259 olunur. D\u0259rman formas\u0131 v\u0259 qabla\u015fd\u0131rma: \u015e\u00fc\u015f\u0259 flakon formas\u0131nda inyeksiya \u00fc\u00e7\u00fcn m\u0259hlul Preparat\u0131n t\u0259rkibi, f\u0259al madd\u0259: [&hellip;]<\/p>","protected":false},"featured_media":1104,"comment_status":"closed","ping_status":"closed","template":"","meta":[],"product_brand":[],"product_cat":[43,63],"product_tag":[],"class_list":{"0":"post-1103","1":"product","2":"type-product","3":"status-publish","4":"has-post-thumbnail","6":"product_cat-antiparazitler","7":"product_cat-ruminant","9":"first","10":"instock","11":"shipping-taxable","12":"product-type-simple"},"_links":{"self":[{"href":"https:\/\/ucalvet.com\/en\/wp-json\/wp\/v2\/product\/1103","targetHints":{"allow":["GET"]}}],"collection":[{"href":"https:\/\/ucalvet.com\/en\/wp-json\/wp\/v2\/product"}],"about":[{"href":"https:\/\/ucalvet.com\/en\/wp-json\/wp\/v2\/types\/product"}],"replies":[{"embeddable":true,"href":"https:\/\/ucalvet.com\/en\/wp-json\/wp\/v2\/comments?post=1103"}],"wp:featuredmedia":[{"embeddable":true,"href":"https:\/\/ucalvet.com\/en\/wp-json\/wp\/v2\/media\/1104"}],"wp:attachment":[{"href":"https:\/\/ucalvet.com\/en\/wp-json\/wp\/v2\/media?parent=1103"}],"wp:term":[{"taxonomy":"product_brand","embeddable":true,"href":"https:\/\/ucalvet.com\/en\/wp-json\/wp\/v2\/product_brand?post=1103"},{"taxonomy":"product_cat","embeddable":true,"href":"https:\/\/ucalvet.com\/en\/wp-json\/wp\/v2\/product_cat?post=1103"},{"taxonomy":"product_tag","embeddable":true,"href":"https:\/\/ucalvet.com\/en\/wp-json\/wp\/v2\/product_tag?post=1103"}],"curies":[{"name":"wp","href":"https:\/\/api.w.org\/{rel}","templated":true}]}}