{"id":1105,"date":"2025-12-06T11:57:49","date_gmt":"2025-12-06T15:57:49","guid":{"rendered":"https:\/\/ucalvet.com\/?post_type=product&#038;p=1105"},"modified":"2025-12-09T13:38:36","modified_gmt":"2025-12-09T17:38:36","slug":"oksiklozanid-750-2","status":"publish","type":"product","link":"https:\/\/ucalvet.com\/en\/product\/oksiklozanid-750-2\/","title":{"rendered":"Oksiklozanid 750"},"content":{"rendered":"<p><strong>\u0130stifad\u0259 sah\u0259si <\/strong>: Preparat iri v\u0259 x\u0131rda buynuzlu heyvanlar\u0131n m\u0259\u0440eba\u011f\u0131rsaq v\u0259 a\u011fciy\u0259r qurdlar\u0131n\u0131n yumurtalar\u0131na, s\u00fcrf\u0259 v\u0259 yetkin formalar\u0131na, qaraciy\u0259r qurdalar\u0131n\u0131n yetkin formalar\u0131na ve Moniezia sp. qurdlar\u0131n\u0131n yetkin formalar\u0131na qar\u015f\u0131 m\u00fcalic\u0259 v\u0259 profilaktika m\u0259qs\u0259dil\u0259 i\u015fl\u0259dilir. Qaraciy\u0259r trematodlar\u0131: Fasciola hepatica, F. gigantica (yetkin formalar\u0131na qar\u015f\u0131) M\u0259d\u0259-ba\u011f\u0131rsaq nematodlar\u0131: Ostertagia sp, Haemonchus sp, Trichostrongylus axei, Trichostrongylus sp, Nematodirus sp, Cooperia sp, Bunostomum sp, Strongyloides sp., Chabertia sp, Trichuris sp, Oesophagostomum sp; A\u011fciy\u0259r nematodlar\u0131: Dictyocaulus sp. (yetkin v\u0259 s\u00fcrf\u0259 formalar\u0131) Sestodlar: Moniezia sp.<br \/>\n<strong>D\u0259rman formas\u0131 v\u0259 qabla\u015fd\u0131rma: <\/strong>Preparat a\u011fz\u0131 qapaql\u0131 plastik bankalarda 250 h\u0259b h\u0259cmind\u0259 qabla\u015fd\u0131r\u0131l\u0131r.<br \/>\n<strong>Preparat\u0131n t\u0259rkibi, f\u0259al madd\u0259:<\/strong> Oksiklozanid- 750 mq.<\/p>\n<p><strong>\u0130stifad\u0259 v\u0259 dozala\u015fd\u0131rma qaydalar\u0131<\/strong>: Preparat, 8 saatl\u0131q acl\u0131q diyetasindan sonra, oral yolla verilir v\u0259 a\u015fa\u011f\u0131dak\u0131 qaydalara uy\u011fun dozala\u015fd\u0131r\u0131l\u0131r:<\/p>\n<p>&#8211; Fassiolyoz, dikroselioz v\u0259 parafistamatoz zaman\u0131: heyvanlar\u0131n 60 kq diri k\u00fctl\u0259sin\u0259 1 h\u0259b hesab\u0131 il\u0259 dozala\u015fd\u0131r\u0131laraq verilir;<\/p>\n<p>-Moniezioz, aviteliniyoz v\u0259 tizaniyoz zaman\u0131: heyvanlar\u0131n 75 kq diri k\u00fctl\u0259sin\u0259 1 h\u0259b hesab\u0131 il\u0259 dozala\u015fd\u0131r\u0131laraq verilir.<\/p>\n<p>-Nematod v\u0259 setodozlar zaman\u0131: heyvanlar\u0131n 60 kq diri k\u00fctl\u0259sin\u0259 1 h\u0259b hesab\u0131 il\u0259 dozala\u015fd\u0131r\u0131laraq verilir; -Trematodozlar zaman\u0131: heyvanlar\u0131n 45 kq diri k\u00fctl\u0259sin\u0259 1 h\u0259b hesab\u0131 il\u0259 dozala\u015fd\u0131r\u0131laraq verilir;<\/p>\n<p>Yoluxma t\u0259hl\u00fck\u0259si olduqda preparat ild\u0259 iki d\u0259f\u0259 istifad\u0259 edilir ( yaz d\u00f6vr\u00fc v\u0259 pay\u0131z d\u00f6vr\u00fc). Dehelmintizasiya apar\u0131ld\u0131qdan sonra 8- 12 saat \u0259rzind\u0259 heyvanlar qapal\u0131 saxlan\u0131l\u0131r, peyin x\u00fcsusu yerl\u0259r\u0259 y\u0131\u011f\u0131l\u0131b z\u0259r\u0259rs\u0131zl\u0259\u015fdirilir. Qeyd: Preparat\u0131n k\u00fctl\u0259vi t\u0259tbiq edilm\u0259sind\u0259n \u0259vv\u0259l ki\u00e7ik qrup heyvanlar \u00fcz\u0259rind\u0259 s\u0131naqdan ke\u00e7irilir v\u0259 3 g\u00fcn \u0259rzind\u0259 he\u00e7 bir f\u0259sad m\u00fc\u015fahid\u0259 edilm\u0259dikd\u0259 k\u00fctl\u0259vi t\u0259tbiq olunur. Istehsal\u00e7\u0131n\u0131n istifad\u0259 t\u0259limat\u0131nda v\u0259 qabla\u015fma (tara) \u00fcz\u0259rind\u0259 g\u00f6st\u0259ril\u0259n istifad\u0259 v\u0259 dozala\u015fd\u0131rma qaydalar\u0131 \u00fcst\u00fcn hesab edilm\u0259lidir. Verilmi\u015f t\u0259limat istehsal\u00e7\u0131 t\u0259r\u0259find\u0259n preparat\u0131n t\u0259rkibind\u0259 h\u0259r hans\u0131 d\u0259yi\u015fiklik edilm\u0259diyi m\u00fcdd\u0259td\u0259 etibarl\u0131d\u0131r.<br \/>\n<strong>G\u00f6zl\u0259m\u0259 vaxt\u0131: <\/strong>Preparat heyvanlara t\u0259tbiq edildiyi ax\u0131r\u0131nc\u0131 g\u00fcnd\u0259n 28 qaramal, 14 sutka sonra is\u0259 qoyun v\u0259 ke\u00e7i \u0259tlik m\u0259qs\u0259dil\u0259 k\u0259sil\u0259 bil\u0259rl\u0259r. S\u00fcd qida m\u0259hsulu kimi 5 g\u00fcnd\u0259n sonra istifad\u0259 edilir.<\/p>","protected":false},"excerpt":{"rendered":"<p>\u0130stifad\u0259 sah\u0259si : Preparat iri v\u0259 x\u0131rda buynuzlu heyvanlar\u0131n m\u0259\u0440eba\u011f\u0131rsaq v\u0259 a\u011fciy\u0259r qurdlar\u0131n\u0131n yumurtalar\u0131na, s\u00fcrf\u0259 v\u0259 yetkin formalar\u0131na, qaraciy\u0259r qurdalar\u0131n\u0131n yetkin formalar\u0131na ve Moniezia sp. qurdlar\u0131n\u0131n yetkin formalar\u0131na qar\u015f\u0131 m\u00fcalic\u0259 v\u0259 profilaktika m\u0259qs\u0259dil\u0259 i\u015fl\u0259dilir. Qaraciy\u0259r trematodlar\u0131: Fasciola hepatica, F. gigantica (yetkin formalar\u0131na qar\u015f\u0131) M\u0259d\u0259-ba\u011f\u0131rsaq nematodlar\u0131: Ostertagia sp, Haemonchus sp, Trichostrongylus axei, Trichostrongylus sp, Nematodirus sp, [&hellip;]<\/p>","protected":false},"featured_media":1113,"comment_status":"closed","ping_status":"closed","template":"","meta":[],"product_brand":[],"product_cat":[43,63],"product_tag":[],"class_list":{"0":"post-1105","1":"product","2":"type-product","3":"status-publish","4":"has-post-thumbnail","6":"product_cat-antiparazitler","7":"product_cat-ruminant","9":"first","10":"instock","11":"shipping-taxable","12":"product-type-simple"},"_links":{"self":[{"href":"https:\/\/ucalvet.com\/en\/wp-json\/wp\/v2\/product\/1105","targetHints":{"allow":["GET"]}}],"collection":[{"href":"https:\/\/ucalvet.com\/en\/wp-json\/wp\/v2\/product"}],"about":[{"href":"https:\/\/ucalvet.com\/en\/wp-json\/wp\/v2\/types\/product"}],"replies":[{"embeddable":true,"href":"https:\/\/ucalvet.com\/en\/wp-json\/wp\/v2\/comments?post=1105"}],"wp:featuredmedia":[{"embeddable":true,"href":"https:\/\/ucalvet.com\/en\/wp-json\/wp\/v2\/media\/1113"}],"wp:attachment":[{"href":"https:\/\/ucalvet.com\/en\/wp-json\/wp\/v2\/media?parent=1105"}],"wp:term":[{"taxonomy":"product_brand","embeddable":true,"href":"https:\/\/ucalvet.com\/en\/wp-json\/wp\/v2\/product_brand?post=1105"},{"taxonomy":"product_cat","embeddable":true,"href":"https:\/\/ucalvet.com\/en\/wp-json\/wp\/v2\/product_cat?post=1105"},{"taxonomy":"product_tag","embeddable":true,"href":"https:\/\/ucalvet.com\/en\/wp-json\/wp\/v2\/product_tag?post=1105"}],"curies":[{"name":"wp","href":"https:\/\/api.w.org\/{rel}","templated":true}]}}