{"id":1106,"date":"2025-12-06T11:59:09","date_gmt":"2025-12-06T15:59:09","guid":{"rendered":"https:\/\/ucalvet.com\/?post_type=product&#038;p=1106"},"modified":"2025-12-09T13:39:46","modified_gmt":"2025-12-09T17:39:46","slug":"oksiklozanid-500-2","status":"publish","type":"product","link":"https:\/\/ucalvet.com\/en\/product\/oksiklozanid-500-2\/","title":{"rendered":"Oksiklozanid 500"},"content":{"rendered":"<p><strong>\u0130stifad\u0259 sah\u0259si<\/strong>: Preparat iri buynuzlu heyvanlarda (IBH) qoyun ve ke\u00e7il\u0259rd\u0259 nematod, sestod v\u0259 trematodlara qar\u015f\u0131 m\u00fcalic\u0259-profilaktika m\u0259qs\u0259di il\u0259 istifad\u0259 edilir.<br \/>\n<strong>D\u0259rman formas\u0131 v\u0259 qabla\u015fd\u0131rma: <\/strong>Preparat xarici g\u00f6r\u00fcn\u00fc\u015f\u00e7\u0259 a\u011famsov r\u0259ngli, elips formal\u0131, bir \u00fcz\u00fcnd\u0259 \u015f\u0131r\u0131m\u0131, diq\u0259r \u00fcz\u00fcnd\u0259 is\u0259 DPH yaz\u0131s\u0131 olan bolyusdur.<br \/>\n<strong>Preparat\u0131n t\u0259rkibi<\/strong>, f\u0259al madd\u0259: Oksiklozanid-500 mq v\u0259 yard\u0131m\u00e7\u0131 madd\u0259l\u0259r: laktoza-295 mq, kartof ni\u015fastas\u0131-175 mq, modifikasiya olunmu\u015f ni\u015fasta-60 mq, aerosil-40 mq, natrium laurosulfat-40 mq, Tvin (80)-5mq, Talk-40 mq, polivinilpirrolidon-30 mq, maqnium stearat-12 mq.<\/p>\n<p><strong>\u0130stifad\u0259 v\u0259 dozala\u015fd\u0131rma qaydalar\u0131<\/strong>: Preparat oral yolla, f\u0259rdi olaraq a\u015fa\u011f\u0131dak\u0131 dozalarda t\u0259tbiq edilir: Fassiolyoz, dikrosellioz v\u0259 parafistomatozun m\u00fcalic\u0259 v\u0259 profilaktikas\u0131 m\u0259qs\u0259dil\u0259, heyvanlar\u0131n 40 kq diri k\u00fctl\u0259sin\u0259 1 bolyus (v\u0259 ya h\u0259r kq diri k\u00fctl\u0259y\u0259 12,5 mq oksiklozanid) hesab\u0131 il\u0259 dozala\u015fd\u0131r\u0131laraq daxil\u0259 verilir. -Heyvanlarda moniezioz, avitelineoz, tizaniozun m\u00fcalic\u0259 v\u0259 profilaktikas\u0131 m\u0259qs\u0259dil\u0259, heyvanlar\u0131n 50 kq diri k\u00fctl\u0259sin\u0259 1 bolyus (v\u0259 ya h\u0259r kq diri k\u00fctl\u0259y\u0259 10,0 mq oksiklozanid)<br \/>\n<strong>G\u00f6zl\u0259m\u0259 vaxt\u0131: <\/strong>\u018ft v\u0259 \u0259t m\u0259hsullar\u0131 \u00fc\u00e7\u00fcn g\u00f6zl\u0259m\u0259 vaxt\u0131 12-14 g\u00fcn, s\u00fcd \u00fc\u00e7\u00fcn is\u0259 36 saatd\u0131r (Preparat verildiyi ax\u0131r\u0131nc\u0131 g\u00fcnd\u0259n etibar\u0259n).<\/p>","protected":false},"excerpt":{"rendered":"<p>\u0130stifad\u0259 sah\u0259si: Preparat iri buynuzlu heyvanlarda (IBH) qoyun ve ke\u00e7il\u0259rd\u0259 nematod, sestod v\u0259 trematodlara qar\u015f\u0131 m\u00fcalic\u0259-profilaktika m\u0259qs\u0259di il\u0259 istifad\u0259 edilir. D\u0259rman formas\u0131 v\u0259 qabla\u015fd\u0131rma: Preparat xarici g\u00f6r\u00fcn\u00fc\u015f\u00e7\u0259 a\u011famsov r\u0259ngli, elips formal\u0131, bir \u00fcz\u00fcnd\u0259 \u015f\u0131r\u0131m\u0131, diq\u0259r \u00fcz\u00fcnd\u0259 is\u0259 DPH yaz\u0131s\u0131 olan bolyusdur. Preparat\u0131n t\u0259rkibi, f\u0259al madd\u0259: Oksiklozanid-500 mq v\u0259 yard\u0131m\u00e7\u0131 madd\u0259l\u0259r: laktoza-295 mq, kartof ni\u015fastas\u0131-175 mq, [&hellip;]<\/p>","protected":false},"featured_media":1114,"comment_status":"closed","ping_status":"closed","template":"","meta":[],"product_brand":[],"product_cat":[43,63],"product_tag":[],"class_list":{"0":"post-1106","1":"product","2":"type-product","3":"status-publish","4":"has-post-thumbnail","6":"product_cat-antiparazitler","7":"product_cat-ruminant","9":"first","10":"instock","11":"shipping-taxable","12":"product-type-simple"},"_links":{"self":[{"href":"https:\/\/ucalvet.com\/en\/wp-json\/wp\/v2\/product\/1106","targetHints":{"allow":["GET"]}}],"collection":[{"href":"https:\/\/ucalvet.com\/en\/wp-json\/wp\/v2\/product"}],"about":[{"href":"https:\/\/ucalvet.com\/en\/wp-json\/wp\/v2\/types\/product"}],"replies":[{"embeddable":true,"href":"https:\/\/ucalvet.com\/en\/wp-json\/wp\/v2\/comments?post=1106"}],"wp:featuredmedia":[{"embeddable":true,"href":"https:\/\/ucalvet.com\/en\/wp-json\/wp\/v2\/media\/1114"}],"wp:attachment":[{"href":"https:\/\/ucalvet.com\/en\/wp-json\/wp\/v2\/media?parent=1106"}],"wp:term":[{"taxonomy":"product_brand","embeddable":true,"href":"https:\/\/ucalvet.com\/en\/wp-json\/wp\/v2\/product_brand?post=1106"},{"taxonomy":"product_cat","embeddable":true,"href":"https:\/\/ucalvet.com\/en\/wp-json\/wp\/v2\/product_cat?post=1106"},{"taxonomy":"product_tag","embeddable":true,"href":"https:\/\/ucalvet.com\/en\/wp-json\/wp\/v2\/product_tag?post=1106"}],"curies":[{"name":"wp","href":"https:\/\/api.w.org\/{rel}","templated":true}]}}