{"id":1118,"date":"2025-12-11T13:15:19","date_gmt":"2025-12-11T17:15:19","guid":{"rendered":"https:\/\/ucalvet.com\/?post_type=product&#038;p=1118"},"modified":"2025-12-11T13:30:44","modified_gmt":"2025-12-11T17:30:44","slug":"3-c%c9%99rciv%c9%99li-manuel-bal-suzme-masini","status":"publish","type":"product","link":"https:\/\/ucalvet.com\/en\/product\/3-c%c9%99rciv%c9%99li-manuel-bal-suzme-masini\/","title":{"rendered":"3 \u00c7\u0259r\u00e7iv\u0259li Manual Bal S\u00fczme Ma\u015f\u0131n\u0131"},"content":{"rendered":"<pre id=\"tw-target-text\" class=\"tw-data-text tw-text-large tw-ta\" dir=\"ltr\" tabindex=\"-1\" role=\"text\" data-placeholder=\"Translation\" data-ved=\"2ahUKEwiFmfrJg7aRAxWBCBAIHRjiIX0Q3ewLegQIDBAW\" aria-label=\"Translated text: M\u0259hsul kodu BA553EU M\u0259hsulun ad\u0131 3 \u00e7\u0259r\u00e7iv\u0259li bal \u00e7\u0131xar\u0131c\u0131 t\u0259limat Seriya: Standard Model \u0130\u015f rejimi: Manual N\u0259zar\u0259t: Metal M\u0259rk\u0259zd\u0259nqa\u00e7ma \u00d6t\u00fcr\u00fcc\u00fc \u00d6l\u00e7\u00fc: 38 sm \u015e\u00fc\u015f\u0259 H\u00fcnd\u00fcrl\u00fcy\u00fc: 62,5 sm Korpus Material\u0131: Paslanmayan Polad Korpus Material\u0131 Qal\u0131nl\u0131\u011f\u0131: 0.50 mm S\u0259b\u0259tin n\u00f6v\u00fc: tangensial S\u0259b\u0259t: AISI 304 Paslanmayan Polad \u00c7\u0259r\u00e7iv\u0259 Tutumu: 3 Langstroth 24 sm Tap: Paslanmayan Polad Tap Qapaq: Q\u0131r\u0131lmaz Plastik Ayaqlar: Elektrostatik Boyal\u0131 Ayaqlar Dig\u0259r: \u00c7\u0259ki: 15g Paket \u00d6l\u00e7\u00fcl\u0259ri: 45x45x81g Z\u0259man\u0259t: 2 il\"><span class=\"Y2IQFc\" lang=\"az\">M\u0259hsul kodu: BA553EU\r\nM\u0259hsulun ad\u0131: 3 \u00e7\u0259r\u00e7iv\u0259li bal \u00e7\u0131xar\u0131c\u0131 t\u0259limat\r\nSeriya: Standard Model\r\n\u0130\u015f rejimi: Manual\r\nN\u0259zar\u0259t: Metal M\u0259rk\u0259zd\u0259nqa\u00e7ma \u00d6t\u00fcr\u00fcc\u00fc\r\n\u00d6l\u00e7\u00fc: 38 sm\r\n\u015e\u00fc\u015f\u0259 H\u00fcnd\u00fcrl\u00fcy\u00fc: 62,5 sm\r\nKorpus Material\u0131: Nerjaveka\r\nKorpus Material\u0131 Qal\u0131nl\u0131\u011f\u0131: 0.50 mm\r\nS\u0259b\u0259tin n\u00f6v\u00fc: tangensial\r\nS\u0259b\u0259t: AISI 304 Paslanmayan Polad\r\n\u00c7\u0259r\u00e7iv\u0259 Tutumu: 3 Langstroth 24 sm\r\nQapaq: Q\u0131r\u0131lmaz Plastik\r\nAyaqlar: Elektrostatik Boyal\u0131 Ayaqlar\r\nDig\u0259r:\r\n\u00c7\u0259ki: 15g\r\nPaket \u00d6l\u00e7\u00fcl\u0259ri: 45x45x81g\r\nZ\u0259man\u0259t: 2 il<\/span><\/pre>","protected":false},"excerpt":{"rendered":"<p>M\u0259hsul kodu: BA553EU M\u0259hsulun ad\u0131: 3 \u00e7\u0259r\u00e7iv\u0259li bal \u00e7\u0131xar\u0131c\u0131 t\u0259limat Seriya: Standard Model \u0130\u015f rejimi: Manual N\u0259zar\u0259t: Metal M\u0259rk\u0259zd\u0259nqa\u00e7ma \u00d6t\u00fcr\u00fcc\u00fc \u00d6l\u00e7\u00fc: 38 sm \u015e\u00fc\u015f\u0259 H\u00fcnd\u00fcrl\u00fcy\u00fc: 62,5 sm Korpus Material\u0131: Nerjaveka Korpus Material\u0131 Qal\u0131nl\u0131\u011f\u0131: 0.50 mm S\u0259b\u0259tin n\u00f6v\u00fc: tangensial S\u0259b\u0259t: AISI 304 Paslanmayan Polad \u00c7\u0259r\u00e7iv\u0259 Tutumu: 3 Langstroth 24 sm Qapaq: Q\u0131r\u0131lmaz Plastik Ayaqlar: Elektrostatik Boyal\u0131 [&hellip;]<\/p>","protected":false},"featured_media":1119,"comment_status":"closed","ping_status":"closed","template":"","meta":[],"product_brand":[],"product_cat":[62,71,60],"product_tag":[],"class_list":{"0":"post-1118","1":"product","2":"type-product","3":"status-publish","4":"has-post-thumbnail","6":"product_cat-ari","7":"product_cat-ariciliq-avadanliqlari","8":"product_cat-ariciliq-avadanliqlari-ve-yemleri","10":"first","11":"instock","12":"shipping-taxable","13":"product-type-simple"},"_links":{"self":[{"href":"https:\/\/ucalvet.com\/en\/wp-json\/wp\/v2\/product\/1118","targetHints":{"allow":["GET"]}}],"collection":[{"href":"https:\/\/ucalvet.com\/en\/wp-json\/wp\/v2\/product"}],"about":[{"href":"https:\/\/ucalvet.com\/en\/wp-json\/wp\/v2\/types\/product"}],"replies":[{"embeddable":true,"href":"https:\/\/ucalvet.com\/en\/wp-json\/wp\/v2\/comments?post=1118"}],"wp:featuredmedia":[{"embeddable":true,"href":"https:\/\/ucalvet.com\/en\/wp-json\/wp\/v2\/media\/1119"}],"wp:attachment":[{"href":"https:\/\/ucalvet.com\/en\/wp-json\/wp\/v2\/media?parent=1118"}],"wp:term":[{"taxonomy":"product_brand","embeddable":true,"href":"https:\/\/ucalvet.com\/en\/wp-json\/wp\/v2\/product_brand?post=1118"},{"taxonomy":"product_cat","embeddable":true,"href":"https:\/\/ucalvet.com\/en\/wp-json\/wp\/v2\/product_cat?post=1118"},{"taxonomy":"product_tag","embeddable":true,"href":"https:\/\/ucalvet.com\/en\/wp-json\/wp\/v2\/product_tag?post=1118"}],"curies":[{"name":"wp","href":"https:\/\/api.w.org\/{rel}","templated":true}]}}