{"id":1120,"date":"2025-12-11T13:20:15","date_gmt":"2025-12-11T17:20:15","guid":{"rendered":"https:\/\/ucalvet.com\/?post_type=product&#038;p=1120"},"modified":"2025-12-11T13:20:26","modified_gmt":"2025-12-11T17:20:26","slug":"4-c%c9%99rciv%c9%99li-manual-bal-suzm%c9%99-masini","status":"publish","type":"product","link":"https:\/\/ucalvet.com\/en\/product\/4-c%c9%99rciv%c9%99li-manual-bal-suzm%c9%99-masini\/","title":{"rendered":"4 \u00e7\u0259r\u00e7iv\u0259li manual bal s\u00fczm\u0259 ma\u015f\u0131n\u0131"},"content":{"rendered":"<pre id=\"tw-target-text\" class=\"tw-data-text tw-text-large tw-ta\" dir=\"ltr\" tabindex=\"-1\" role=\"text\" data-placeholder=\"Translation\" data-ved=\"2ahUKEwiFmfrJg7aRAxWBCBAIHRjiIX0Q3ewLegQIDBAW\" aria-label=\"Translated text: M\u0259hsul kodu BA550DDEU M\u0259hsulun ad\u0131 4 \u00e7\u0259r\u00e7iv\u0259li bal \u00e7\u0131xar\u0131c\u0131 t\u0259limat Seriya: Standard Model \u0130\u015f rejimi: Manual N\u0259zar\u0259t: Metal M\u0259rk\u0259zd\u0259nqa\u00e7ma \u00d6t\u00fcr\u00fcc\u00fc \u00d6l\u00e7\u00fcl\u0259r: 52.5 sm \u015e\u00fc\u015f\u0259 H\u00fcnd\u00fcrl\u00fcy\u00fc: 62,5 sm Korpus Material\u0131: Paslanmayan Polad Korpus Material\u0131 Qal\u0131nl\u0131\u011f\u0131: 0.50 mm S\u0259b\u0259tin n\u00f6v\u00fc: tangensial S\u0259b\u0259t: AISI 304 Paslanmayan Polad \u00c7\u0259r\u00e7iv\u0259 Tutumu: 4 Dadant 30 sm, 4 Langstroth 24 sm, 8 Super \u00c7\u0259r\u00e7iv\u0259 16 sm Tap: Paslanmayan Polad Tap Qapaq: Q\u0131r\u0131lmaz Plastik Ayaqlar: Elektrostatik Boyal\u0131 Ayaqlar Dig\u0259r: \u00c7\u0259kisi: 19,5 q Paket \u00d6l\u00e7\u00fcl\u0259ri: 61x61x81sm Z\u0259man\u0259t: 2 il\"><span class=\"Y2IQFc\" lang=\"az\">M\u0259hsul kodu: BA550DDEU\r\nM\u0259hsulun ad\u0131: 4 \u00e7\u0259r\u00e7iv\u0259li bal s\u00fczm\u0259 ma\u015f\u0131n\u0131\r\nSeriya: Standard Model\r\n\u0130\u015f rejimi: Manual\r\nN\u0259zar\u0259t: Metal M\u0259rk\u0259zd\u0259nqa\u00e7ma \u00d6t\u00fcr\u00fcc\u00fc\r\n\u00d6l\u00e7\u00fcl\u0259r: 52.5 sm\r\n\u015e\u00fc\u015f\u0259 H\u00fcnd\u00fcrl\u00fcy\u00fc: 62,5 sm\r\nKorpus Material\u0131: Nerjaveka\r\nKorpus Material\u0131 Qal\u0131nl\u0131\u011f\u0131: 0.50 mm\r\nS\u0259b\u0259tin n\u00f6v\u00fc: tangensial\r\nS\u0259b\u0259t: AISI 304 Nerjaveka\r\n\u00c7\u0259r\u00e7iv\u0259 Tutumu: 4 Dadant 30 sm, 4 Langstroth 24 sm, 8 Super \u00c7\u0259r\u00e7iv\u0259 16 sm\r\nQapaq: Q\u0131r\u0131lmaz Plastik\r\nAyaqlar: Elektrostatik Boyal\u0131 Ayaqlar\r\nDig\u0259r:\r\n\u00c7\u0259kisi: 19,5 q\r\nPaket \u00d6l\u00e7\u00fcl\u0259ri: 61x61x81sm\r\nZ\u0259man\u0259t: 2 il<\/span><\/pre>","protected":false},"excerpt":{"rendered":"<p>M\u0259hsul kodu: BA550DDEU M\u0259hsulun ad\u0131: 4 \u00e7\u0259r\u00e7iv\u0259li bal s\u00fczm\u0259 ma\u015f\u0131n\u0131 Seriya: Standard Model \u0130\u015f rejimi: Manual N\u0259zar\u0259t: Metal M\u0259rk\u0259zd\u0259nqa\u00e7ma \u00d6t\u00fcr\u00fcc\u00fc \u00d6l\u00e7\u00fcl\u0259r: 52.5 sm \u015e\u00fc\u015f\u0259 H\u00fcnd\u00fcrl\u00fcy\u00fc: 62,5 sm Korpus Material\u0131: Nerjaveka Korpus Material\u0131 Qal\u0131nl\u0131\u011f\u0131: 0.50 mm S\u0259b\u0259tin n\u00f6v\u00fc: tangensial S\u0259b\u0259t: AISI 304 Nerjaveka \u00c7\u0259r\u00e7iv\u0259 Tutumu: 4 Dadant 30 sm, 4 Langstroth 24 sm, 8 Super \u00c7\u0259r\u00e7iv\u0259 [&hellip;]<\/p>","protected":false},"featured_media":1121,"comment_status":"closed","ping_status":"closed","template":"","meta":[],"product_brand":[],"product_cat":[74],"product_tag":[],"class_list":{"0":"post-1120","1":"product","2":"type-product","3":"status-publish","4":"has-post-thumbnail","6":"product_cat-diger","8":"first","9":"instock","10":"shipping-taxable","11":"product-type-simple"},"_links":{"self":[{"href":"https:\/\/ucalvet.com\/en\/wp-json\/wp\/v2\/product\/1120","targetHints":{"allow":["GET"]}}],"collection":[{"href":"https:\/\/ucalvet.com\/en\/wp-json\/wp\/v2\/product"}],"about":[{"href":"https:\/\/ucalvet.com\/en\/wp-json\/wp\/v2\/types\/product"}],"replies":[{"embeddable":true,"href":"https:\/\/ucalvet.com\/en\/wp-json\/wp\/v2\/comments?post=1120"}],"wp:featuredmedia":[{"embeddable":true,"href":"https:\/\/ucalvet.com\/en\/wp-json\/wp\/v2\/media\/1121"}],"wp:attachment":[{"href":"https:\/\/ucalvet.com\/en\/wp-json\/wp\/v2\/media?parent=1120"}],"wp:term":[{"taxonomy":"product_brand","embeddable":true,"href":"https:\/\/ucalvet.com\/en\/wp-json\/wp\/v2\/product_brand?post=1120"},{"taxonomy":"product_cat","embeddable":true,"href":"https:\/\/ucalvet.com\/en\/wp-json\/wp\/v2\/product_cat?post=1120"},{"taxonomy":"product_tag","embeddable":true,"href":"https:\/\/ucalvet.com\/en\/wp-json\/wp\/v2\/product_tag?post=1120"}],"curies":[{"name":"wp","href":"https:\/\/api.w.org\/{rel}","templated":true}]}}