{"id":1122,"date":"2025-12-11T13:25:24","date_gmt":"2025-12-11T17:25:24","guid":{"rendered":"https:\/\/ucalvet.com\/?post_type=product&#038;p=1122"},"modified":"2025-12-11T13:28:24","modified_gmt":"2025-12-11T17:28:24","slug":"20-c%c9%99rciv%c9%99li-motorlu-bal-suzm%c9%99-masini-tam-avtomatik-4-proqram-analoq-dadant","status":"publish","type":"product","link":"https:\/\/ucalvet.com\/en\/product\/20-c%c9%99rciv%c9%99li-motorlu-bal-suzm%c9%99-masini-tam-avtomatik-4-proqram-analoq-dadant\/","title":{"rendered":"20 \u00c7\u0259r\u00e7iv\u0259li Motorlu Bal S\u00fczm\u0259 Ma\u015f\u0131n\u0131, Tam Avtomatik, 4 Proqram, Analoq Dadant"},"content":{"rendered":"<pre id=\"tw-target-text\" class=\"tw-data-text tw-text-large tw-ta\" dir=\"ltr\" tabindex=\"-1\" role=\"text\" data-placeholder=\"Translation\" data-ved=\"2ahUKEwiFmfrJg7aRAxWBCBAIHRjiIX0Q3ewLegQIDBAW\" aria-label=\"Translated text: 20 \u00c7\u0259r\u00e7iv\u0259li Motorlu Bal \u00c7\u0131xar\u0131c\u0131, Tam Avtomatik, 4 Proqram, Analoq Dadant M\u0259hsul Kodu: BA560-OMDD-304 M\u0259hsulun Ad\u0131: 20 \u00c7\u0259r\u00e7iv\u0259li Motorlu Bal \u00c7\u0131xar\u0131c\u0131, Tam Avtomatik Seriya: Luxury Model \u0130\u015f rejimi: AC Motor, 0,25 kVt N\u0259zar\u0259t: Tam Avtomatik \u2013 4 proqram \u2013 Analoq \u2013 Dadant \u00d6l\u00e7\u00fcl\u0259r: 95 sm H\u00fcnd\u00fcrl\u00fcy\u00fc: 85 sm Korpus material\u0131: AISI 304 Paslanmayan Polad Korpus Material\u0131 Qal\u0131nl\u0131\u011f\u0131: 0.80 mm S\u0259b\u0259tin n\u00f6v\u00fc: Radial S\u0259b\u0259t: AISI 304 Paslanmayan Polad \u00c7\u0259r\u00e7iv\u0259 Tutumu: 20 Dadant 30 sm, 20 Langstroth 24 sm, 20 Yar\u0131m 16 sm Kran: Paslanmayan Polad Tap, Alt Kilid Qapaq: Q\u0131r\u0131lmaz pleksiglas Ayaqlar: Paslanmayan Polad Ayaqlar Dig\u0259r: Qapa\u011f\u0131n T\u0259hl\u00fck\u0259sizlik A\u00e7ar\u0131 \u00c7\u0259ki: 60g Paket \u00d6l\u00e7\u00fcl\u0259ri: 105x105x110g Z\u0259man\u0259t: 2 il\"><span class=\"Y2IQFc\" lang=\"az\">\r\nM\u0259hsul Kodu: BA560-OMDD-304\r\nSeriya: Luxury Model\r\n\u0130\u015f rejimi: AC Motor, 0,25 kVt\r\nN\u0259zar\u0259t: Tam Avtomatik \u2013 4 proqram \u2013 Analoq \u2013 Dadant\r\n\u00d6l\u00e7\u00fcl\u0259r: 95 sm\r\nH\u00fcnd\u00fcrl\u00fcy\u00fc: 85 sm\r\nKorpus material\u0131: AISI 304 Nerjaveka\r\nKorpus Material\u0131 Qal\u0131nl\u0131\u011f\u0131: 0.80 mm\r\nS\u0259b\u0259tin n\u00f6v\u00fc: Radial\r\nS\u0259b\u0259t: AISI 304 Nerjaveka\r\n\u00c7\u0259r\u00e7iv\u0259 Tutumu: 20 Dadant 30 sm, 20 Langstroth 24 sm, 20 Yar\u0131m 16 sm\r\nKran: Nerjaveka, Alt Kilid\r\nQapaq: Q\u0131r\u0131lmaz pleksiglas\r\nAyaqlar: Nerjaveka Ayaqlar\r\nDig\u0259r: Qapa\u011f\u0131n T\u0259hl\u00fck\u0259sizlik A\u00e7ar\u0131\r\n\u00c7\u0259ki: 60g\r\nPaket \u00d6l\u00e7\u00fcl\u0259ri: 105x105x110g\r\nZ\u0259man\u0259t: 2 il<\/span><\/pre>","protected":false},"excerpt":{"rendered":"<p>M\u0259hsul Kodu: BA560-OMDD-304 Seriya: Luxury Model \u0130\u015f rejimi: AC Motor, 0,25 kVt N\u0259zar\u0259t: Tam Avtomatik \u2013 4 proqram \u2013 Analoq \u2013 Dadant \u00d6l\u00e7\u00fcl\u0259r: 95 sm H\u00fcnd\u00fcrl\u00fcy\u00fc: 85 sm Korpus material\u0131: AISI 304 Nerjaveka Korpus Material\u0131 Qal\u0131nl\u0131\u011f\u0131: 0.80 mm S\u0259b\u0259tin n\u00f6v\u00fc: Radial S\u0259b\u0259t: AISI 304 Nerjaveka \u00c7\u0259r\u00e7iv\u0259 Tutumu: 20 Dadant 30 sm, 20 Langstroth 24 sm, [&hellip;]<\/p>","protected":false},"featured_media":1123,"comment_status":"closed","ping_status":"closed","template":"","meta":[],"product_brand":[],"product_cat":[62,71,60],"product_tag":[],"class_list":{"0":"post-1122","1":"product","2":"type-product","3":"status-publish","4":"has-post-thumbnail","6":"product_cat-ari","7":"product_cat-ariciliq-avadanliqlari","8":"product_cat-ariciliq-avadanliqlari-ve-yemleri","10":"first","11":"instock","12":"shipping-taxable","13":"product-type-simple"},"_links":{"self":[{"href":"https:\/\/ucalvet.com\/en\/wp-json\/wp\/v2\/product\/1122","targetHints":{"allow":["GET"]}}],"collection":[{"href":"https:\/\/ucalvet.com\/en\/wp-json\/wp\/v2\/product"}],"about":[{"href":"https:\/\/ucalvet.com\/en\/wp-json\/wp\/v2\/types\/product"}],"replies":[{"embeddable":true,"href":"https:\/\/ucalvet.com\/en\/wp-json\/wp\/v2\/comments?post=1122"}],"wp:featuredmedia":[{"embeddable":true,"href":"https:\/\/ucalvet.com\/en\/wp-json\/wp\/v2\/media\/1123"}],"wp:attachment":[{"href":"https:\/\/ucalvet.com\/en\/wp-json\/wp\/v2\/media?parent=1122"}],"wp:term":[{"taxonomy":"product_brand","embeddable":true,"href":"https:\/\/ucalvet.com\/en\/wp-json\/wp\/v2\/product_brand?post=1122"},{"taxonomy":"product_cat","embeddable":true,"href":"https:\/\/ucalvet.com\/en\/wp-json\/wp\/v2\/product_cat?post=1122"},{"taxonomy":"product_tag","embeddable":true,"href":"https:\/\/ucalvet.com\/en\/wp-json\/wp\/v2\/product_tag?post=1122"}],"curies":[{"name":"wp","href":"https:\/\/api.w.org\/{rel}","templated":true}]}}