{"id":1125,"date":"2025-12-11T13:34:00","date_gmt":"2025-12-11T17:34:00","guid":{"rendered":"https:\/\/ucalvet.com\/?post_type=product&#038;p=1125"},"modified":"2025-12-11T13:34:00","modified_gmt":"2025-12-11T17:34:00","slug":"4-c%c9%99rciv%c9%99li-motorlu-bal-suzm%c9%99-masini-12v-220v-dadant","status":"publish","type":"product","link":"https:\/\/ucalvet.com\/en\/product\/4-c%c9%99rciv%c9%99li-motorlu-bal-suzm%c9%99-masini-12v-220v-dadant\/","title":{"rendered":"4 \u00c7\u0259r\u00e7iv\u0259li Motorlu Bal S\u00fczm\u0259 Ma\u015f\u0131n\u0131 12V-220V Dadant"},"content":{"rendered":"<pre id=\"tw-target-text\" class=\"tw-data-text tw-text-large tw-ta\" dir=\"ltr\" tabindex=\"-1\" role=\"text\" data-placeholder=\"Translation\" data-ved=\"2ahUKEwiFmfrJg7aRAxWBCBAIHRjiIX0Q3ewLegQIDBAW\" aria-label=\"Translated text: 4 \u00c7\u0259r\u00e7iv\u0259li Motorlu Bal \u00c7\u0131xar\u0131c\u0131 12V-220V DadantM\u0259hsul kodu BA550DDEU-12VM\u0259hsulun Ad\u0131 4 \u00c7\u0259r\u00e7iv\u0259li Bal \u00c7\u0131xar\u0131c\u0131 12V-220VSeriya: Standard Model\u0130\u015f rejimi: MotorluN\u0259zar\u0259t: Yar\u0131mavtomatik - s\u00fcr\u0259t t\u0259nziml\u0259n\u0259 bil\u0259r\u00d6l\u00e7\u00fcl\u0259r: 52.5 smH\u00fcnd\u00fcrl\u00fcy\u00fc: 62,5 smKorpus Material\u0131: Paslanmayan PoladKorpus Material\u0131 Qal\u0131nl\u0131\u011f\u0131: 0.50 mmS\u0259b\u0259tin n\u00f6v\u00fc: tangensialS\u0259b\u0259t: AISI 304 Paslanmayan Polad\u00c7\u0259r\u00e7iv\u0259 Tutumu: 4 Dadant 30sm, 8 Superframe 16smTap: Paslanmayan Polad TapQapaq: Q\u0131r\u0131lmaz PlastikAyaqlar: Elektrostatik Boyal\u0131 AyaqlarDig\u0259r:\u00c7\u0259ki: 24 qPaket \u00d6l\u00e7\u00fcl\u0259ri: 61x61x81gZ\u0259man\u0259t: 2 il\"><span class=\"Y2IQFc\" lang=\"az\">\r\nM\u0259hsul kodu BA550DDEU-12V\r\nSeriya: Standard Model\r\n\u0130\u015f rejimi: Motorlu\r\nN\u0259zar\u0259t: Yar\u0131mavtomatik - s\u00fcr\u0259t t\u0259nziml\u0259n\u0259 bil\u0259r\r\n\u00d6l\u00e7\u00fcl\u0259r: 52.5 sm\r\nH\u00fcnd\u00fcrl\u00fcy\u00fc: 62,5 sm\r\nKorpus Material\u0131: Nerjaveka\r\nKorpus Material\u0131 Qal\u0131nl\u0131\u011f\u0131: 0.50 mm\r\nS\u0259b\u0259tin n\u00f6v\u00fc: tangensial\r\nS\u0259b\u0259t: AISI 304 Nerjaveka\r\n\u00c7\u0259r\u00e7iv\u0259 Tutumu: 4 Dadant 30sm, 8 Superframe 16sm\r\nQapaq: Q\u0131r\u0131lmaz Plastik\r\nAyaqlar: Elektrostatik Boyal\u0131 Ayaqlar\r\nDig\u0259r:\r\n\u00c7\u0259ki: 24 q\r\nPaket \u00d6l\u00e7\u00fcl\u0259ri: 61x61x81g\r\nZ\u0259man\u0259t: 2 il<\/span><\/pre>","protected":false},"excerpt":{"rendered":"<p>M\u0259hsul kodu BA550DDEU-12V Seriya: Standard Model \u0130\u015f rejimi: Motorlu N\u0259zar\u0259t: Yar\u0131mavtomatik &#8211; s\u00fcr\u0259t t\u0259nziml\u0259n\u0259 bil\u0259r \u00d6l\u00e7\u00fcl\u0259r: 52.5 sm H\u00fcnd\u00fcrl\u00fcy\u00fc: 62,5 sm Korpus Material\u0131: Nerjaveka Korpus Material\u0131 Qal\u0131nl\u0131\u011f\u0131: 0.50 mm S\u0259b\u0259tin n\u00f6v\u00fc: tangensial S\u0259b\u0259t: AISI 304 Nerjaveka \u00c7\u0259r\u00e7iv\u0259 Tutumu: 4 Dadant 30sm, 8 Superframe 16sm Qapaq: Q\u0131r\u0131lmaz Plastik Ayaqlar: Elektrostatik Boyal\u0131 Ayaqlar Dig\u0259r: \u00c7\u0259ki: 24 q [&hellip;]<\/p>","protected":false},"featured_media":1126,"comment_status":"closed","ping_status":"closed","template":"","meta":[],"product_brand":[],"product_cat":[74],"product_tag":[],"class_list":{"0":"post-1125","1":"product","2":"type-product","3":"status-publish","4":"has-post-thumbnail","6":"product_cat-diger","8":"first","9":"instock","10":"shipping-taxable","11":"product-type-simple"},"_links":{"self":[{"href":"https:\/\/ucalvet.com\/en\/wp-json\/wp\/v2\/product\/1125","targetHints":{"allow":["GET"]}}],"collection":[{"href":"https:\/\/ucalvet.com\/en\/wp-json\/wp\/v2\/product"}],"about":[{"href":"https:\/\/ucalvet.com\/en\/wp-json\/wp\/v2\/types\/product"}],"replies":[{"embeddable":true,"href":"https:\/\/ucalvet.com\/en\/wp-json\/wp\/v2\/comments?post=1125"}],"wp:featuredmedia":[{"embeddable":true,"href":"https:\/\/ucalvet.com\/en\/wp-json\/wp\/v2\/media\/1126"}],"wp:attachment":[{"href":"https:\/\/ucalvet.com\/en\/wp-json\/wp\/v2\/media?parent=1125"}],"wp:term":[{"taxonomy":"product_brand","embeddable":true,"href":"https:\/\/ucalvet.com\/en\/wp-json\/wp\/v2\/product_brand?post=1125"},{"taxonomy":"product_cat","embeddable":true,"href":"https:\/\/ucalvet.com\/en\/wp-json\/wp\/v2\/product_cat?post=1125"},{"taxonomy":"product_tag","embeddable":true,"href":"https:\/\/ucalvet.com\/en\/wp-json\/wp\/v2\/product_tag?post=1125"}],"curies":[{"name":"wp","href":"https:\/\/api.w.org\/{rel}","templated":true}]}}