{"id":1127,"date":"2025-12-11T13:43:16","date_gmt":"2025-12-11T17:43:16","guid":{"rendered":"https:\/\/ucalvet.com\/?post_type=product&#038;p=1127"},"modified":"2025-12-11T13:44:14","modified_gmt":"2025-12-11T17:44:14","slug":"4-c%c9%99rciv%c9%99li-motorlu-bal-suzm%c9%99-masini-tam-avtomatik-toxunma-ekranli-don%c9%99n-s%c9%99b%c9%99tli","status":"publish","type":"product","link":"https:\/\/ucalvet.com\/en\/product\/4-c%c9%99rciv%c9%99li-motorlu-bal-suzm%c9%99-masini-tam-avtomatik-toxunma-ekranli-don%c9%99n-s%c9%99b%c9%99tli\/","title":{"rendered":"4 \u00c7\u0259r\u00e7iv\u0259li Motorlu Bal S\u00fczm\u0259 Ma\u015f\u0131n\u0131 Tam Avtomatik Toxunma Ekranl\u0131 D\u00f6n\u0259n S\u0259b\u0259tli"},"content":{"rendered":"<pre id=\"tw-target-text\" class=\"tw-data-text tw-text-large tw-ta\" dir=\"ltr\" tabindex=\"-1\" role=\"text\" data-placeholder=\"Translation\" data-ved=\"2ahUKEwiFmfrJg7aRAxWBCBAIHRjiIX0Q3ewLegQIDBAW\" aria-label=\"Translated text: 4 \u00c7\u0259r\u00e7iv\u0259li Motorlu Bal \u00c7\u0131xar\u0131c\u0131 Tam Avtomatik Toxunma Ekran\u0131 D\u00f6n\u0259n S\u0259b\u0259t M\u0259hsul kodu BA550-OMYE-304 M\u0259hsulun Ad\u0131 4 \u00c7\u0259r\u00e7iv\u0259li D\u00f6n\u0259n Bal \u00c7\u0131xar\u0131c\u0131 Tam Avtomatik Sensorlu Ekran Seriya: Luxury Model \u0130\u015f rejimi: AC Motor, 0,18 Kw N\u0259zar\u0259t: Sensorlu Ekran, Tam Avtomatik, 3 \u0259lav\u0259 rejim \u00d6l\u00e7\u00fc: 63 sm \u015e\u00fc\u015f\u0259 H\u00fcnd\u00fcrl\u00fcy\u00fc: 75 sm Korpus v\u0259r\u0259qi: AISI 304 Paslanmayan Polad Korpus t\u0259b\u0259q\u0259sinin qal\u0131nl\u0131\u011f\u0131: 0,60 mm S\u0259b\u0259tin N\u00f6v\u00fc: D\u00f6n\u0259n S\u0259b\u0259t S\u0259b\u0259t: AISI 304 Paslanmayan Polad \u00c7\u0259r\u00e7iv\u0259 Tutumu: 4 Langstroth 24 sm, yar\u0131m 16 sm Kran: Paslanmayan Polad Kran, A\u015fa\u011f\u0131 \u00e7atma Qapaq: Q\u0131r\u0131lmaz pleksiglas Ayaqlar: Paslanmayan Polad Ayaqlar Dig\u0259r: Qapaq t\u0259hl\u00fck\u0259sizlik a\u00e7ar\u0131 \u00c7\u0259ki: 45g Paket \u00d6l\u00e7\u00fcl\u0259ri: 73x73x105 Z\u0259man\u0259t: 2 il\"><span class=\"Y2IQFc\" lang=\"az\">\r\nM\u0259hsul kodu: BA550-OMYE-304\r\nSeriya: Luxury Model\r\n\u0130\u015f rejimi: AC Motor, 0,18 Kw\r\nN\u0259zar\u0259t: Sensorlu Ekran, Tam Avtomatik, 3 \u0259lav\u0259 rejim\r\n\u00d6l\u00e7\u00fc: 63 sm\r\n\u015e\u00fc\u015f\u0259 H\u00fcnd\u00fcrl\u00fcy\u00fc: 75 sm\r\nKorpus v\u0259r\u0259qi: AISI 304 Paslanmayan Polad\r\nKorpus t\u0259b\u0259q\u0259sinin qal\u0131nl\u0131\u011f\u0131: 0,60 mm\r\nS\u0259b\u0259tin N\u00f6v\u00fc: D\u00f6n\u0259n S\u0259b\u0259t\r\nS\u0259b\u0259t: AISI 304 Paslanmayan Polad\r\n\u00c7\u0259r\u00e7iv\u0259 Tutumu: 4 Langstroth 24 sm, yar\u0131m 16 sm\r\nKran: Nerjaveka Kran, A\u015fa\u011f\u0131 \u00e7atma\r\nQapaq: Q\u0131r\u0131lmaz pleksiglas\r\nAyaqlar:  Nerjaveka  Ayaqlar\r\nDig\u0259r: Qapaq t\u0259hl\u00fck\u0259sizlik a\u00e7ar\u0131\r\n\u00c7\u0259ki: 45g\r\nPaket \u00d6l\u00e7\u00fcl\u0259ri: 73x73x105\r\nZ\u0259man\u0259t: 2 il<\/span><\/pre>","protected":false},"excerpt":{"rendered":"<p>M\u0259hsul kodu: BA550-OMYE-304 Seriya: Luxury Model \u0130\u015f rejimi: AC Motor, 0,18 Kw N\u0259zar\u0259t: Sensorlu Ekran, Tam Avtomatik, 3 \u0259lav\u0259 rejim \u00d6l\u00e7\u00fc: 63 sm \u015e\u00fc\u015f\u0259 H\u00fcnd\u00fcrl\u00fcy\u00fc: 75 sm Korpus v\u0259r\u0259qi: AISI 304 Paslanmayan Polad Korpus t\u0259b\u0259q\u0259sinin qal\u0131nl\u0131\u011f\u0131: 0,60 mm S\u0259b\u0259tin N\u00f6v\u00fc: D\u00f6n\u0259n S\u0259b\u0259t S\u0259b\u0259t: AISI 304 Paslanmayan Polad \u00c7\u0259r\u00e7iv\u0259 Tutumu: 4 Langstroth 24 sm, yar\u0131m 16 [&hellip;]<\/p>","protected":false},"featured_media":1129,"comment_status":"closed","ping_status":"closed","template":"","meta":[],"product_brand":[],"product_cat":[62,71,60],"product_tag":[],"class_list":{"0":"post-1127","1":"product","2":"type-product","3":"status-publish","4":"has-post-thumbnail","6":"product_cat-ari","7":"product_cat-ariciliq-avadanliqlari","8":"product_cat-ariciliq-avadanliqlari-ve-yemleri","10":"first","11":"instock","12":"shipping-taxable","13":"product-type-simple"},"_links":{"self":[{"href":"https:\/\/ucalvet.com\/en\/wp-json\/wp\/v2\/product\/1127","targetHints":{"allow":["GET"]}}],"collection":[{"href":"https:\/\/ucalvet.com\/en\/wp-json\/wp\/v2\/product"}],"about":[{"href":"https:\/\/ucalvet.com\/en\/wp-json\/wp\/v2\/types\/product"}],"replies":[{"embeddable":true,"href":"https:\/\/ucalvet.com\/en\/wp-json\/wp\/v2\/comments?post=1127"}],"wp:featuredmedia":[{"embeddable":true,"href":"https:\/\/ucalvet.com\/en\/wp-json\/wp\/v2\/media\/1129"}],"wp:attachment":[{"href":"https:\/\/ucalvet.com\/en\/wp-json\/wp\/v2\/media?parent=1127"}],"wp:term":[{"taxonomy":"product_brand","embeddable":true,"href":"https:\/\/ucalvet.com\/en\/wp-json\/wp\/v2\/product_brand?post=1127"},{"taxonomy":"product_cat","embeddable":true,"href":"https:\/\/ucalvet.com\/en\/wp-json\/wp\/v2\/product_cat?post=1127"},{"taxonomy":"product_tag","embeddable":true,"href":"https:\/\/ucalvet.com\/en\/wp-json\/wp\/v2\/product_tag?post=1127"}],"curies":[{"name":"wp","href":"https:\/\/api.w.org\/{rel}","templated":true}]}}