{"id":1132,"date":"2025-12-11T14:02:50","date_gmt":"2025-12-11T18:02:50","guid":{"rendered":"https:\/\/ucalvet.com\/?post_type=product&#038;p=1132"},"modified":"2025-12-11T14:02:51","modified_gmt":"2025-12-11T18:02:51","slug":"3-12-c%c9%99rciv%c9%99li-motorlu-bal-suzm%c9%99-masini-12v-220v-aisi-304","status":"publish","type":"product","link":"https:\/\/ucalvet.com\/en\/product\/3-12-c%c9%99rciv%c9%99li-motorlu-bal-suzm%c9%99-masini-12v-220v-aisi-304\/","title":{"rendered":"3-12 \u00c7\u0259r\u00e7iv\u0259li Motorlu Bal S\u00fczm\u0259 Ma\u015f\u0131n\u0131 12V \u2013 220V AISI 304"},"content":{"rendered":"<pre id=\"tw-target-text\" class=\"tw-data-text tw-text-large tw-ta\" dir=\"ltr\" tabindex=\"-1\" role=\"text\" data-placeholder=\"Translation\" data-ved=\"2ahUKEwiFmfrJg7aRAxWBCBAIHRjiIX0Q3ewLegQIDBAW\" aria-label=\"Translated text: 3-12 \u00c7\u0259r\u00e7iv\u0259li Motorlu Bal \u00c7\u0131xar\u0131c\u0131 12V \u2013 220V AISI 304M\u0259hsul kodu BA553-12-12V-304M\u0259hsulun ad\u0131 3-12 \u00c7\u0259r\u00e7iv\u0259 Motorlu Bal \u00c7\u0131xar\u0131c\u0131 12v-220vSeriya: Luxury Model\u0130\u015f rejimi: DC Motor, 140W, 12v-220vN\u0259zar\u0259t: Yar\u0131 Avtomatik\u00d6l\u00e7\u00fcl\u0259r: 52.5 sm\u015e\u00fc\u015f\u0259 H\u00fcnd\u00fcrl\u00fcy\u00fc: 62,5 smKorpus material\u0131: AISI 304 Paslanmayan PoladKorpus Material\u0131 Qal\u0131nl\u0131\u011f\u0131: 0.60 mmS\u0259b\u0259tin n\u00f6v\u00fc: tangensial, radialS\u0259b\u0259t: AISI 304 Paslanmayan Polad\u00c7\u0259r\u00e7iv\u0259 Tutumu: 3 Dadant 30 sm, 3 Langstroth 24 sm, 12 Super \u00c7\u0259r\u00e7iv\u0259 16 smTap: Paslanmayan Polad TapQapaq: Q\u0131r\u0131lmaz PlastikAyaqlar: Paslanmayan Polad AyaqlarDig\u0259r:\u00c7\u0259ki: 23 qPaket \u00d6l\u00e7\u00fcl\u0259ri: 61x61x81gZ\u0259man\u0259t: 2 il\"><span class=\"Y2IQFc\" lang=\"az\">\r\nM\u0259hsul kodu: BA553-12-12V-304\r\nSeriya: Luxury Model\r\n\u0130\u015f rejimi: DC Motor, 140W, 12v-220v\r\nN\u0259zar\u0259t: Yar\u0131 Avtomatik\r\n\u00d6l\u00e7\u00fcl\u0259r: 52.5 sm\r\n\u015e\u00fc\u015f\u0259 H\u00fcnd\u00fcrl\u00fcy\u00fc: 62,5 sm\r\nKorpus material\u0131: AISI 304 Nerjaveka\r\nKorpus Material\u0131 Qal\u0131nl\u0131\u011f\u0131: 0.60 mm\r\nS\u0259b\u0259tin n\u00f6v\u00fc: tangensial, radial\r\nS\u0259b\u0259t: AISI 304 Nerjaveka\r\n\u00c7\u0259r\u00e7iv\u0259 Tutumu: 3 Dadant 30 sm, 3 Langstroth 24 sm, 12 Super \u00c7\u0259r\u00e7iv\u0259 16 sm\r\nQapaq: Q\u0131r\u0131lmaz Plastik\r\nAyaqlar: Nerjaveka Ayaqlar\r\nDig\u0259r:\r\n\u00c7\u0259ki: 23 q\r\nPaket \u00d6l\u00e7\u00fcl\u0259ri: 61x61x81g\r\nZ\u0259man\u0259t: 2 il<\/span><\/pre>","protected":false},"excerpt":{"rendered":"<p>M\u0259hsul kodu: BA553-12-12V-304 Seriya: Luxury Model \u0130\u015f rejimi: DC Motor, 140W, 12v-220v N\u0259zar\u0259t: Yar\u0131 Avtomatik \u00d6l\u00e7\u00fcl\u0259r: 52.5 sm \u015e\u00fc\u015f\u0259 H\u00fcnd\u00fcrl\u00fcy\u00fc: 62,5 sm Korpus material\u0131: AISI 304 Nerjaveka Korpus Material\u0131 Qal\u0131nl\u0131\u011f\u0131: 0.60 mm S\u0259b\u0259tin n\u00f6v\u00fc: tangensial, radial S\u0259b\u0259t: AISI 304 Nerjaveka \u00c7\u0259r\u00e7iv\u0259 Tutumu: 3 Dadant 30 sm, 3 Langstroth 24 sm, 12 Super \u00c7\u0259r\u00e7iv\u0259 16 sm [&hellip;]<\/p>","protected":false},"featured_media":1133,"comment_status":"closed","ping_status":"closed","template":"","meta":[],"product_brand":[],"product_cat":[62,71,60],"product_tag":[],"class_list":{"0":"post-1132","1":"product","2":"type-product","3":"status-publish","4":"has-post-thumbnail","6":"product_cat-ari","7":"product_cat-ariciliq-avadanliqlari","8":"product_cat-ariciliq-avadanliqlari-ve-yemleri","10":"first","11":"instock","12":"shipping-taxable","13":"product-type-simple"},"_links":{"self":[{"href":"https:\/\/ucalvet.com\/en\/wp-json\/wp\/v2\/product\/1132","targetHints":{"allow":["GET"]}}],"collection":[{"href":"https:\/\/ucalvet.com\/en\/wp-json\/wp\/v2\/product"}],"about":[{"href":"https:\/\/ucalvet.com\/en\/wp-json\/wp\/v2\/types\/product"}],"replies":[{"embeddable":true,"href":"https:\/\/ucalvet.com\/en\/wp-json\/wp\/v2\/comments?post=1132"}],"wp:featuredmedia":[{"embeddable":true,"href":"https:\/\/ucalvet.com\/en\/wp-json\/wp\/v2\/media\/1133"}],"wp:attachment":[{"href":"https:\/\/ucalvet.com\/en\/wp-json\/wp\/v2\/media?parent=1132"}],"wp:term":[{"taxonomy":"product_brand","embeddable":true,"href":"https:\/\/ucalvet.com\/en\/wp-json\/wp\/v2\/product_brand?post=1132"},{"taxonomy":"product_cat","embeddable":true,"href":"https:\/\/ucalvet.com\/en\/wp-json\/wp\/v2\/product_cat?post=1132"},{"taxonomy":"product_tag","embeddable":true,"href":"https:\/\/ucalvet.com\/en\/wp-json\/wp\/v2\/product_tag?post=1132"}],"curies":[{"name":"wp","href":"https:\/\/api.w.org\/{rel}","templated":true}]}}