{"id":1135,"date":"2025-12-11T14:13:57","date_gmt":"2025-12-11T18:13:57","guid":{"rendered":"https:\/\/ucalvet.com\/?post_type=product&#038;p=1135"},"modified":"2025-12-11T14:13:57","modified_gmt":"2025-12-11T18:13:57","slug":"3-12-c%c9%99rciv%c9%99-motorlu-bal-suzm%c9%99-masini-yari-avtomatik-aisi-304","status":"publish","type":"product","link":"https:\/\/ucalvet.com\/en\/product\/3-12-c%c9%99rciv%c9%99-motorlu-bal-suzm%c9%99-masini-yari-avtomatik-aisi-304\/","title":{"rendered":"3-12 \u00c7\u0259r\u00e7iv\u0259 Motorlu Bal S\u00fczm\u0259 Ma\u015f\u0131n\u0131 Yar\u0131 Avtomatik AISI 304"},"content":{"rendered":"<p>M\u0259hsul kodu BA553-12-M-304<br \/>\nSeriya: Luxury Model<br \/>\n\u0130\u015f rejimi: AC Motor, 180W, 220V<br \/>\nN\u0259zar\u0259t: Yar\u0131 Avtomatik<br \/>\n\u00d6l\u00e7\u00fcl\u0259r: 52.5 sm<br \/>\n\u015e\u00fc\u015f\u0259 H\u00fcnd\u00fcrl\u00fcy\u00fc: 62,5 sm<br \/>\nKorpus material\u0131: AISI 304 Nerjaveka<br \/>\nKorpus Material\u0131 Qal\u0131nl\u0131\u011f\u0131: 0.60 mm<br \/>\nS\u0259b\u0259tin n\u00f6v\u00fc: tangensial, radial<br \/>\nS\u0259b\u0259t: AISI 304 Nerjaveka<br \/>\n\u00c7\u0259r\u00e7iv\u0259 Tutumu: 3 Tangensial 30 sm, 3 Langstroth 24 sm, 12 Super \u00c7\u0259r\u00e7iv\u0259 16 sm<br \/>\nKran: Nerjaveka, A\u015fa\u011f\u0131ya qura\u015fd\u0131r\u0131lm\u0131\u015fd\u0131r<br \/>\nQapaq: pleksiglas<br \/>\nAyaqlar: Nerjaveka Ayaqlar<br \/>\nDig\u0259r: Qapa\u011f\u0131n T\u0259hl\u00fck\u0259sizlik A\u00e7ar\u0131<br \/>\n\u00c7\u0259ki: 28g<br \/>\nPaket \u00d6l\u00e7\u00fcl\u0259ri: 61x61x85g<br \/>\nZ\u0259man\u0259t: 2 il<\/p>","protected":false},"excerpt":{"rendered":"<p>M\u0259hsul kodu BA553-12-M-304 Seriya: Luxury Model \u0130\u015f rejimi: AC Motor, 180W, 220V N\u0259zar\u0259t: Yar\u0131 Avtomatik \u00d6l\u00e7\u00fcl\u0259r: 52.5 sm \u015e\u00fc\u015f\u0259 H\u00fcnd\u00fcrl\u00fcy\u00fc: 62,5 sm Korpus material\u0131: AISI 304 Nerjaveka Korpus Material\u0131 Qal\u0131nl\u0131\u011f\u0131: 0.60 mm S\u0259b\u0259tin n\u00f6v\u00fc: tangensial, radial S\u0259b\u0259t: AISI 304 Nerjaveka \u00c7\u0259r\u00e7iv\u0259 Tutumu: 3 Tangensial 30 sm, 3 Langstroth 24 sm, 12 Super \u00c7\u0259r\u00e7iv\u0259 16 sm [&hellip;]<\/p>","protected":false},"featured_media":1136,"comment_status":"closed","ping_status":"closed","template":"","meta":[],"product_brand":[],"product_cat":[62,71,60],"product_tag":[],"class_list":{"0":"post-1135","1":"product","2":"type-product","3":"status-publish","4":"has-post-thumbnail","6":"product_cat-ari","7":"product_cat-ariciliq-avadanliqlari","8":"product_cat-ariciliq-avadanliqlari-ve-yemleri","10":"first","11":"instock","12":"shipping-taxable","13":"product-type-simple"},"_links":{"self":[{"href":"https:\/\/ucalvet.com\/en\/wp-json\/wp\/v2\/product\/1135","targetHints":{"allow":["GET"]}}],"collection":[{"href":"https:\/\/ucalvet.com\/en\/wp-json\/wp\/v2\/product"}],"about":[{"href":"https:\/\/ucalvet.com\/en\/wp-json\/wp\/v2\/types\/product"}],"replies":[{"embeddable":true,"href":"https:\/\/ucalvet.com\/en\/wp-json\/wp\/v2\/comments?post=1135"}],"wp:featuredmedia":[{"embeddable":true,"href":"https:\/\/ucalvet.com\/en\/wp-json\/wp\/v2\/media\/1136"}],"wp:attachment":[{"href":"https:\/\/ucalvet.com\/en\/wp-json\/wp\/v2\/media?parent=1135"}],"wp:term":[{"taxonomy":"product_brand","embeddable":true,"href":"https:\/\/ucalvet.com\/en\/wp-json\/wp\/v2\/product_brand?post=1135"},{"taxonomy":"product_cat","embeddable":true,"href":"https:\/\/ucalvet.com\/en\/wp-json\/wp\/v2\/product_cat?post=1135"},{"taxonomy":"product_tag","embeddable":true,"href":"https:\/\/ucalvet.com\/en\/wp-json\/wp\/v2\/product_tag?post=1135"}],"curies":[{"name":"wp","href":"https:\/\/api.w.org\/{rel}","templated":true}]}}