{"id":1141,"date":"2025-12-11T14:25:33","date_gmt":"2025-12-11T18:25:33","guid":{"rendered":"https:\/\/ucalvet.com\/?post_type=product&#038;p=1141"},"modified":"2025-12-11T14:25:36","modified_gmt":"2025-12-11T18:25:36","slug":"paslanmaz-koruk","status":"publish","type":"product","link":"https:\/\/ucalvet.com\/en\/product\/paslanmaz-koruk\/","title":{"rendered":"Paslanmaz K\u00f6r\u00fck"},"content":{"rendered":"<pre id=\"tw-target-text\" class=\"tw-data-text tw-text-large tw-ta\" dir=\"ltr\" tabindex=\"-1\" role=\"text\" data-placeholder=\"Translation\" data-ved=\"2ahUKEwiFmfrJg7aRAxWBCBAIHRjiIX0Q3ewLegQIDBAW\" aria-label=\"Translated text: Kodlu Sinkl\u0259nmi\u015f Ar\u0131\u00e7\u0131l\u0131q Siqaret \u00e7\u0259k\u0259n Vedr\u0259 il\u0259 sinkl\u0259nmi\u015f ar\u0131\u00e7\u0131l\u0131q siqaret \u00e7\u0259k\u0259n Stok kodu: BA517 Kateqoriyalar: Ar\u0131\u00e7\u0131l\u0131q Siqaret \u00e7\u0259k\u0259n\"><span class=\"Y2IQFc\" lang=\"az\">Stok kodu: BA517\r\n<\/span>\u0130stehsal\u00e7\u0131: Benka Ar\u0131\u00e7\u0131l\u0131q<\/pre>","protected":false},"excerpt":{"rendered":"<p>Stok kodu: BA517 \u0130stehsal\u00e7\u0131: Benka Ar\u0131\u00e7\u0131l\u0131q<\/p>","protected":false},"featured_media":1142,"comment_status":"closed","ping_status":"closed","template":"","meta":[],"product_brand":[],"product_cat":[74],"product_tag":[],"class_list":{"0":"post-1141","1":"product","2":"type-product","3":"status-publish","4":"has-post-thumbnail","6":"product_cat-diger","8":"first","9":"instock","10":"shipping-taxable","11":"product-type-simple"},"_links":{"self":[{"href":"https:\/\/ucalvet.com\/en\/wp-json\/wp\/v2\/product\/1141","targetHints":{"allow":["GET"]}}],"collection":[{"href":"https:\/\/ucalvet.com\/en\/wp-json\/wp\/v2\/product"}],"about":[{"href":"https:\/\/ucalvet.com\/en\/wp-json\/wp\/v2\/types\/product"}],"replies":[{"embeddable":true,"href":"https:\/\/ucalvet.com\/en\/wp-json\/wp\/v2\/comments?post=1141"}],"wp:featuredmedia":[{"embeddable":true,"href":"https:\/\/ucalvet.com\/en\/wp-json\/wp\/v2\/media\/1142"}],"wp:attachment":[{"href":"https:\/\/ucalvet.com\/en\/wp-json\/wp\/v2\/media?parent=1141"}],"wp:term":[{"taxonomy":"product_brand","embeddable":true,"href":"https:\/\/ucalvet.com\/en\/wp-json\/wp\/v2\/product_brand?post=1141"},{"taxonomy":"product_cat","embeddable":true,"href":"https:\/\/ucalvet.com\/en\/wp-json\/wp\/v2\/product_cat?post=1141"},{"taxonomy":"product_tag","embeddable":true,"href":"https:\/\/ucalvet.com\/en\/wp-json\/wp\/v2\/product_tag?post=1141"}],"curies":[{"name":"wp","href":"https:\/\/api.w.org\/{rel}","templated":true}]}}