{"id":1144,"date":"2025-12-11T15:05:20","date_gmt":"2025-12-11T19:05:20","guid":{"rendered":"https:\/\/ucalvet.com\/?post_type=product&#038;p=1144"},"modified":"2025-12-11T15:05:20","modified_gmt":"2025-12-11T19:05:20","slug":"noselove","status":"publish","type":"product","link":"https:\/\/ucalvet.com\/en\/product\/noselove\/","title":{"rendered":"NOSELOVE"},"content":{"rendered":"<p><strong>&#8220;NOSELOVE\u201d\u00a0 Ar\u0131lar \u00fc\u00e7\u00fcn aromatik maye premiks<\/strong><\/p>\n<p><strong>Bu bir d\u0259rman deyil yem premiksidir. Balda qal\u0131nt\u0131 buraxm\u0131r.<\/strong><\/p>\n<p><strong>T\u018fRK\u0130B\u0130: <\/strong>\u00a0Minerallar v\u0259 t\u0259bbi ekstrak.<\/p>\n<p><strong>\u0130ST\u0130FAD\u018f M\u018fQS\u018fD\u0130: <\/strong>Ar\u0131lar\u0131n immunitetini g\u00fccl\u0259ndirir, m\u00fcqavim\u0259t verir. H\u0259zm sistemini t\u0259nziml\u0259m\u0259kd\u0259 t\u0259sirlidir. Ar\u0131lar\u0131n ba\u011f\u0131rsaq floras\u0131n\u0131 t\u0259nziml\u0259m\u0259k v\u0259 t\u0259mizl\u0259m\u0259kd\u0259 t\u0259sirli olur. Ar\u0131n\u0131n i\u015ftah\u0131n\u0131 art\u0131r\u0131r, yemd\u0259n istifad\u0259sin\u0259 m\u00fcsb\u0259t t\u0259sir edir.\u00a0 Ana ar\u0131n\u0131n yumurta qoymas\u0131na m\u00fcsb\u0259t t\u0259sir edir. &#8220;Ar\u0131n\u0131n m\u0259hsuldarl\u0131\u011f\u0131n\u0131 art\u0131r\u0131r.<\/p>\n<p>&nbsp;<\/p>\n<p><strong>\u0130ST\u0130FAD\u018f QAYDASI:<\/strong> H\u0259r qidalanma zaman\u0131 1 kq ar\u0131 yemin\u0259 v\u0259 ya 1 litr \u015f\u0259rb\u0259t\u0259 5 ml <strong>NOSELOVE<\/strong> \u0259lav\u0259 edin. \u018fn yax\u015f\u0131 t\u0259sir \u00fc\u00e7\u00fcn: 1 litr suda 10 ml NOSELOVE qar\u0131\u015fd\u0131r\u0131n v\u0259 \u00e7\u0259r\u00e7iv\u0259l\u0259rin, p\u0259t\u0259k divarlar\u0131n\u0131n, ar\u0131lar\u0131n v\u0259 \u0259l al\u0259tl\u0259rinin h\u0259r iki t\u0259r\u0259fin\u0259 sprey edin. H\u0259r 3 g\u00fcnd\u0259 \u0259n az\u0131 6-7 d\u0259f\u0259 t\u0259krarlay\u0131n.<\/p>\n<p><strong>SAXLAMA \u015e\u018fRTL\u018fR\u0130:<\/strong> \u0130\u015f\u0131qdan v\u0259 n\u0259md\u0259n uzaq s\u0259rin, quru yerd\u0259 saxlay\u0131n.<\/p>\n<p><strong>YARARLIQ M\u00dcDD\u018fT\u0130:<\/strong> 3 il<\/p>\n<p><strong>M\u018fHSUL T\u018fHL\u00dcK\u018fS\u0130ZL\u0130K M\u018fLUMATI<\/strong>: Ar\u0131larda m\u0259lum yan t\u0259sirl\u0259r yoxdur. Kaunor siropu qar\u0131\u015fd\u0131rmay\u0131n.<\/p>","protected":false},"excerpt":{"rendered":"<p>&#8220;NOSELOVE\u201d\u00a0 Ar\u0131lar \u00fc\u00e7\u00fcn aromatik maye premiks Bu bir d\u0259rman deyil yem premiksidir. Balda qal\u0131nt\u0131 buraxm\u0131r. T\u018fRK\u0130B\u0130: \u00a0Minerallar v\u0259 t\u0259bbi ekstrak. \u0130ST\u0130FAD\u018f M\u018fQS\u018fD\u0130: Ar\u0131lar\u0131n immunitetini g\u00fccl\u0259ndirir, m\u00fcqavim\u0259t verir. H\u0259zm sistemini t\u0259nziml\u0259m\u0259kd\u0259 t\u0259sirlidir. Ar\u0131lar\u0131n ba\u011f\u0131rsaq floras\u0131n\u0131 t\u0259nziml\u0259m\u0259k v\u0259 t\u0259mizl\u0259m\u0259kd\u0259 t\u0259sirli olur. Ar\u0131n\u0131n i\u015ftah\u0131n\u0131 art\u0131r\u0131r, yemd\u0259n istifad\u0259sin\u0259 m\u00fcsb\u0259t t\u0259sir edir.\u00a0 Ana ar\u0131n\u0131n yumurta qoymas\u0131na m\u00fcsb\u0259t t\u0259sir edir. &#8220;Ar\u0131n\u0131n [&hellip;]<\/p>","protected":false},"featured_media":1145,"comment_status":"closed","ping_status":"closed","template":"","meta":[],"product_brand":[],"product_cat":[62],"product_tag":[],"class_list":{"0":"post-1144","1":"product","2":"type-product","3":"status-publish","4":"has-post-thumbnail","6":"product_cat-ari","8":"first","9":"instock","10":"shipping-taxable","11":"product-type-simple"},"_links":{"self":[{"href":"https:\/\/ucalvet.com\/en\/wp-json\/wp\/v2\/product\/1144","targetHints":{"allow":["GET"]}}],"collection":[{"href":"https:\/\/ucalvet.com\/en\/wp-json\/wp\/v2\/product"}],"about":[{"href":"https:\/\/ucalvet.com\/en\/wp-json\/wp\/v2\/types\/product"}],"replies":[{"embeddable":true,"href":"https:\/\/ucalvet.com\/en\/wp-json\/wp\/v2\/comments?post=1144"}],"wp:featuredmedia":[{"embeddable":true,"href":"https:\/\/ucalvet.com\/en\/wp-json\/wp\/v2\/media\/1145"}],"wp:attachment":[{"href":"https:\/\/ucalvet.com\/en\/wp-json\/wp\/v2\/media?parent=1144"}],"wp:term":[{"taxonomy":"product_brand","embeddable":true,"href":"https:\/\/ucalvet.com\/en\/wp-json\/wp\/v2\/product_brand?post=1144"},{"taxonomy":"product_cat","embeddable":true,"href":"https:\/\/ucalvet.com\/en\/wp-json\/wp\/v2\/product_cat?post=1144"},{"taxonomy":"product_tag","embeddable":true,"href":"https:\/\/ucalvet.com\/en\/wp-json\/wp\/v2\/product_tag?post=1144"}],"curies":[{"name":"wp","href":"https:\/\/api.w.org\/{rel}","templated":true}]}}