{"id":1148,"date":"2025-12-13T03:05:09","date_gmt":"2025-12-13T07:05:09","guid":{"rendered":"https:\/\/ucalvet.com\/?post_type=product&#038;p=1148"},"modified":"2025-12-13T03:05:09","modified_gmt":"2025-12-13T07:05:09","slug":"10-c%c9%99rciv%c9%99li-sam-%c9%99ritm%c9%99-qazani-buxar-sistemli","status":"publish","type":"product","link":"https:\/\/ucalvet.com\/en\/product\/10-c%c9%99rciv%c9%99li-sam-%c9%99ritm%c9%99-qazani-buxar-sistemli\/","title":{"rendered":"10 \u00c7\u0259r\u00e7iv\u0259li \u015eam \u018fritm\u0259 Qazan\u0131 \u2013 Buxar Sistemli"},"content":{"rendered":"<pre id=\"tw-target-text\" class=\"tw-data-text tw-text-large tw-ta\" dir=\"ltr\" tabindex=\"-1\" role=\"text\" data-placeholder=\"Translation\" data-ved=\"2ahUKEwjlofyR_bmRAxUsHhAIHdLOKhkQ3ewLegQIDxAW\" aria-label=\"Translated text: 10 \u00c7\u0259r\u00e7iv\u0259li \u015eam \u018frim\u0259 Qazan\u0131 \u2013 Buxar Sistemi \u2013 \u0130zolyasiyas\u0131z \u2013 Alt Yan\u011f\u0131nM\u0259hsul kodu BA652M\u0259hsulun Ad\u0131 10 \u00c7\u0259r\u00e7iv\u0259li \u015eam \u018frim\u0259 Qazan\u0131 \u0130zolyasiyas\u0131zStandart Model seriyas\u0131\u018fm\u0259liyyat n\u00f6v\u00fc Alt yan\u011f\u0131nElektrik komponentl\u0259ri -B\u0259d\u0259n \u00d6l\u00e7\u00fcl\u0259ri 45x52x52 smKorpus Paslanmayan PoladB\u0259d\u0259n qal\u0131nl\u0131\u011f\u0131 1 mmDaxili komponentl\u0259r AISI 304 Paslanmayan Polad \u0259l\u0259kG\u00fcc\u00fc 10 watt 30 smTap Su bo\u015faltma kran\u0131 v\u0259 su doldurma giri\u015fiQapaq Paslanmayan Polad QapaqAyaqlar -Dig\u0259r Buxar sistemi\u00c7\u0259ki 20 qPaket \u00d6l\u00e7\u00fcl\u0259ri 55x55x55gZ\u0259man\u0259t 2 \u0130l\"><span class=\"Y2IQFc\" lang=\"az\">\r\nM\u0259hsul kodu: BA652\r\nStandart Model \r\n\u0130\u015fl\u0259m\u0259 prinsipi alt hiss\u0259sind\u0259n q\u0131z\u0131r\u0131lma \u0259sas\u0131nda h\u0259yata ke\u00e7irilir\r\n\u018fm\u0259liyyat n\u00f6v\u00fc Al\r\nB\u0259d\u0259n \u00d6l\u00e7\u00fcl\u0259ri 45x52x52 sm\r\nKorpus Nerjaveka\r\nB\u0259d\u0259n qal\u0131nl\u0131\u011f\u0131 1 mm\r\nDaxili komponentl\u0259r AISI 304 Nerjaveka \u0259l\u0259k\r\nG\u00fcc\u00fc 10 watt 30 sm\r\nTap Su bo\u015faltma kran\u0131 v\u0259 su doldurma giri\u015fi\r\nQapaq Nerjaveka\r\nDig\u0259r Buxar sistemi\r\n\u00c7\u0259ki 20 q\r\nPaket \u00d6l\u00e7\u00fcl\u0259ri 55x55x55g\r\nZ\u0259man\u0259t 2 \u0130l<\/span><\/pre>","protected":false},"excerpt":{"rendered":"<p>M\u0259hsul kodu: BA652 Standart Model \u0130\u015fl\u0259m\u0259 prinsipi alt hiss\u0259sind\u0259n q\u0131z\u0131r\u0131lma \u0259sas\u0131nda h\u0259yata ke\u00e7irilir \u018fm\u0259liyyat n\u00f6v\u00fc Al B\u0259d\u0259n \u00d6l\u00e7\u00fcl\u0259ri 45x52x52 sm Korpus Nerjaveka B\u0259d\u0259n qal\u0131nl\u0131\u011f\u0131 1 mm Daxili komponentl\u0259r AISI 304 Nerjaveka \u0259l\u0259k G\u00fcc\u00fc 10 watt 30 sm Tap Su bo\u015faltma kran\u0131 v\u0259 su doldurma giri\u015fi Qapaq Nerjaveka Dig\u0259r Buxar sistemi \u00c7\u0259ki 20 q Paket \u00d6l\u00e7\u00fcl\u0259ri [&hellip;]<\/p>","protected":false},"featured_media":1149,"comment_status":"closed","ping_status":"closed","template":"","meta":[],"product_brand":[],"product_cat":[62,71,60,74],"product_tag":[],"class_list":{"0":"post-1148","1":"product","2":"type-product","3":"status-publish","4":"has-post-thumbnail","6":"product_cat-ari","7":"product_cat-ariciliq-avadanliqlari","8":"product_cat-ariciliq-avadanliqlari-ve-yemleri","9":"product_cat-diger","11":"first","12":"instock","13":"shipping-taxable","14":"product-type-simple"},"_links":{"self":[{"href":"https:\/\/ucalvet.com\/en\/wp-json\/wp\/v2\/product\/1148","targetHints":{"allow":["GET"]}}],"collection":[{"href":"https:\/\/ucalvet.com\/en\/wp-json\/wp\/v2\/product"}],"about":[{"href":"https:\/\/ucalvet.com\/en\/wp-json\/wp\/v2\/types\/product"}],"replies":[{"embeddable":true,"href":"https:\/\/ucalvet.com\/en\/wp-json\/wp\/v2\/comments?post=1148"}],"wp:featuredmedia":[{"embeddable":true,"href":"https:\/\/ucalvet.com\/en\/wp-json\/wp\/v2\/media\/1149"}],"wp:attachment":[{"href":"https:\/\/ucalvet.com\/en\/wp-json\/wp\/v2\/media?parent=1148"}],"wp:term":[{"taxonomy":"product_brand","embeddable":true,"href":"https:\/\/ucalvet.com\/en\/wp-json\/wp\/v2\/product_brand?post=1148"},{"taxonomy":"product_cat","embeddable":true,"href":"https:\/\/ucalvet.com\/en\/wp-json\/wp\/v2\/product_cat?post=1148"},{"taxonomy":"product_tag","embeddable":true,"href":"https:\/\/ucalvet.com\/en\/wp-json\/wp\/v2\/product_tag?post=1148"}],"curies":[{"name":"wp","href":"https:\/\/api.w.org\/{rel}","templated":true}]}}