{"id":1150,"date":"2025-12-13T03:12:19","date_gmt":"2025-12-13T07:12:19","guid":{"rendered":"https:\/\/ucalvet.com\/?post_type=product&#038;p=1150"},"modified":"2025-12-13T03:12:19","modified_gmt":"2025-12-13T07:12:19","slug":"200-kq-mum-sixma-presi-muh%c9%99rrikli","status":"publish","type":"product","link":"https:\/\/ucalvet.com\/en\/product\/200-kq-mum-sixma-presi-muh%c9%99rrikli\/","title":{"rendered":"200 kq Mum S\u0131xma Presi, M\u00fch\u0259rrikli"},"content":{"rendered":"<p>M\u0259hsul Kodu: BA651<br \/>\nM\u0259hsulun Ad\u0131: 200 kq Mum S\u0131xma Presi, M\u00fch\u0259rrikli<br \/>\nSeriya: L\u00fcks Model<br \/>\n\u0130\u015fl\u0259m\u0259 Qaydas\u0131: Yar\u0131 avtomatik, s\u00fcr\u0259t t\u0259nziml\u0259n\u0259n<br \/>\nElektrik Sistemi: AC m\u00fch\u0259rrik, 550W, 220V<br \/>\nKorpus \u00d6l\u00e7\u00fcl\u0259ri: 105x41x68 sm<br \/>\nKorpus: AISI 304 paslanmayan polad<br \/>\nKorpus Qal\u0131nl\u0131\u011f\u0131: 1 mm<br \/>\nDaxili Mexanizm: Kestamid helikon<br \/>\nQabla\u015fd\u0131rma G\u00fcc\u00fc: 200 kq\/saat<br \/>\nMusluk: K\u00fcr\u0259vi vana<br \/>\nQapaq: \u2013<br \/>\nAyaqlar: T\u0259k\u0259rli<br \/>\nDig\u0259r: T\u0259k\u0259rli<br \/>\n\u00c7\u0259kisi: 100 kq<br \/>\nQabla\u015fd\u0131rma \u00d6l\u00e7\u00fcl\u0259ri: 80x140x120 sm<br \/>\nZ\u0259man\u0259t: 2 il<\/p>","protected":false},"excerpt":{"rendered":"<p>M\u0259hsul Kodu: BA651 M\u0259hsulun Ad\u0131: 200 kq Mum S\u0131xma Presi, M\u00fch\u0259rrikli Seriya: L\u00fcks Model \u0130\u015fl\u0259m\u0259 Qaydas\u0131: Yar\u0131 avtomatik, s\u00fcr\u0259t t\u0259nziml\u0259n\u0259n Elektrik Sistemi: AC m\u00fch\u0259rrik, 550W, 220V Korpus \u00d6l\u00e7\u00fcl\u0259ri: 105x41x68 sm Korpus: AISI 304 paslanmayan polad Korpus Qal\u0131nl\u0131\u011f\u0131: 1 mm Daxili Mexanizm: Kestamid helikon Qabla\u015fd\u0131rma G\u00fcc\u00fc: 200 kq\/saat Musluk: K\u00fcr\u0259vi vana Qapaq: \u2013 Ayaqlar: T\u0259k\u0259rli Dig\u0259r: [&hellip;]<\/p>","protected":false},"featured_media":1151,"comment_status":"closed","ping_status":"closed","template":"","meta":[],"product_brand":[],"product_cat":[74],"product_tag":[],"class_list":{"0":"post-1150","1":"product","2":"type-product","3":"status-publish","4":"has-post-thumbnail","6":"product_cat-diger","8":"first","9":"instock","10":"shipping-taxable","11":"product-type-simple"},"_links":{"self":[{"href":"https:\/\/ucalvet.com\/en\/wp-json\/wp\/v2\/product\/1150","targetHints":{"allow":["GET"]}}],"collection":[{"href":"https:\/\/ucalvet.com\/en\/wp-json\/wp\/v2\/product"}],"about":[{"href":"https:\/\/ucalvet.com\/en\/wp-json\/wp\/v2\/types\/product"}],"replies":[{"embeddable":true,"href":"https:\/\/ucalvet.com\/en\/wp-json\/wp\/v2\/comments?post=1150"}],"wp:featuredmedia":[{"embeddable":true,"href":"https:\/\/ucalvet.com\/en\/wp-json\/wp\/v2\/media\/1151"}],"wp:attachment":[{"href":"https:\/\/ucalvet.com\/en\/wp-json\/wp\/v2\/media?parent=1150"}],"wp:term":[{"taxonomy":"product_brand","embeddable":true,"href":"https:\/\/ucalvet.com\/en\/wp-json\/wp\/v2\/product_brand?post=1150"},{"taxonomy":"product_cat","embeddable":true,"href":"https:\/\/ucalvet.com\/en\/wp-json\/wp\/v2\/product_cat?post=1150"},{"taxonomy":"product_tag","embeddable":true,"href":"https:\/\/ucalvet.com\/en\/wp-json\/wp\/v2\/product_tag?post=1150"}],"curies":[{"name":"wp","href":"https:\/\/api.w.org\/{rel}","templated":true}]}}