{"id":1153,"date":"2025-12-13T03:14:30","date_gmt":"2025-12-13T07:14:30","guid":{"rendered":"https:\/\/ucalvet.com\/?post_type=product&#038;p=1153"},"modified":"2025-12-13T03:14:30","modified_gmt":"2025-12-13T07:14:30","slug":"elektrikli-fanli-mum-%c9%99ritm%c9%99-qurgusu-24-c%c9%99rciv%c9%99lik","status":"publish","type":"product","link":"https:\/\/ucalvet.com\/en\/product\/elektrikli-fanli-mum-%c9%99ritm%c9%99-qurgusu-24-c%c9%99rciv%c9%99lik\/","title":{"rendered":"Elektrikli Fanl\u0131 Mum \u018fritm\u0259 Qur\u011fusu, 24 \u00e7\u0259r\u00e7iv\u0259lik"},"content":{"rendered":"<p>M\u0259hsul Kodu: BA659<br \/>\nM\u0259hsulun Ad\u0131: Elektrikli Fanl\u0131 Mum \u018fritm\u0259 Qur\u011fusu, 24 \u00e7\u0259r\u00e7iv\u0259lik<br \/>\nSeriya: L\u00fcks Model<br \/>\n\u0130\u015fl\u0259m\u0259 Qaydas\u0131: Rezistor v\u0259 fanla<br \/>\nElektrik Sistemi: \u2013<br \/>\nKorpus \u00d6l\u00e7\u00fcl\u0259ri: 52\u00d7123 sm<br \/>\nKorpus: AISI 304 paslanmayan polad<br \/>\nKorpus Qal\u0131nl\u0131\u011f\u0131: 1,20 mm<br \/>\nDaxili Mexanizm: AISI 304 paslanmayan \u0259l\u0259k<br \/>\nTutumu: 18 Superframe (16 sm), 24 Miniplus (13 sm)<br \/>\nMusluk: Paslanmayan musluk<br \/>\nQapaq: Paslanmayan qapaq<br \/>\nAyaqlar: Paslanmayan ayaqlar<br \/>\nDig\u0259r: Kilidli qapaq<br \/>\n\u00c7\u0259kisi: 36 kq<br \/>\nQabla\u015fd\u0131rma \u00d6l\u00e7\u00fcl\u0259ri: 61\u00d761\u00d7102 sm<br \/>\nZ\u0259man\u0259t: 2 il<\/p>","protected":false},"excerpt":{"rendered":"<p>M\u0259hsul Kodu: BA659 M\u0259hsulun Ad\u0131: Elektrikli Fanl\u0131 Mum \u018fritm\u0259 Qur\u011fusu, 24 \u00e7\u0259r\u00e7iv\u0259lik Seriya: L\u00fcks Model \u0130\u015fl\u0259m\u0259 Qaydas\u0131: Rezistor v\u0259 fanla Elektrik Sistemi: \u2013 Korpus \u00d6l\u00e7\u00fcl\u0259ri: 52\u00d7123 sm Korpus: AISI 304 paslanmayan polad Korpus Qal\u0131nl\u0131\u011f\u0131: 1,20 mm Daxili Mexanizm: AISI 304 paslanmayan \u0259l\u0259k Tutumu: 18 Superframe (16 sm), 24 Miniplus (13 sm) Musluk: Paslanmayan musluk Qapaq: [&hellip;]<\/p>","protected":false},"featured_media":1154,"comment_status":"closed","ping_status":"closed","template":"","meta":[],"product_brand":[],"product_cat":[74],"product_tag":[],"class_list":{"0":"post-1153","1":"product","2":"type-product","3":"status-publish","4":"has-post-thumbnail","6":"product_cat-diger","8":"first","9":"instock","10":"shipping-taxable","11":"product-type-simple"},"_links":{"self":[{"href":"https:\/\/ucalvet.com\/en\/wp-json\/wp\/v2\/product\/1153","targetHints":{"allow":["GET"]}}],"collection":[{"href":"https:\/\/ucalvet.com\/en\/wp-json\/wp\/v2\/product"}],"about":[{"href":"https:\/\/ucalvet.com\/en\/wp-json\/wp\/v2\/types\/product"}],"replies":[{"embeddable":true,"href":"https:\/\/ucalvet.com\/en\/wp-json\/wp\/v2\/comments?post=1153"}],"wp:featuredmedia":[{"embeddable":true,"href":"https:\/\/ucalvet.com\/en\/wp-json\/wp\/v2\/media\/1154"}],"wp:attachment":[{"href":"https:\/\/ucalvet.com\/en\/wp-json\/wp\/v2\/media?parent=1153"}],"wp:term":[{"taxonomy":"product_brand","embeddable":true,"href":"https:\/\/ucalvet.com\/en\/wp-json\/wp\/v2\/product_brand?post=1153"},{"taxonomy":"product_cat","embeddable":true,"href":"https:\/\/ucalvet.com\/en\/wp-json\/wp\/v2\/product_cat?post=1153"},{"taxonomy":"product_tag","embeddable":true,"href":"https:\/\/ucalvet.com\/en\/wp-json\/wp\/v2\/product_tag?post=1153"}],"curies":[{"name":"wp","href":"https:\/\/api.w.org\/{rel}","templated":true}]}}