{"id":1157,"date":"2025-12-13T03:28:05","date_gmt":"2025-12-13T07:28:05","guid":{"rendered":"https:\/\/ucalvet.com\/?post_type=product&#038;p=1157"},"modified":"2025-12-13T03:28:05","modified_gmt":"2025-12-13T07:28:05","slug":"50-kq-mum-sixma-presi-muh%c9%99rrikli","status":"publish","type":"product","link":"https:\/\/ucalvet.com\/en\/product\/50-kq-mum-sixma-presi-muh%c9%99rrikli\/","title":{"rendered":"50 kq Mum S\u0131xma Presi, M\u00fch\u0259rrikli"},"content":{"rendered":"<p>M\u0259hsul Kodu: BA650<br \/>\nM\u0259hsulun Ad\u0131: 50 kq Mum S\u0131xma Presi, M\u00fch\u0259rrikli<br \/>\nSeriya: L\u00fcks Model<br \/>\n\u0130\u015fl\u0259m\u0259 Qaydas\u0131: Yar\u0131 avtomatik, s\u00fcr\u0259t t\u0259nziml\u0259n\u0259n<br \/>\nElektrik Sistemi: AC m\u00fch\u0259rrik, 550W, 220V<br \/>\nKorpus \u00d6l\u00e7\u00fcl\u0259ri: 90\u00d740\u00d759 sm<br \/>\nKorpus: AISI 304 Nerjaveka<br \/>\nKorpus Qal\u0131nl\u0131\u011f\u0131: 1 mm<br \/>\nDaxili Mexanizm: Kestamid helikon<br \/>\nTutumu: 50 kq\/saat<br \/>\nMusluk: K\u00fcr\u0259vi vana<br \/>\nAyaqlar: Elektrostatik boyal\u0131 ayaqlar<br \/>\nDig\u0259r: T\u0259k\u0259rli<br \/>\n\u00c7\u0259kisi: 62,5 kq<br \/>\nQabla\u015fd\u0131rma \u00d6l\u00e7\u00fcl\u0259ri: 60\u00d7120\u00d7100 sm<br \/>\nZ\u0259man\u0259t: 2 il<\/p>","protected":false},"excerpt":{"rendered":"<p>M\u0259hsul Kodu: BA650 M\u0259hsulun Ad\u0131: 50 kq Mum S\u0131xma Presi, M\u00fch\u0259rrikli Seriya: L\u00fcks Model \u0130\u015fl\u0259m\u0259 Qaydas\u0131: Yar\u0131 avtomatik, s\u00fcr\u0259t t\u0259nziml\u0259n\u0259n Elektrik Sistemi: AC m\u00fch\u0259rrik, 550W, 220V Korpus \u00d6l\u00e7\u00fcl\u0259ri: 90\u00d740\u00d759 sm Korpus: AISI 304 Nerjaveka Korpus Qal\u0131nl\u0131\u011f\u0131: 1 mm Daxili Mexanizm: Kestamid helikon Tutumu: 50 kq\/saat Musluk: K\u00fcr\u0259vi vana Ayaqlar: Elektrostatik boyal\u0131 ayaqlar Dig\u0259r: T\u0259k\u0259rli \u00c7\u0259kisi: [&hellip;]<\/p>","protected":false},"featured_media":1158,"comment_status":"closed","ping_status":"closed","template":"","meta":[],"product_brand":[],"product_cat":[62,71,60],"product_tag":[],"class_list":{"0":"post-1157","1":"product","2":"type-product","3":"status-publish","4":"has-post-thumbnail","6":"product_cat-ari","7":"product_cat-ariciliq-avadanliqlari","8":"product_cat-ariciliq-avadanliqlari-ve-yemleri","10":"first","11":"instock","12":"shipping-taxable","13":"product-type-simple"},"_links":{"self":[{"href":"https:\/\/ucalvet.com\/en\/wp-json\/wp\/v2\/product\/1157","targetHints":{"allow":["GET"]}}],"collection":[{"href":"https:\/\/ucalvet.com\/en\/wp-json\/wp\/v2\/product"}],"about":[{"href":"https:\/\/ucalvet.com\/en\/wp-json\/wp\/v2\/types\/product"}],"replies":[{"embeddable":true,"href":"https:\/\/ucalvet.com\/en\/wp-json\/wp\/v2\/comments?post=1157"}],"wp:featuredmedia":[{"embeddable":true,"href":"https:\/\/ucalvet.com\/en\/wp-json\/wp\/v2\/media\/1158"}],"wp:attachment":[{"href":"https:\/\/ucalvet.com\/en\/wp-json\/wp\/v2\/media?parent=1157"}],"wp:term":[{"taxonomy":"product_brand","embeddable":true,"href":"https:\/\/ucalvet.com\/en\/wp-json\/wp\/v2\/product_brand?post=1157"},{"taxonomy":"product_cat","embeddable":true,"href":"https:\/\/ucalvet.com\/en\/wp-json\/wp\/v2\/product_cat?post=1157"},{"taxonomy":"product_tag","embeddable":true,"href":"https:\/\/ucalvet.com\/en\/wp-json\/wp\/v2\/product_tag?post=1157"}],"curies":[{"name":"wp","href":"https:\/\/api.w.org\/{rel}","templated":true}]}}