{"id":1161,"date":"2025-12-13T03:41:15","date_gmt":"2025-12-13T07:41:15","guid":{"rendered":"https:\/\/ucalvet.com\/?post_type=product&#038;p=1161"},"modified":"2025-12-13T03:41:15","modified_gmt":"2025-12-13T07:41:15","slug":"c%c9%99rciv%c9%99-yuyulma-sistemi-mum-t%c9%99mizl%c9%99m%c9%99-c%c9%99ni","status":"publish","type":"product","link":"https:\/\/ucalvet.com\/en\/product\/c%c9%99rciv%c9%99-yuyulma-sistemi-mum-t%c9%99mizl%c9%99m%c9%99-c%c9%99ni\/","title":{"rendered":"\u00c7\u0259r\u00e7iv\u0259 Yuyulma Sistemi \u2013 Mum T\u0259mizl\u0259m\u0259 \u00c7\u0259ni"},"content":{"rendered":"<p>M\u0259hsul Kodu: BA662-220<br \/>\nM\u0259hsulun Ad\u0131: \u00c7\u0259r\u00e7iv\u0259 Yuyulma Sistemi \u2013 Mum T\u0259mizl\u0259m\u0259 \u00c7\u0259ni<br \/>\nSeriya: L\u00fcks Model<br \/>\n\u0130\u015fl\u0259m\u0259 Qaydas\u0131: \u0130sti su d\u00f6vran\u0131<br \/>\nElektrik Sistemi: 220V \u2013 7 KW rezistor (2 \u0259d\u0259d)<br \/>\nKorpus: AISI 304 nerjaveka<br \/>\nKorpus Qal\u0131nl\u0131\u011f\u0131: 1 mm<br \/>\nDaxili Mexanizm: AISI 304 nerjaveka \u0259l\u0259k<br \/>\nBo\u015faltma Muslu\u011fu: 1 1\/2 d\u00fcym k\u00fcr\u0259vi vanna<br \/>\nAyaqlar: S\u00f6k\u00fcl\u0259 bil\u0259n nerjaveka ayaqlar<br \/>\nDig\u0259r: \u0130kinci su nasosu opsional olaraq sat\u0131l\u0131r<br \/>\n\u00c7\u0259kisi: 18,5 kq<br \/>\nQabla\u015fd\u0131rma \u00d6l\u00e7\u00fcl\u0259ri: 65\u00d775\u00d795 sm<br \/>\nZ\u0259man\u0259t: 2 il<\/p>","protected":false},"excerpt":{"rendered":"<p>M\u0259hsul Kodu: BA662-220 M\u0259hsulun Ad\u0131: \u00c7\u0259r\u00e7iv\u0259 Yuyulma Sistemi \u2013 Mum T\u0259mizl\u0259m\u0259 \u00c7\u0259ni Seriya: L\u00fcks Model \u0130\u015fl\u0259m\u0259 Qaydas\u0131: \u0130sti su d\u00f6vran\u0131 Elektrik Sistemi: 220V \u2013 7 KW rezistor (2 \u0259d\u0259d) Korpus: AISI 304 nerjaveka Korpus Qal\u0131nl\u0131\u011f\u0131: 1 mm Daxili Mexanizm: AISI 304 nerjaveka \u0259l\u0259k Bo\u015faltma Muslu\u011fu: 1 1\/2 d\u00fcym k\u00fcr\u0259vi vanna Ayaqlar: S\u00f6k\u00fcl\u0259 bil\u0259n nerjaveka ayaqlar [&hellip;]<\/p>","protected":false},"featured_media":1162,"comment_status":"closed","ping_status":"closed","template":"","meta":[],"product_brand":[],"product_cat":[62,71,60],"product_tag":[],"class_list":{"0":"post-1161","1":"product","2":"type-product","3":"status-publish","4":"has-post-thumbnail","6":"product_cat-ari","7":"product_cat-ariciliq-avadanliqlari","8":"product_cat-ariciliq-avadanliqlari-ve-yemleri","10":"first","11":"instock","12":"shipping-taxable","13":"product-type-simple"},"_links":{"self":[{"href":"https:\/\/ucalvet.com\/en\/wp-json\/wp\/v2\/product\/1161","targetHints":{"allow":["GET"]}}],"collection":[{"href":"https:\/\/ucalvet.com\/en\/wp-json\/wp\/v2\/product"}],"about":[{"href":"https:\/\/ucalvet.com\/en\/wp-json\/wp\/v2\/types\/product"}],"replies":[{"embeddable":true,"href":"https:\/\/ucalvet.com\/en\/wp-json\/wp\/v2\/comments?post=1161"}],"wp:featuredmedia":[{"embeddable":true,"href":"https:\/\/ucalvet.com\/en\/wp-json\/wp\/v2\/media\/1162"}],"wp:attachment":[{"href":"https:\/\/ucalvet.com\/en\/wp-json\/wp\/v2\/media?parent=1161"}],"wp:term":[{"taxonomy":"product_brand","embeddable":true,"href":"https:\/\/ucalvet.com\/en\/wp-json\/wp\/v2\/product_brand?post=1161"},{"taxonomy":"product_cat","embeddable":true,"href":"https:\/\/ucalvet.com\/en\/wp-json\/wp\/v2\/product_cat?post=1161"},{"taxonomy":"product_tag","embeddable":true,"href":"https:\/\/ucalvet.com\/en\/wp-json\/wp\/v2\/product_tag?post=1161"}],"curies":[{"name":"wp","href":"https:\/\/api.w.org\/{rel}","templated":true}]}}