{"id":1163,"date":"2025-12-13T03:44:55","date_gmt":"2025-12-13T07:44:55","guid":{"rendered":"https:\/\/ucalvet.com\/?post_type=product&#038;p=1163"},"modified":"2025-12-13T03:44:55","modified_gmt":"2025-12-13T07:44:55","slug":"gun%c9%99s-enerjili-mum-%c9%99ritm%c9%99-qurgusu","status":"publish","type":"product","link":"https:\/\/ucalvet.com\/en\/product\/gun%c9%99s-enerjili-mum-%c9%99ritm%c9%99-qurgusu\/","title":{"rendered":"G\u00fcn\u0259\u015f Enerjili Mum \u018fritm\u0259 Qur\u011fusu"},"content":{"rendered":"<p>M\u0259hsul Kodu: BA656<br \/>\nM\u0259hsulun Ad\u0131: G\u00fcn\u0259\u015f Enerjili Mum \u018fritm\u0259 Qur\u011fusu<br \/>\nSeriya: Standart Model<br \/>\n\u0130\u015fl\u0259m\u0259 Qaydas\u0131: G\u00fcn\u0259\u015f i\u015f\u0131\u011f\u0131 il\u0259<br \/>\nKorpus \u00d6l\u00e7\u00fcl\u0259ri: 98\u00d760\u00d724 sm<br \/>\nKorpus: Nerjaveka<br \/>\nKorpus Qal\u0131nl\u0131\u011f\u0131: 1 mm<br \/>\nDaxili Mexanizm: AISI 304 nerjaveka \u0259l\u0259k<br \/>\nTutumu: 5 kq mum<br \/>\nQapaq: Polikarbon qapaq<br \/>\nAyaqlar: Elektrostatik nerjaveka ayaqlar<br \/>\nDig\u0259r: \u0130stiqam\u0259ti t\u0259nziml\u0259n\u0259n ayaq<br \/>\n\u00c7\u0259kisi: 20 kq<br \/>\nQabla\u015fd\u0131rma \u00d6l\u00e7\u00fcl\u0259ri: 67\u00d793\u00d731 sm<br \/>\nZ\u0259man\u0259t: 2 il<\/p>","protected":false},"excerpt":{"rendered":"<p>M\u0259hsul Kodu: BA656 M\u0259hsulun Ad\u0131: G\u00fcn\u0259\u015f Enerjili Mum \u018fritm\u0259 Qur\u011fusu Seriya: Standart Model \u0130\u015fl\u0259m\u0259 Qaydas\u0131: G\u00fcn\u0259\u015f i\u015f\u0131\u011f\u0131 il\u0259 Korpus \u00d6l\u00e7\u00fcl\u0259ri: 98\u00d760\u00d724 sm Korpus: Nerjaveka Korpus Qal\u0131nl\u0131\u011f\u0131: 1 mm Daxili Mexanizm: AISI 304 nerjaveka \u0259l\u0259k Tutumu: 5 kq mum Qapaq: Polikarbon qapaq Ayaqlar: Elektrostatik nerjaveka ayaqlar Dig\u0259r: \u0130stiqam\u0259ti t\u0259nziml\u0259n\u0259n ayaq \u00c7\u0259kisi: 20 kq Qabla\u015fd\u0131rma \u00d6l\u00e7\u00fcl\u0259ri: 67\u00d793\u00d731 [&hellip;]<\/p>","protected":false},"featured_media":1164,"comment_status":"closed","ping_status":"closed","template":"","meta":[],"product_brand":[],"product_cat":[62,71,60],"product_tag":[],"class_list":{"0":"post-1163","1":"product","2":"type-product","3":"status-publish","4":"has-post-thumbnail","6":"product_cat-ari","7":"product_cat-ariciliq-avadanliqlari","8":"product_cat-ariciliq-avadanliqlari-ve-yemleri","10":"first","11":"instock","12":"shipping-taxable","13":"product-type-simple"},"_links":{"self":[{"href":"https:\/\/ucalvet.com\/en\/wp-json\/wp\/v2\/product\/1163","targetHints":{"allow":["GET"]}}],"collection":[{"href":"https:\/\/ucalvet.com\/en\/wp-json\/wp\/v2\/product"}],"about":[{"href":"https:\/\/ucalvet.com\/en\/wp-json\/wp\/v2\/types\/product"}],"replies":[{"embeddable":true,"href":"https:\/\/ucalvet.com\/en\/wp-json\/wp\/v2\/comments?post=1163"}],"wp:featuredmedia":[{"embeddable":true,"href":"https:\/\/ucalvet.com\/en\/wp-json\/wp\/v2\/media\/1164"}],"wp:attachment":[{"href":"https:\/\/ucalvet.com\/en\/wp-json\/wp\/v2\/media?parent=1163"}],"wp:term":[{"taxonomy":"product_brand","embeddable":true,"href":"https:\/\/ucalvet.com\/en\/wp-json\/wp\/v2\/product_brand?post=1163"},{"taxonomy":"product_cat","embeddable":true,"href":"https:\/\/ucalvet.com\/en\/wp-json\/wp\/v2\/product_cat?post=1163"},{"taxonomy":"product_tag","embeddable":true,"href":"https:\/\/ucalvet.com\/en\/wp-json\/wp\/v2\/product_tag?post=1163"}],"curies":[{"name":"wp","href":"https:\/\/api.w.org\/{rel}","templated":true}]}}