{"id":1165,"date":"2025-12-13T03:48:19","date_gmt":"2025-12-13T07:48:19","guid":{"rendered":"https:\/\/ucalvet.com\/?post_type=product&#038;p=1165"},"modified":"2025-12-13T03:48:19","modified_gmt":"2025-12-13T07:48:19","slug":"mum-separatoru-avtomatik-buxar","status":"publish","type":"product","link":"https:\/\/ucalvet.com\/en\/product\/mum-separatoru-avtomatik-buxar\/","title":{"rendered":"Mum Separat\u00f6r\u00fc (Avtomatik Buxar)"},"content":{"rendered":"<p>M\u0259hsul Kodu: BA665<br \/>\nM\u0259hsulun Ad\u0131: Mum Separat\u00f6r\u00fc (Avtomatik Buxar)<br \/>\nSeriya: L\u00fcks Model<br \/>\n\u0130\u015fl\u0259m\u0259 Qaydas\u0131: S\u00fcr\u0259t t\u0259nziml\u0259n\u0259n \u2013 t\u0259k istiqam\u0259tli a\u00e7\u0131b-ba\u011flamaq sistemi<br \/>\nElektrik Sistemi: 250 W alt m\u00fch\u0259rrik \u2013 3 kW rezistor<br \/>\nKorpus \u00d6l\u00e7\u00fcl\u0259ri: 525 mm diametr<br \/>\nKorpus: AISI 304 nerjaveka<br \/>\nKorpus Qal\u0131nl\u0131\u011f\u0131: 1,20 mm<br \/>\nDaxili Mexanizm:<br \/>\n&#8211; Mum separat\u00f6r s\u0259b\u0259ti<br \/>\n&#8211; 3\u201312 \u00e7\u0259r\u00e7iv\u0259 \u00fc\u00e7\u00fcn bal s\u00fczm\u0259 s\u0259b\u0259ti<br \/>\n&#8211; Qar\u0131\u015fd\u0131r\u0131c\u0131 aparat<br \/>\n(h\u0259r biri \u00e7\u0131xar\u0131la bil\u0259ndir)<br \/>\nTutumu: \u2013<br \/>\nMusluk: AISI 304 nerjaveka<br \/>\nQapaq: AISI 304 nerjaveka<br \/>\nAyaqlar: S\u00f6k\u00fcl\u0259 bil\u0259n AISI 304 nerjaveka ayaqlar<br \/>\nDig\u0259r: \u0130stiy\u0259 davaml\u0131 su anbar\u0131<br \/>\n\u00c7\u0259kisi: 53 kq<br \/>\nZ\u0259man\u0259t: 2 il<\/p>","protected":false},"excerpt":{"rendered":"<p>M\u0259hsul Kodu: BA665 M\u0259hsulun Ad\u0131: Mum Separat\u00f6r\u00fc (Avtomatik Buxar) Seriya: L\u00fcks Model \u0130\u015fl\u0259m\u0259 Qaydas\u0131: S\u00fcr\u0259t t\u0259nziml\u0259n\u0259n \u2013 t\u0259k istiqam\u0259tli a\u00e7\u0131b-ba\u011flamaq sistemi Elektrik Sistemi: 250 W alt m\u00fch\u0259rrik \u2013 3 kW rezistor Korpus \u00d6l\u00e7\u00fcl\u0259ri: 525 mm diametr Korpus: AISI 304 nerjaveka Korpus Qal\u0131nl\u0131\u011f\u0131: 1,20 mm Daxili Mexanizm: &#8211; Mum separat\u00f6r s\u0259b\u0259ti &#8211; 3\u201312 \u00e7\u0259r\u00e7iv\u0259 \u00fc\u00e7\u00fcn bal [&hellip;]<\/p>","protected":false},"featured_media":1166,"comment_status":"closed","ping_status":"closed","template":"","meta":[],"product_brand":[],"product_cat":[62,71,60],"product_tag":[],"class_list":{"0":"post-1165","1":"product","2":"type-product","3":"status-publish","4":"has-post-thumbnail","6":"product_cat-ari","7":"product_cat-ariciliq-avadanliqlari","8":"product_cat-ariciliq-avadanliqlari-ve-yemleri","10":"first","11":"instock","12":"shipping-taxable","13":"product-type-simple"},"_links":{"self":[{"href":"https:\/\/ucalvet.com\/en\/wp-json\/wp\/v2\/product\/1165","targetHints":{"allow":["GET"]}}],"collection":[{"href":"https:\/\/ucalvet.com\/en\/wp-json\/wp\/v2\/product"}],"about":[{"href":"https:\/\/ucalvet.com\/en\/wp-json\/wp\/v2\/types\/product"}],"replies":[{"embeddable":true,"href":"https:\/\/ucalvet.com\/en\/wp-json\/wp\/v2\/comments?post=1165"}],"wp:featuredmedia":[{"embeddable":true,"href":"https:\/\/ucalvet.com\/en\/wp-json\/wp\/v2\/media\/1166"}],"wp:attachment":[{"href":"https:\/\/ucalvet.com\/en\/wp-json\/wp\/v2\/media?parent=1165"}],"wp:term":[{"taxonomy":"product_brand","embeddable":true,"href":"https:\/\/ucalvet.com\/en\/wp-json\/wp\/v2\/product_brand?post=1165"},{"taxonomy":"product_cat","embeddable":true,"href":"https:\/\/ucalvet.com\/en\/wp-json\/wp\/v2\/product_cat?post=1165"},{"taxonomy":"product_tag","embeddable":true,"href":"https:\/\/ucalvet.com\/en\/wp-json\/wp\/v2\/product_tag?post=1165"}],"curies":[{"name":"wp","href":"https:\/\/api.w.org\/{rel}","templated":true}]}}