{"id":1168,"date":"2025-12-13T03:56:39","date_gmt":"2025-12-13T07:56:39","guid":{"rendered":"https:\/\/ucalvet.com\/?post_type=product&#038;p=1168"},"modified":"2025-12-13T03:56:39","modified_gmt":"2025-12-13T07:56:39","slug":"6-c%c9%99rciv%c9%99li-bal-suzm%c9%99-aparati-12v-220v","status":"publish","type":"product","link":"https:\/\/ucalvet.com\/en\/product\/6-c%c9%99rciv%c9%99li-bal-suzm%c9%99-aparati-12v-220v\/","title":{"rendered":"6 \u00c7\u0259r\u00e7iv\u0259li Bal S\u00fczm\u0259 Aparat\u0131 12V\u2013220V"},"content":{"rendered":"<p>M\u0259hsul Kodu: BA556-12V-304<br \/>\nM\u0259hsulun Ad\u0131: 6 \u00c7\u0259r\u00e7iv\u0259li Bal S\u00fczm\u0259 Aparat\u0131 12V\u2013220V<br \/>\nSeriya: L\u00fcks Model<br \/>\n\u0130\u015fl\u0259m\u0259 Qaydas\u0131: DC m\u00fch\u0259rrik, 12V\u2013220V<br \/>\n\u0130dar\u0259etm\u0259: Yar\u0131 avtomatik<br \/>\n\u00c7\u0259ll\u0259k Diametri: 63 sm<br \/>\n\u00c7\u0259ll\u0259k H\u00fcnd\u00fcrl\u00fcy\u00fc: 75 sm<br \/>\nKorpus Material\u0131: AISI 304 paslanmayan polad<br \/>\nKorpus Qal\u0131nl\u0131\u011f\u0131: 0,60 mm<br \/>\nS\u0259b\u0259t N\u00f6v\u00fc: Tansensial<br \/>\nS\u0259b\u0259t: AISI 304 paslanmayan polad<br \/>\n\u00c7\u0259r\u00e7iv\u0259 Tutumu: 6 Langstroth (30 sm)<br \/>\nMusluk: Paslanmayan, dib\u0259 s\u0131f\u0131r qaynaqlanm\u0131\u015f<br \/>\nQapaq: Pleksi<br \/>\nAyaqlar: Paslanmayan polad ayaqlar<br \/>\n\u00c7\u0259kisi: 31 kq<br \/>\nQabla\u015fd\u0131rma \u00d6l\u00e7\u00fcl\u0259ri: 73\u00d773\u00d785 sm<br \/>\nZ\u0259man\u0259t: 2 il<\/p>","protected":false},"excerpt":{"rendered":"<p>M\u0259hsul Kodu: BA556-12V-304 M\u0259hsulun Ad\u0131: 6 \u00c7\u0259r\u00e7iv\u0259li Bal S\u00fczm\u0259 Aparat\u0131 12V\u2013220V Seriya: L\u00fcks Model \u0130\u015fl\u0259m\u0259 Qaydas\u0131: DC m\u00fch\u0259rrik, 12V\u2013220V \u0130dar\u0259etm\u0259: Yar\u0131 avtomatik \u00c7\u0259ll\u0259k Diametri: 63 sm \u00c7\u0259ll\u0259k H\u00fcnd\u00fcrl\u00fcy\u00fc: 75 sm Korpus Material\u0131: AISI 304 paslanmayan polad Korpus Qal\u0131nl\u0131\u011f\u0131: 0,60 mm S\u0259b\u0259t N\u00f6v\u00fc: Tansensial S\u0259b\u0259t: AISI 304 paslanmayan polad \u00c7\u0259r\u00e7iv\u0259 Tutumu: 6 Langstroth (30 sm) Musluk: [&hellip;]<\/p>","protected":false},"featured_media":1169,"comment_status":"closed","ping_status":"closed","template":"","meta":[],"product_brand":[],"product_cat":[62,71,60],"product_tag":[],"class_list":{"0":"post-1168","1":"product","2":"type-product","3":"status-publish","4":"has-post-thumbnail","6":"product_cat-ari","7":"product_cat-ariciliq-avadanliqlari","8":"product_cat-ariciliq-avadanliqlari-ve-yemleri","10":"first","11":"instock","12":"shipping-taxable","13":"product-type-simple"},"_links":{"self":[{"href":"https:\/\/ucalvet.com\/en\/wp-json\/wp\/v2\/product\/1168","targetHints":{"allow":["GET"]}}],"collection":[{"href":"https:\/\/ucalvet.com\/en\/wp-json\/wp\/v2\/product"}],"about":[{"href":"https:\/\/ucalvet.com\/en\/wp-json\/wp\/v2\/types\/product"}],"replies":[{"embeddable":true,"href":"https:\/\/ucalvet.com\/en\/wp-json\/wp\/v2\/comments?post=1168"}],"wp:featuredmedia":[{"embeddable":true,"href":"https:\/\/ucalvet.com\/en\/wp-json\/wp\/v2\/media\/1169"}],"wp:attachment":[{"href":"https:\/\/ucalvet.com\/en\/wp-json\/wp\/v2\/media?parent=1168"}],"wp:term":[{"taxonomy":"product_brand","embeddable":true,"href":"https:\/\/ucalvet.com\/en\/wp-json\/wp\/v2\/product_brand?post=1168"},{"taxonomy":"product_cat","embeddable":true,"href":"https:\/\/ucalvet.com\/en\/wp-json\/wp\/v2\/product_cat?post=1168"},{"taxonomy":"product_tag","embeddable":true,"href":"https:\/\/ucalvet.com\/en\/wp-json\/wp\/v2\/product_tag?post=1168"}],"curies":[{"name":"wp","href":"https:\/\/api.w.org\/{rel}","templated":true}]}}