{"id":1172,"date":"2025-12-13T04:02:53","date_gmt":"2025-12-13T08:02:53","guid":{"rendered":"https:\/\/ucalvet.com\/?post_type=product&#038;p=1172"},"modified":"2025-12-13T04:02:53","modified_gmt":"2025-12-13T08:02:53","slug":"6-c%c9%99rciv%c9%99li-yatarli-bal-suzm%c9%99-aparati-tam-avtomatik-sensor-ekranli","status":"publish","type":"product","link":"https:\/\/ucalvet.com\/en\/product\/6-c%c9%99rciv%c9%99li-yatarli-bal-suzm%c9%99-aparati-tam-avtomatik-sensor-ekranli\/","title":{"rendered":"6 \u00c7\u0259r\u00e7iv\u0259li Yatarl\u0131 Bal S\u00fczm\u0259 Aparat\u0131 \u2013 Tam Avtomatik, Sensor Ekranl\u0131"},"content":{"rendered":"<p>M\u0259hsul Kodu: BA556-OMYE-304<br \/>\nM\u0259hsulun Ad\u0131: 6 \u00c7\u0259r\u00e7iv\u0259li Yatarl\u0131 Bal S\u00fczm\u0259 Aparat\u0131 \u2013 Tam Avtomatik, Sensor Ekranl\u0131<br \/>\nSeriya: L\u00fcks Model<br \/>\n\u0130\u015fl\u0259m\u0259 Qaydas\u0131: AC m\u00fch\u0259rrik, 0.25 kW<br \/>\n\u0130dar\u0259etm\u0259: Sensor ekranl\u0131 tam avtomatik, zaman v\u0259 s\u00fcr\u0259t t\u0259nziml\u0259n\u0259n<br \/>\n\u00c7\u0259ll\u0259k Diametri: 78 sm<br \/>\n\u00c7\u0259ll\u0259k H\u00fcnd\u00fcrl\u00fcy\u00fc: 85 sm<br \/>\nKorpus Material\u0131: AISI 304 paslanmayan polad<br \/>\nKorpus Qal\u0131nl\u0131\u011f\u0131: 0,80 mm<br \/>\nS\u0259b\u0259t N\u00f6v\u00fc: Yatarl\u0131 s\u0259b\u0259t<br \/>\nS\u0259b\u0259t: AISI 304 paslanmayan polad<br \/>\n\u00c7\u0259r\u00e7iv\u0259 Tutumu:<br \/>\n&#8211; 6 Langstroth (24 sm)<br \/>\n&#8211; 6 yar\u0131m \u00e7\u0259r\u00e7iv\u0259 (16 sm)<br \/>\nMusluk: Paslanmayan, dib\u0259 s\u0131f\u0131r qaynaqlanm\u0131\u015f<br \/>\nQapaq: Q\u0131r\u0131lmaz qapaq<br \/>\nAyaqlar: Paslanmayan polad ayaqlar<br \/>\nDig\u0259r: Qapaq t\u0259hl\u00fck\u0259sizlik a\u00e7ar\u0131<br \/>\n\u00c7\u0259kisi: 62 kq<br \/>\nQabla\u015fd\u0131rma \u00d6l\u00e7\u00fcl\u0259ri: 85\u00d785\u00d7112 sm<br \/>\nZ\u0259man\u0259t: 2 il<\/p>","protected":false},"excerpt":{"rendered":"<p>M\u0259hsul Kodu: BA556-OMYE-304 M\u0259hsulun Ad\u0131: 6 \u00c7\u0259r\u00e7iv\u0259li Yatarl\u0131 Bal S\u00fczm\u0259 Aparat\u0131 \u2013 Tam Avtomatik, Sensor Ekranl\u0131 Seriya: L\u00fcks Model \u0130\u015fl\u0259m\u0259 Qaydas\u0131: AC m\u00fch\u0259rrik, 0.25 kW \u0130dar\u0259etm\u0259: Sensor ekranl\u0131 tam avtomatik, zaman v\u0259 s\u00fcr\u0259t t\u0259nziml\u0259n\u0259n \u00c7\u0259ll\u0259k Diametri: 78 sm \u00c7\u0259ll\u0259k H\u00fcnd\u00fcrl\u00fcy\u00fc: 85 sm Korpus Material\u0131: AISI 304 paslanmayan polad Korpus Qal\u0131nl\u0131\u011f\u0131: 0,80 mm S\u0259b\u0259t N\u00f6v\u00fc: Yatarl\u0131 [&hellip;]<\/p>","protected":false},"featured_media":1173,"comment_status":"closed","ping_status":"closed","template":"","meta":[],"product_brand":[],"product_cat":[62,71,60],"product_tag":[],"class_list":{"0":"post-1172","1":"product","2":"type-product","3":"status-publish","4":"has-post-thumbnail","6":"product_cat-ari","7":"product_cat-ariciliq-avadanliqlari","8":"product_cat-ariciliq-avadanliqlari-ve-yemleri","10":"first","11":"instock","12":"shipping-taxable","13":"product-type-simple"},"_links":{"self":[{"href":"https:\/\/ucalvet.com\/en\/wp-json\/wp\/v2\/product\/1172","targetHints":{"allow":["GET"]}}],"collection":[{"href":"https:\/\/ucalvet.com\/en\/wp-json\/wp\/v2\/product"}],"about":[{"href":"https:\/\/ucalvet.com\/en\/wp-json\/wp\/v2\/types\/product"}],"replies":[{"embeddable":true,"href":"https:\/\/ucalvet.com\/en\/wp-json\/wp\/v2\/comments?post=1172"}],"wp:featuredmedia":[{"embeddable":true,"href":"https:\/\/ucalvet.com\/en\/wp-json\/wp\/v2\/media\/1173"}],"wp:attachment":[{"href":"https:\/\/ucalvet.com\/en\/wp-json\/wp\/v2\/media?parent=1172"}],"wp:term":[{"taxonomy":"product_brand","embeddable":true,"href":"https:\/\/ucalvet.com\/en\/wp-json\/wp\/v2\/product_brand?post=1172"},{"taxonomy":"product_cat","embeddable":true,"href":"https:\/\/ucalvet.com\/en\/wp-json\/wp\/v2\/product_cat?post=1172"},{"taxonomy":"product_tag","embeddable":true,"href":"https:\/\/ucalvet.com\/en\/wp-json\/wp\/v2\/product_tag?post=1172"}],"curies":[{"name":"wp","href":"https:\/\/api.w.org\/{rel}","templated":true}]}}