{"id":1212,"date":"2026-01-03T07:37:02","date_gmt":"2026-01-03T11:37:02","guid":{"rendered":"https:\/\/ucalvet.com\/?post_type=product&#038;p=1212"},"modified":"2026-01-03T07:37:02","modified_gmt":"2026-01-03T11:37:02","slug":"yuksuk-altligi","status":"publish","type":"product","link":"https:\/\/ucalvet.com\/en\/product\/yuksuk-altligi\/","title":{"rendered":"Y\u00fcks\u00fck altl\u0131\u011f\u0131"},"content":{"rendered":"","protected":false},"excerpt":{"rendered":"","protected":false},"featured_media":1213,"comment_status":"closed","ping_status":"closed","template":"","meta":[],"product_brand":[],"product_cat":[62,71,60],"product_tag":[],"class_list":{"0":"post-1212","1":"product","2":"type-product","3":"status-publish","4":"has-post-thumbnail","6":"product_cat-ari","7":"product_cat-ariciliq-avadanliqlari","8":"product_cat-ariciliq-avadanliqlari-ve-yemleri","10":"first","11":"instock","12":"shipping-taxable","13":"product-type-simple"},"_links":{"self":[{"href":"https:\/\/ucalvet.com\/en\/wp-json\/wp\/v2\/product\/1212","targetHints":{"allow":["GET"]}}],"collection":[{"href":"https:\/\/ucalvet.com\/en\/wp-json\/wp\/v2\/product"}],"about":[{"href":"https:\/\/ucalvet.com\/en\/wp-json\/wp\/v2\/types\/product"}],"replies":[{"embeddable":true,"href":"https:\/\/ucalvet.com\/en\/wp-json\/wp\/v2\/comments?post=1212"}],"wp:featuredmedia":[{"embeddable":true,"href":"https:\/\/ucalvet.com\/en\/wp-json\/wp\/v2\/media\/1213"}],"wp:attachment":[{"href":"https:\/\/ucalvet.com\/en\/wp-json\/wp\/v2\/media?parent=1212"}],"wp:term":[{"taxonomy":"product_brand","embeddable":true,"href":"https:\/\/ucalvet.com\/en\/wp-json\/wp\/v2\/product_brand?post=1212"},{"taxonomy":"product_cat","embeddable":true,"href":"https:\/\/ucalvet.com\/en\/wp-json\/wp\/v2\/product_cat?post=1212"},{"taxonomy":"product_tag","embeddable":true,"href":"https:\/\/ucalvet.com\/en\/wp-json\/wp\/v2\/product_tag?post=1212"}],"curies":[{"name":"wp","href":"https:\/\/api.w.org\/{rel}","templated":true}]}}