{"id":405,"date":"2025-10-05T09:12:30","date_gmt":"2025-10-05T13:12:30","guid":{"rendered":"https:\/\/ucalvet.com\/?post_type=product&#038;p=405"},"modified":"2025-11-15T09:44:53","modified_gmt":"2025-11-15T13:44:53","slug":"ampiclox-dc-5-qr","status":"publish","type":"product","link":"https:\/\/ucalvet.com\/en\/product\/ampiclox-dc-5-qr\/","title":{"rendered":"Ampiclox DC 5 qr"},"content":{"rendered":"<p><strong>Preparat\u0131n ticar\u0259t ad\u0131:<\/strong> &#8220;AMPICLOX DC&#8221; intrasisternal yeritm\u0259k \u00fc\u00e7\u00fcn suspenzziya &#8211; AMPICLOX DC Meme \u0130\u00e7i S\u00fcspansiyon.<\/p>\n<p><strong>\u0130stifad\u0259 sah\u0259si<\/strong>: Preparat sa\u011fmal in\u0259kl\u0259rd\u0259 k\u0259skin, yar\u0131m k\u0259skin v\u0259 xroniki mastitl\u0259rin m\u00fcalic\u0259sind\u0259 istifad\u0259 olunur.<\/p>\n<p><strong>D\u0259rman formas\u0131 v\u0259 qabla\u015fd\u0131rma: <\/strong>\u0130ntrasisternal (m\u0259m\u0259l\u0259r\u0259) yeritm\u0259k \u00fc\u00e7\u00fcn ya\u011fl\u0131 suspenziya. 5.0 q h\u0259cmind\u0259 plastik \u015fprisl\u0259rd\u0259 qabla\u015fd\u0131r\u0131l\u0131r.<\/p>\n<p><strong>Preparat\u0131n t\u0259rkibi<\/strong> , f\u0259al madd\u0259: Kloksasilin benzatin- 300 mq, Ampisilin trihidrat- 300 mq.<\/p>\n<p><strong>\u0130stifad\u0259 v\u0259 dozala\u015fd\u0131rma qaydalar\u0131<\/strong>: Preparat\u0131n 1 \u015fprisinin t\u0259rkibi yelinin x\u0259st\u0259 hiss\u0259sin\u0259 intrasisternal (m\u0259m\u0259d\u0259n) yeridilm\u0259kl\u0259 t\u0259tbiq edilir. Preparat\u0131 i\u015fl\u0259tm\u0259zd\u0259n \u0259vv\u0259l in\u0259yin yelinin x\u0259st\u0259 pay\u0131n\u0131n s\u00fcd\u00fcn\u00fc sa\u011fmaq (ba\u015fqa bir qaba), in\u0259yin m\u0259m\u0259sini v\u0259 \u0259ll\u0259ri antiseptik vasit\u0259 il\u0259 silm\u0259k v\u0259 preparat\u0131n tubunu yax\u015f\u0131ca \u00e7alxalamaq laz\u0131md\u0131r. Sonra is\u0259, tubun (\u015fprisin) qapa\u011f\u0131n\u0131 a\u00e7\u0131b onun ucunu ehtiyatla in\u0259yin m\u0259m\u0259 kanal\u0131na sal\u0131b d\u0259rman yeridilir. Yelin preparat yeridilmi\u015f nahiyy\u0259si, d\u0259rman\u0131n yelin toxumas\u0131na yax\u015f\u0131 yay\u0131lmas\u0131 \u00fc\u00e7\u00fcn, asta massaj edilir. Bundan sonra m\u0259m\u0259 yenid\u0259n antiseptikl\u0259 i\u015fl\u0259nm\u0259lidir. Preparat h\u0259r 24 saatdan bir yeridilm\u0259kl\u0259 m\u00fcalic\u0259 3 g\u00fcn davam etdirilir. Z\u0259rur\u0259t olduqda intramammar m\u00fcalic\u0259 il\u0259 yana\u015f\u0131 sistem m\u00fcalic\u0259 d\u0259 t\u0259tbiq edil\u0259 bil\u0259r.<\/p>\n<p><strong>G\u00f6zl\u0259m\u0259 vaxt\u0131:<\/strong> Heyvanlar\u0131n \u0259tlik m\u0259qs\u0259dil\u0259 k\u0259silm\u0259sin\u0259 m\u00fcalic\u0259 d\u00f6vr\u00fcnd\u0259 ve preparat\u0131n ax\u0131r\u0131nc\u0131 d\u0259f\u0259 t\u0259tbiq edildiyi g\u00fcnd\u0259n 28 sutka ke\u00e7m\u0259mi\u015f icaz\u0259 verilmir. Sa\u011fmal heyvanlarin s\u00fcd\u00fc insanlarda qida m\u0259hsulu kimi prparat\u0131n istifad\u0259 edildiyi, 30 g\u00fcn sonra istifad\u0259 edilir.<\/p>","protected":false},"excerpt":{"rendered":"<p>&#8220;AMPICLOX DC&#8221; intrasisternal yeritm\u0259k \u00fc\u00e7\u00fcn suspenzziya &#8211; AMPICLOX DC Meme \u0130\u00e7i S\u00fcspansiyon.<\/p>","protected":false},"featured_media":406,"comment_status":"open","ping_status":"closed","template":"","meta":[],"product_brand":[],"product_cat":[67,37,63],"product_tag":[],"class_list":{"0":"post-405","1":"product","2":"type-product","3":"status-publish","4":"has-post-thumbnail","6":"product_cat-antibiotikler","7":"product_cat-dermanlar","8":"product_cat-ruminant","10":"first","11":"instock","12":"shipping-taxable","13":"product-type-simple"},"_links":{"self":[{"href":"https:\/\/ucalvet.com\/en\/wp-json\/wp\/v2\/product\/405","targetHints":{"allow":["GET"]}}],"collection":[{"href":"https:\/\/ucalvet.com\/en\/wp-json\/wp\/v2\/product"}],"about":[{"href":"https:\/\/ucalvet.com\/en\/wp-json\/wp\/v2\/types\/product"}],"replies":[{"embeddable":true,"href":"https:\/\/ucalvet.com\/en\/wp-json\/wp\/v2\/comments?post=405"}],"wp:featuredmedia":[{"embeddable":true,"href":"https:\/\/ucalvet.com\/en\/wp-json\/wp\/v2\/media\/406"}],"wp:attachment":[{"href":"https:\/\/ucalvet.com\/en\/wp-json\/wp\/v2\/media?parent=405"}],"wp:term":[{"taxonomy":"product_brand","embeddable":true,"href":"https:\/\/ucalvet.com\/en\/wp-json\/wp\/v2\/product_brand?post=405"},{"taxonomy":"product_cat","embeddable":true,"href":"https:\/\/ucalvet.com\/en\/wp-json\/wp\/v2\/product_cat?post=405"},{"taxonomy":"product_tag","embeddable":true,"href":"https:\/\/ucalvet.com\/en\/wp-json\/wp\/v2\/product_tag?post=405"}],"curies":[{"name":"wp","href":"https:\/\/api.w.org\/{rel}","templated":true}]}}