{"id":407,"date":"2025-10-05T09:13:45","date_gmt":"2025-10-05T13:13:45","guid":{"rendered":"https:\/\/ucalvet.com\/?post_type=product&#038;p=407"},"modified":"2025-11-15T09:56:54","modified_gmt":"2025-11-15T13:56:54","slug":"santaflor-100qr-50qr","status":"publish","type":"product","link":"https:\/\/ucalvet.com\/en\/product\/santaflor-100qr-50qr\/","title":{"rendered":"Santaflor (100qr, 50qr)"},"content":{"rendered":"<p><strong>Preparat\u0131n ticar\u0259t ad\u0131<\/strong>: &#8220;SANTAFLOR&#8221; inyeksiya \u00fc\u00e7\u00fcn m\u0259hlul.<\/p>\n<p><strong>\u0130stifad\u0259 sah\u0259si<\/strong>: Preparat heyvanlarda florfenikola h\u0259ssas olan mikroorqanizml\u0259r t\u0259r\u0259find\u0259n t\u00f6r\u0259dil\u0259n m\u0259d\u0259-ba\u011f\u0131rsaq, respirator v\u0259 sidik-t\u0259nas\u00fcl orqanlar\u0131n, h\u0259m d\u0259 yum\u015faq toxumalar\u0131n bakterial infeksiyalar\u0131n\u0131n m\u00fcalic\u0259si m\u0259qs\u0259di il\u0259 t\u0259tbiq edilir, o c\u00fcml\u0259d\u0259n (Manheimia haemolytica, Pasteurella multocida, Haemophilus somnus, corynebacterium pyogenes, Fusobacterium necrophorum, Bacteroides meleninogenicus, Moraxella bovis) qar\u015f\u0131 t\u0259sirlidir.<\/p>\n<p><strong>D\u0259rman formas\u0131 v\u0259 qabla\u015fd\u0131rma:<\/strong> Prepart karton qutularda, 50 ml, 100 ml ve 250 ml miqdar\u0131nda t\u00fcnd r\u0259ngli \u015f\u00fc\u015f\u0259 flakonlarda qabla\u015fd\u0131r\u0131l\u0131r.<\/p>\n<p><strong>Preparat\u0131n t\u0259rkibi, f\u0259al madd\u0259<\/strong> 1,0 ml-d\u0259: Florfenikol- 300 mq.<\/p>\n<p><strong>\u0130stifad\u0259 v\u0259 dozala\u015fd\u0131rma qaydalar\u0131:<\/strong> Preparat qaramala d\u0259rialt\u0131na v\u0259 \u0259z\u0259l\u0259daxili inyeksiya edilir, qoyunlara is\u0259 \u0259z\u0259l\u0259daxili inyeksiya edilir. Qaramala: \u018fz\u0259l\u0259daxili inyeksiya zaman\u0131 preparat 48 saat fasil\u0259 verilm\u0259kl\u0259 iki d\u0259f\u0259, 15 kg diri k\u00fctl\u0259y\u0259 1ml (h\u0259r kq diri k\u00fctl\u0259y\u0259 20 mq florfenikol) hesab\u0131 il\u0259 dozala\u015fd\u0131r\u0131laraq inyeksiya edilir. D\u0259rialt\u0131na inyeksiya zaman\u0131, bir d\u0259f\u0259, preparat 15 kg diri k\u00fctl\u0259y\u0259 2ml (h\u0259r kq diri k\u00fctl\u0259y\u0259 40 mq florfenikol) hesab\u0131 il\u0259 dozala\u015fd\u0131r\u0131laraq inyeksiya edilir. Qoyunlara: 15 kg diri k\u00fctl\u0259y\u0259 1ml (h\u0259r kq diri k\u00fctl\u0259y\u0259 20 mq florfenikol) hesab\u0131 il\u0259 dozala\u015fd\u0131r\u0131laraq 3 g\u00fcn ard\u0131c\u0131l inyeksiya edilir. \u018fg\u0259r preparat\u0131n miqdar\u0131 in\u0259kl\u0259rd\u0259 10ml, qoyunlarda 4 ml art\u0131q oldu\u011fu halda inyeksiya m\u0259hlulu iki hiss\u0259y\u0259 b\u00f6l\u00fcn\u0259r\u0259k heyvanlar\u0131n dig\u0259r nahiyy\u0259sin\u0259 inyeksiya edilir.<\/p>\n<p><strong>G\u00f6zl\u0259m\u0259 vaxt\u0131<\/strong>: Qaramal preparat d\u0259rialt\u0131 t\u0259tbiq edildiyi ax\u0131r\u0131nc\u0131 g\u00fcnd\u0259n 44, \u0259z\u0259l\u0259daxili is\u0259 30 sutkadan sonra onlar \u0259tlik m\u0259qs\u0259dil\u0259 k\u0259sil\u0259 bil\u0259rl\u0259r. Qoyunlar 39 sutkadan sonra \u0259tlik m\u0259qs\u0259dil\u0259 k\u0259sil\u0259 bil\u0259rl\u0259r. \u0130nsan qidas\u0131 \u00fc\u00e7\u00fcn istifad\u0259 edildikd\u0259 sa\u011fmal heyvanlarda preparat t\u0259tbiq edilmir. Preparat bo\u011fazl\u0131q d\u00f6vr\u00fcnd\u0259 v\u0259 sa\u011fmal heyvanlarda t\u0259tbiq edilmir.<\/p>","protected":false},"excerpt":{"rendered":"<p>&#8220;SANTAFLOR&#8221; inyeksiya \u00fc\u00e7\u00fcn m\u0259hlul.<\/p>","protected":false},"featured_media":408,"comment_status":"open","ping_status":"closed","template":"","meta":[],"product_brand":[],"product_cat":[67,37,63],"product_tag":[],"class_list":{"0":"post-407","1":"product","2":"type-product","3":"status-publish","4":"has-post-thumbnail","6":"product_cat-antibiotikler","7":"product_cat-dermanlar","8":"product_cat-ruminant","10":"first","11":"instock","12":"shipping-taxable","13":"product-type-simple"},"_links":{"self":[{"href":"https:\/\/ucalvet.com\/en\/wp-json\/wp\/v2\/product\/407","targetHints":{"allow":["GET"]}}],"collection":[{"href":"https:\/\/ucalvet.com\/en\/wp-json\/wp\/v2\/product"}],"about":[{"href":"https:\/\/ucalvet.com\/en\/wp-json\/wp\/v2\/types\/product"}],"replies":[{"embeddable":true,"href":"https:\/\/ucalvet.com\/en\/wp-json\/wp\/v2\/comments?post=407"}],"wp:featuredmedia":[{"embeddable":true,"href":"https:\/\/ucalvet.com\/en\/wp-json\/wp\/v2\/media\/408"}],"wp:attachment":[{"href":"https:\/\/ucalvet.com\/en\/wp-json\/wp\/v2\/media?parent=407"}],"wp:term":[{"taxonomy":"product_brand","embeddable":true,"href":"https:\/\/ucalvet.com\/en\/wp-json\/wp\/v2\/product_brand?post=407"},{"taxonomy":"product_cat","embeddable":true,"href":"https:\/\/ucalvet.com\/en\/wp-json\/wp\/v2\/product_cat?post=407"},{"taxonomy":"product_tag","embeddable":true,"href":"https:\/\/ucalvet.com\/en\/wp-json\/wp\/v2\/product_tag?post=407"}],"curies":[{"name":"wp","href":"https:\/\/api.w.org\/{rel}","templated":true}]}}