{"id":409,"date":"2025-10-05T09:15:38","date_gmt":"2025-10-05T13:15:38","guid":{"rendered":"https:\/\/ucalvet.com\/?post_type=product&#038;p=409"},"modified":"2025-11-15T09:59:56","modified_gmt":"2025-11-15T13:59:56","slug":"metrixlor","status":"publish","type":"product","link":"https:\/\/ucalvet.com\/en\/product\/metrixlor\/","title":{"rendered":"Metrixlor"},"content":{"rendered":"<p><strong>Preparat\u0131n ticar\u0259t ad\u0131:<\/strong> Metriklor<\/p>\n<p><strong>\u0130stifad\u0259 sah\u0259si<\/strong>: Preparat in\u0259kl\u0259rd\u0259, endometrit, do\u011fumdan sonrak\u0131 balal\u0131q yolu infeksiyalarda, do\u011fum zaman\u0131 a\u011f\u0131rla\u015fmalarda, Camphilobacter infeksiyas\u0131nda, d\u00f6l\u00fcn l\u0259ngim\u0259sind\u0259, el\u0259c\u0259 d\u0259 yuxar\u0131da g\u00f6st\u0259ril\u0259n mikroorqanizmalar t\u0259r\u0259find\u0259n t\u00f6r\u0259dil\u0259n x\u0259st\u0259likl\u0259rin m\u00fcalic\u0259sind\u0259 istifad\u0259 olunur.<\/p>\n<p><strong>D\u0259rman formas\u0131 v\u0259 qabla\u015fd\u0131rma:<\/strong> Preparat h\u0259b olmaqla bir blisterd\u0259 qabla\u015fd\u0131r\u0131l\u0131r, blisterl\u0259r is\u0259 karton qutuya qoyulur.<\/p>\n<p><strong>Preparat\u0131n t\u0259rkibi f\u0259al madd\u02591 h\u0259bd\u0259 (4,0 g)<\/strong>: Xlortetrasiklin HCI -1000 mg<\/p>\n<p><strong>\u0130stifad\u0259 v\u0259 dozala\u015fd\u0131rma qaydalar\u0131:<\/strong> Preparat balal\u0131q yoluna yeridilm\u0259kl\u0259 istifad\u0259 edilir. Balal\u0131\u011fa yeritm\u0259 \u00fcsulu il\u0259 in\u0259kl\u0259r\u0259 1- 2 h\u0259b miqdar\u0131nda, b\u00f6l\u00fcnm\u0259d\u0259n yeridilir. Z\u0259rur\u0259t oldu\u011fu halda, 24 saatdan sonra m\u00fcalic\u0259 t\u0259krar apar\u0131l\u0131r. Balal\u0131q yolu m\u00fcalic\u0259si zaman\u0131 gigiyena qaydalar\u0131na \u0259m\u0259l edilm\u0259lidir.<\/p>\n<p><strong>G\u00f6zl\u0259m\u0259 vaxt\u0131:<\/strong> Heyvanlar\u0131n \u0259tlik m\u0259qs\u0259dil\u0259 k\u0259silm\u0259sin\u0259 m\u00fcalic\u0259 d\u00f6vr\u00fcnd\u0259 v\u0259 preparat\u0131n ax\u0131r\u0131nc\u0131 d\u0259f\u0259 t\u0259tbiq edildiyi g\u00fcnd\u0259n 7 sutka ke\u00e7m\u0259mi\u015f icaz\u0259 verilmir. S\u00fcd\u00fcn istifad\u0259sin\u0259 g\u00f6zl\u0259m\u0259 vaxt\u0131 t\u0259l\u0259b olunmur.<\/p>","protected":false},"excerpt":{"rendered":"<p>Metriklor<\/p>","protected":false},"featured_media":1083,"comment_status":"open","ping_status":"closed","template":"","meta":[],"product_brand":[],"product_cat":[67,37,63],"product_tag":[57],"class_list":{"0":"post-409","1":"product","2":"type-product","3":"status-publish","4":"has-post-thumbnail","6":"product_cat-antibiotikler","7":"product_cat-dermanlar","8":"product_cat-ruminant","9":"product_tag-ruminant","11":"first","12":"instock","13":"shipping-taxable","14":"product-type-simple"},"_links":{"self":[{"href":"https:\/\/ucalvet.com\/en\/wp-json\/wp\/v2\/product\/409","targetHints":{"allow":["GET"]}}],"collection":[{"href":"https:\/\/ucalvet.com\/en\/wp-json\/wp\/v2\/product"}],"about":[{"href":"https:\/\/ucalvet.com\/en\/wp-json\/wp\/v2\/types\/product"}],"replies":[{"embeddable":true,"href":"https:\/\/ucalvet.com\/en\/wp-json\/wp\/v2\/comments?post=409"}],"wp:featuredmedia":[{"embeddable":true,"href":"https:\/\/ucalvet.com\/en\/wp-json\/wp\/v2\/media\/1083"}],"wp:attachment":[{"href":"https:\/\/ucalvet.com\/en\/wp-json\/wp\/v2\/media?parent=409"}],"wp:term":[{"taxonomy":"product_brand","embeddable":true,"href":"https:\/\/ucalvet.com\/en\/wp-json\/wp\/v2\/product_brand?post=409"},{"taxonomy":"product_cat","embeddable":true,"href":"https:\/\/ucalvet.com\/en\/wp-json\/wp\/v2\/product_cat?post=409"},{"taxonomy":"product_tag","embeddable":true,"href":"https:\/\/ucalvet.com\/en\/wp-json\/wp\/v2\/product_tag?post=409"}],"curies":[{"name":"wp","href":"https:\/\/api.w.org\/{rel}","templated":true}]}}