{"id":410,"date":"2025-10-05T09:16:47","date_gmt":"2025-10-05T13:16:47","guid":{"rendered":"https:\/\/ucalvet.com\/?post_type=product&#038;p=410"},"modified":"2025-11-15T10:03:30","modified_gmt":"2025-11-15T14:03:30","slug":"metridiazin","status":"publish","type":"product","link":"https:\/\/ucalvet.com\/en\/product\/metridiazin\/","title":{"rendered":"METRIDIAZIN"},"content":{"rendered":"<p><strong>Preparat\u0131n ticar\u0259t ad\u0131:<\/strong> Metridiazin<\/p>\n<p><strong>\u0130stifad\u0259 sah\u0259si<\/strong>: Preparat yeni do\u011fulmu\u015f g\u00f6v\u015f\u0259y\u0259n heyvanlarda (m\u0259d\u0259 \u00f6nl\u00fckl\u0259ri funksiyaya ba\u015flamam\u0131\u015f) pnevmoniya, diareya, dispepsiya, septisemiya, pasterellyoz, nefrit, sistit, furunkulyoz, infeksiyala\u015fm\u0131\u015f yaralar, dermatit, artrit v\u0259 sair x\u0259st\u0259likl\u0259rin m\u00fcalic\u0259si m\u0259qs\u0259di il\u0259 istifad\u0259 edilir.<\/p>\n<p><strong>D\u0259rman formas\u0131 v\u0259 qabla\u015fd\u0131rma:<\/strong> Preparat bir blisterd\u0259 5 bolyus olmaqla qabla\u015fd\u0131r\u0131l\u0131r. Blisterl\u0259r 2 \u0259d\u0259d v\u0259 ya 10 \u0259d\u0259d h\u0259cmind\u0259 karton qutulara y\u0131\u011f\u0131l\u0131r.<\/p>\n<p><strong>Preparat\u0131n t\u0259rkibi, f\u0259al madd\u0259 1,0 bolyusda:<\/strong> Trimetoprim- 200 mq, Sulfadiazin1000 mq.<\/p>\n<p><strong>\u0130stifad\u0259 v\u0259 dozala\u015fd\u0131rma qaydalar\u0131:<\/strong> Preparat oral yolu il\u0259 verilm\u0259kl\u0259 istifad\u0259 edilir. Dozala\u015fd\u0131rma heyvanlar\u0131n h\u0259r 40 kq diri k\u00fctl\u0259sin\u0259 1 bolyus hesab\u0131 il\u0259 (h\u0259r kq diri k\u00fctl\u0259y\u0259 30 mq Trimetoprim v\u0259 Sulfadiazin) dozala\u015fd\u0131r\u0131laraq i\u00e7m\u0259li suya qar\u0131\u015fd\u0131rmaqla v\u0259 ya dozator tapancas\u0131 il\u0259, g\u00fcnd\u0259 1 d\u0259f\u0259 verilm\u0259kl\u0259, m\u00fcalic\u04d9 3-5 sutka davam etdirilir. Preparat i\u00e7m\u0259li suya qar\u0131\u015fd\u0131r\u0131lmaqla istifad\u0259 edildikd\u0259, qabaqcadan \u0259zilir, 300 ml i\u00e7m\u0259li suda qar\u0131\u015fd\u0131r\u0131l\u0131r v\u0259 d\u0259rhal x\u0259st\u0259 heyvana i\u00e7irdilir. Qeyd: Preparat\u0131n k\u00fctl\u0259vi t\u0259tbiq edilm\u0259sind\u0259n \u0259vv\u0259l ki\u00e7ik qrup heyvanlar \u00fcz\u0259rind\u0259 s\u0131naqdan ke\u00e7irilir v\u0259 3 g\u00fcn \u0259rzind\u0259 he\u00e7 bir f\u0259sad m\u00fc\u015fahid\u0259 edilm\u0259dikd\u0259 k\u00fctl\u0259vi t\u0259tbiq olunur. \u0130stehsal\u00e7\u0131n\u0131n istifad\u0259 t\u0259limat\u0131nda v\u0259 qabla\u015fma (tara) \u00fcz\u0259rind\u0259 g\u00f6st\u0259ril\u0259n istifad\u0259 v\u0259 dozala\u015fd\u0131rma qaydalar\u0131 \u00fcst\u00fcn hesab edilm\u0259lidir. Verilmi\u015f t\u0259limat istehsal\u00e7\u0131 t\u0259r\u0259find\u0259n preparat\u0131n t\u0259rkibind\u0259 h\u0259r hans\u0131 d\u0259yi\u015fiklik edilm\u0259diyi m\u00fcdd\u0259td\u0259 etibarl\u0131d\u0131r.<\/p>\n<p><strong>G\u00f6zl\u0259m\u0259 vaxt\u0131:<\/strong> Preparat t\u0259tbiq edildiyi ax\u0131r\u0131nc\u0131 g\u00fcnd\u0259n 15 sutkadan sonra heyvanlar \u0259tlik m\u0259qs\u0259dil\u0259 k\u0259sil\u0259 bil\u0259rl\u0259r. Bo\u011fazl\u0131q d\u00f6v\u00fcnd\u0259 istifad\u0259 edilmir.<\/p>","protected":false},"excerpt":{"rendered":"<p>Metridiazin<\/p>","protected":false},"featured_media":411,"comment_status":"open","ping_status":"closed","template":"","meta":[],"product_brand":[],"product_cat":[67,37,66,65,63],"product_tag":[],"class_list":{"0":"post-410","1":"product","2":"type-product","3":"status-publish","4":"has-post-thumbnail","6":"product_cat-antibiotikler","7":"product_cat-dermanlar","8":"product_cat-ev-heyvani","9":"product_cat-qusculuq","10":"product_cat-ruminant","12":"first","13":"instock","14":"shipping-taxable","15":"product-type-simple"},"_links":{"self":[{"href":"https:\/\/ucalvet.com\/en\/wp-json\/wp\/v2\/product\/410","targetHints":{"allow":["GET"]}}],"collection":[{"href":"https:\/\/ucalvet.com\/en\/wp-json\/wp\/v2\/product"}],"about":[{"href":"https:\/\/ucalvet.com\/en\/wp-json\/wp\/v2\/types\/product"}],"replies":[{"embeddable":true,"href":"https:\/\/ucalvet.com\/en\/wp-json\/wp\/v2\/comments?post=410"}],"wp:featuredmedia":[{"embeddable":true,"href":"https:\/\/ucalvet.com\/en\/wp-json\/wp\/v2\/media\/411"}],"wp:attachment":[{"href":"https:\/\/ucalvet.com\/en\/wp-json\/wp\/v2\/media?parent=410"}],"wp:term":[{"taxonomy":"product_brand","embeddable":true,"href":"https:\/\/ucalvet.com\/en\/wp-json\/wp\/v2\/product_brand?post=410"},{"taxonomy":"product_cat","embeddable":true,"href":"https:\/\/ucalvet.com\/en\/wp-json\/wp\/v2\/product_cat?post=410"},{"taxonomy":"product_tag","embeddable":true,"href":"https:\/\/ucalvet.com\/en\/wp-json\/wp\/v2\/product_tag?post=410"}],"curies":[{"name":"wp","href":"https:\/\/api.w.org\/{rel}","templated":true}]}}