{"id":412,"date":"2025-10-05T09:20:22","date_gmt":"2025-10-05T13:20:22","guid":{"rendered":"https:\/\/ucalvet.com\/?post_type=product&#038;p=412"},"modified":"2025-11-15T10:00:56","modified_gmt":"2025-11-15T14:00:56","slug":"fenoksanid","status":"publish","type":"product","link":"https:\/\/ucalvet.com\/en\/product\/fenoksanid\/","title":{"rendered":"FENOKSANID"},"content":{"rendered":"<p><strong>Preparat\u0131n ticar\u0259t ad\u0131:<\/strong> FENOKSANID oral suspenziya.<\/p>\n<p><strong>\u0130stifad\u0259 sah\u0259si<\/strong>: Preparat iribuynuzlu heyvanlarda (\u0130BH) qoyun, ke\u00e7i v\u0259 cam\u0131\u015flarda sestodlar, m\u0259d\u0259-ba\u011f\u0131rsaq v\u0259 a\u011fciy\u0259r nematodlar\u0131 t\u0259r\u0259find\u0259 t\u00f6r\u0259dil\u0259n invaziyalar\u0131n m\u00fcalic\u0259 v\u0259 profilaktikas\u0131 m\u0259qs\u0259dil\u0259 t\u0259tbiq edilir.<\/p>\n<p><strong>D\u0259rman formas\u0131 v\u0259 qabla\u015fd\u0131rma:<\/strong> Oral istifad\u0259 \u00fc\u00e7\u00fcn suspenziyad\u0131r. Preparat 1,0 ve 2,5 litr h\u0259cmind\u0259 plastik kanistrlarda qutusuz qabla\u015fd\u0131r\u0131l\u0131r.<\/p>\n<p><strong>Preparat\u0131n t\u0259rkibi, f\u0259al madd\u0259 1,0 ml-d\u0259<\/strong>: Fenbendazol-100 mq, Rafoksanid100 mg. Yard\u0131m\u00e7\u0131 madd\u0259l\u0259r: Kinolin sar\u0131s\u0131- 0,09 mg, Natriumum metabis\u00fclfit-0,5 mg, Metil paraben-1,0 mg ve Propil paraben-0,1 mg.<\/p>\n<p><strong>\u0130stifad\u0259 v\u0259 dozala\u015fd\u0131rma qaydalar\u0131:<\/strong> Preparat 8 saatl\u0131q acl\u0131q dietas\u0131ndan sonra, oral yolu il\u0259 verilm\u0259kl\u0259 istifad\u0259 edilir. Dozala\u015fd\u0131rma heyvanlar\u0131n h\u0259r kq diri k\u00fctl\u0259sin\u0259 Fenbendazol \u00fc\u00e7\u00fcn 11,25 mg ve Rafoksanid \u00fc\u00e7\u00fcn is\u0259 11,25 mg hesab\u0131 il\u0259 dozala\u015fd\u0131r\u0131laraq daxil\u0259 verilir. Preparat\u0131n dozala\u015fd\u0131r\u0131lmas\u0131 qaramal \u00fc\u00e7\u00fcn a\u015fa\u011f\u0131dak\u0131 qaydada apar\u0131l\u0131r: H\u0259r 50 kg diri k\u00fctl\u0259sin\u0259 \u2013 5,6 ml preparat hesab\u0131 il\u0259 dozala\u015fd\u0131r\u0131l\u0131r; H\u0259r 100 kg diri k\u00fctl\u0259sin\u0259 \u2013 11,25 ml preparat hesab\u0131 il\u0259 dozala\u015fd\u0131r\u0131l\u0131r; H\u0259r 300 kg diri k\u00fctl\u0259sin\u0259 \u2013 33,75 ml preparat hesab\u0131 il\u0259 dozala\u015fd\u0131r\u0131l\u0131r; H\u0259r 500 kg diri k\u00fctl\u0259sin\u0259 \u2013 56,25 ml preparat hesab\u0131 il\u0259 dozala\u015fd\u0131r\u0131l\u0131r; Heyvanlar\u0131n diri \u00e7\u0259kisi 500 kq art\u0131q olduqda, h\u0259r 50 kq diri k\u00fctl\u0259y\u0259 g\u00f6r\u0259 5,6 ml preparat \u0259lav\u0259 edilir. Heyvanlar ba\u011fl\u0131 \u015f\u0259rait\u0259 ke\u00e7irildikd\u0259n sonra preparat\u0131n dozala\u015fd\u0131r\u0131lmas\u0131 azald\u0131l\u0131r, bel\u0259 ki h\u0259r 50 kq diri k\u00fctl\u0259si \u00fc\u00e7\u00fcn 3,75 ml, 200 kq \u00fc\u00e7\u00fcn 15 ml v\u0259 ya 500 kq \u00fc\u00e7\u00fcn 37,5 ml preparat hesab\u0131 il\u0259 dozala\u015fd\u0131r\u0131laraq istifad\u0259 edilir. Preparat\u0131n h\u0259r istifad\u0259sind\u0259n \u0259vv\u0259l flakonlar yax\u015f\u0131ca \u00e7alxalanmal\u0131d\u0131rlar.<\/p>\n<p><strong>G\u00f6zl\u0259m\u0259 vaxt\u0131:<\/strong> Preparat t\u0259tbiq edildiyi ax\u0131r\u0131nc\u0131 g\u00fcnd\u0259n 60 sutkadan sonra heyvanlar \u0259tlik m\u0259qs\u0259dil\u0259 k\u0259sil\u0259 bil\u0259rl\u0259r. Sa\u011fmal heyvanlarda istifad\u0259 edilmir. Bo\u011fazl\u0131q d\u00f6vr\u00fcn\u00fcn son 3 aylar\u0131nda istifad\u0259 edilmir.<\/p>","protected":false},"excerpt":{"rendered":"<p>FENOKSANID oral suspenziya.<\/p>","protected":false},"featured_media":413,"comment_status":"open","ping_status":"closed","template":"","meta":[],"product_brand":[],"product_cat":[43,37,63],"product_tag":[57],"class_list":{"0":"post-412","1":"product","2":"type-product","3":"status-publish","4":"has-post-thumbnail","6":"product_cat-antiparazitler","7":"product_cat-dermanlar","8":"product_cat-ruminant","9":"product_tag-ruminant","11":"first","12":"instock","13":"shipping-taxable","14":"product-type-simple"},"_links":{"self":[{"href":"https:\/\/ucalvet.com\/en\/wp-json\/wp\/v2\/product\/412","targetHints":{"allow":["GET"]}}],"collection":[{"href":"https:\/\/ucalvet.com\/en\/wp-json\/wp\/v2\/product"}],"about":[{"href":"https:\/\/ucalvet.com\/en\/wp-json\/wp\/v2\/types\/product"}],"replies":[{"embeddable":true,"href":"https:\/\/ucalvet.com\/en\/wp-json\/wp\/v2\/comments?post=412"}],"wp:featuredmedia":[{"embeddable":true,"href":"https:\/\/ucalvet.com\/en\/wp-json\/wp\/v2\/media\/413"}],"wp:attachment":[{"href":"https:\/\/ucalvet.com\/en\/wp-json\/wp\/v2\/media?parent=412"}],"wp:term":[{"taxonomy":"product_brand","embeddable":true,"href":"https:\/\/ucalvet.com\/en\/wp-json\/wp\/v2\/product_brand?post=412"},{"taxonomy":"product_cat","embeddable":true,"href":"https:\/\/ucalvet.com\/en\/wp-json\/wp\/v2\/product_cat?post=412"},{"taxonomy":"product_tag","embeddable":true,"href":"https:\/\/ucalvet.com\/en\/wp-json\/wp\/v2\/product_tag?post=412"}],"curies":[{"name":"wp","href":"https:\/\/api.w.org\/{rel}","templated":true}]}}