{"id":414,"date":"2025-10-05T09:21:44","date_gmt":"2025-10-05T13:21:44","guid":{"rendered":"https:\/\/ucalvet.com\/?post_type=product&#038;p=414"},"modified":"2025-12-13T04:22:37","modified_gmt":"2025-12-13T08:22:37","slug":"foxmit%d0%b5-50","status":"publish","type":"product","link":"https:\/\/ucalvet.com\/en\/product\/foxmit%d0%b5-50\/","title":{"rendered":"FOXMIT\u0415 50"},"content":{"rendered":"<p><strong>Preparat\u0131n ticar\u0259t ad\u0131:<\/strong> FOXMITE 50.<\/p>\n<p><strong>\u0130stifad\u0259 sah\u0259si<\/strong>: Preparat iri buynuzlu heyvanlarda, qoyun v\u0259 ke\u00e7il\u0259rd\u0259 qoturluq (Sarcoptes, Psoroptes ve Chorioptes qotur g\u0259n\u0259l\u0259ri), bit, bir\u0259, mil\u00e7\u0259kl\u0259rin imaginal ve s\u00fcrf\u0259 formalar\u0131, m\u00fcalic\u0259 v\u0259 profilaktikas\u0131 m\u0259qs\u0259di il\u0259 t\u0259tbiq edilir.<\/p>\n<p><strong>D\u0259rman formas\u0131 v\u0259 qabla\u015fd\u0131rma: <\/strong>D\u0259ri \u00fcz\u0259rin\u0259 istifad\u0259 \u00fc\u00e7\u00fcn m\u0259hlul. Preparat karton qutularda 100 ml, 250 ml ve 500 ml h\u0259cmind\u0259 plastik flakonlarda v\u0259 1,0 litr miqdar\u0131da plastik butulkalarda qutusuz qabla\u015fd\u0131r\u0131l\u0131r.<\/p>\n<p><strong>Preparat\u0131n t\u0259rkibi f\u0259al madd\u0259, 1ml-d\u0259<\/strong>: Foksim &#8211; 500 mq.<\/p>\n<p><strong>\u0130stifad\u0259 v\u0259 dozala\u015fd\u0131rma qaydalar\u0131:<\/strong> Preparat \u00e7imizdirm\u0259 (vanna), sprey (p\u00fcsk\u00fcrtm\u0259) v\u0259 \u00e7il\u0259m\u0259 \u00fcsulu il\u0259 istifad\u0259 edilir. \u00c7imizdirm\u0259 (vanna) yolu il\u0259 istifad\u0259 zaman\u0131 dozala\u015fd\u0131rma c\u0259dv\u0259ld\u0259 verilmi\u015fdir:<\/p>\n<p><strong>Qoturluq (Sarcoptes, Psoroptes ve Chorioptes qotur g\u0259n\u0259l\u0259ri) qar\u015f\u0131<\/strong><\/p>\n<ol>\n<li>Qoyun\/ke\u00e7il\u0259rd\u0259 -1 litr &#8220;FOXMITE 50&#8221; preparat\u0131 &#8211; 2000 litr suya qar\u0131\u015fd\u0131r\u0131l\u0131r. -Xroniki qoturlu\u011fun m\u00fcalic\u0259sind\u0259: 1 litr &#8220;FOXMITE 50&#8221; preparat\u0131 &#8211; 1000 litr suya qar\u0131\u015fd\u0131r\u0131l\u0131r.\\<\/li>\n<li>Iri buynuzlu heyvanlarda -1 litr &#8220;FOXMITE 50&#8221; preparat\u0131 &#8211; 1000 litr suya qar\u0131\u015fd\u0131r\u0131l\u0131r. -Xroniki qoturlu\u011fun m\u00fcalic\u0259sind\u0259: 1 litr &#8220;FOXMITE 50&#8221; preparat\u0131 &#8211; 500 litr suya qar\u0131\u015fd\u0131r\u0131l\u0131r.<\/li>\n<\/ol>\n<p><strong>Bit, bir\u0259, mil\u00e7\u0259kl\u0259rin imaginal v\u0259 s\u00fcrf\u0259 formalar\u0131na qar\u015f\u0131<\/strong><\/p>\n<ol>\n<li>Qoyun\/ke\u00e7il\u0259rd\u0259: 1 litr &#8220;FOXMITE 50&#8221; preparat\u0131 &#8211; 2000 litr suya qar\u0131\u015fd\u0131r\u0131l\u0131r.<\/li>\n<li>\u0130ri buynuzlu heyvanlarda: 1 litr &#8220;FOXMITE 50&#8221; preparat\u0131 &#8211; 1000 litr suya qar\u0131\u015fd\u0131r\u0131l\u0131r.<br \/>\nSprey (p\u00fcsk\u00fcrtm\u0259) v\u0259 \u00e7il\u0259m\u0259 yolu il\u0259 istifad\u0259: \u0130ri buynuzlu heyvanlarda: 5 litr suya 10 ml &#8220;FOXMITE 50&#8221; preparat\u0131 qar\u0131\u015fd\u0131r\u0131l\u0131r.<\/li>\n<li>Qoyun\/Ke\u00e7i: 10 litr suya 10 ml &#8220;FOXMITE 50&#8221; preparat\u0131 qar\u0131\u015fd\u0131r\u0131l\u0131r. Bit, bir\u0259, mil\u00e7\u0259kl\u0259rin imaginal v\u0259 s\u00fcrf\u0259 formalar\u0131na qar\u015f\u0131 i\u015fl\u0259m\u0259 bir d\u0259f\u0259 apar\u0131l\u0131r;<\/li>\n<\/ol>\n<p>Qoturluq (Sarcoptes, Psoroptes ve Chorioptes qotur g\u0259n\u0259l\u0259ri) il\u0259 yoluxma zaman\u0131 m\u00fcalic\u0259 g\u00fcnd\u0259 2 d\u0259f\u0259, 7 g\u00fcn fasil\u0259 verilm\u0259kl\u0259 apar\u0131l\u0131r. Heyvanlar\u0131n ektoparazitl\u0259r\u0259 yoluxmamas\u0131 \u00fc\u00e7\u00fcn onlar saxlan\u0131lan binalar\u0131n d\u00f6\u015f\u0259m\u0259si, axurlar, g\u0259zinti meydanlar\u0131 vaxta\u015f\u0131r\u0131 t\u0259mizl\u0259m\u0259kl\u0259, insektisidl\u0259rl\u0259 i\u015fl\u0259m\u0259k laz\u0131md\u0131r. Flakonlar i\u015fl\u0259m\u0259zd\u0259n \u0259vv\u0259l yax\u015f\u0131ca \u00e7alxalanmal\u0131d\u0131r. Qeyd: Preparat k\u00fctl\u0259vi t\u0259tbiq edilm\u0259zd\u0259n \u0259vv\u0259l ki\u00e7ik qrup heyvanlar (3-5 ba\u015f) \u00fcz\u0259rinde s\u0131naqdan ke\u00e7irilir v\u0259 3 g\u00fcn \u0259rzind\u0259 he\u00e7 bir f\u0259sad m\u00fc\u015fahid\u0259 edilm\u0259dikd\u0259 k\u00fctl\u0259vi t\u0259tbiq olunur. \u0130stehsal\u00e7\u0131n\u0131n istifad\u0259 t\u0259limat\u0131nda v\u0259 qabla\u015fma (tara) \u00fcz\u0259rind\u0259 g\u00f6st\u0259ril\u0259n istifad\u0259 v\u0259 dozala\u015fd\u0131rma qaydalar\u0131 \u00fcst\u00fcn hesab edilm\u0259lidir.<\/p>\n<p><strong>G\u00f6zl\u0259m\u0259 vaxt\u0131:<\/strong> \u0130ri buynuzlu heyvanlar 40, qoyunlar 42 v\u0259 ke\u00e7il\u0259r 28 g\u00fcn sonra \u0259tlik m\u0259qs\u0259dil\u0259 k\u0259sim\u0259 g\u00f6nd\u0259ril\u0259 bil\u0259r.<\/p>","protected":false},"excerpt":{"rendered":"<p>FOXMITE 50.<\/p>","protected":false},"featured_media":1175,"comment_status":"open","ping_status":"closed","template":"","meta":[],"product_brand":[],"product_cat":[43,37,66,63],"product_tag":[57],"class_list":{"0":"post-414","1":"product","2":"type-product","3":"status-publish","4":"has-post-thumbnail","6":"product_cat-antiparazitler","7":"product_cat-dermanlar","8":"product_cat-ev-heyvani","9":"product_cat-ruminant","10":"product_tag-ruminant","12":"first","13":"instock","14":"shipping-taxable","15":"product-type-simple"},"_links":{"self":[{"href":"https:\/\/ucalvet.com\/en\/wp-json\/wp\/v2\/product\/414","targetHints":{"allow":["GET"]}}],"collection":[{"href":"https:\/\/ucalvet.com\/en\/wp-json\/wp\/v2\/product"}],"about":[{"href":"https:\/\/ucalvet.com\/en\/wp-json\/wp\/v2\/types\/product"}],"replies":[{"embeddable":true,"href":"https:\/\/ucalvet.com\/en\/wp-json\/wp\/v2\/comments?post=414"}],"wp:featuredmedia":[{"embeddable":true,"href":"https:\/\/ucalvet.com\/en\/wp-json\/wp\/v2\/media\/1175"}],"wp:attachment":[{"href":"https:\/\/ucalvet.com\/en\/wp-json\/wp\/v2\/media?parent=414"}],"wp:term":[{"taxonomy":"product_brand","embeddable":true,"href":"https:\/\/ucalvet.com\/en\/wp-json\/wp\/v2\/product_brand?post=414"},{"taxonomy":"product_cat","embeddable":true,"href":"https:\/\/ucalvet.com\/en\/wp-json\/wp\/v2\/product_cat?post=414"},{"taxonomy":"product_tag","embeddable":true,"href":"https:\/\/ucalvet.com\/en\/wp-json\/wp\/v2\/product_tag?post=414"}],"curies":[{"name":"wp","href":"https:\/\/api.w.org\/{rel}","templated":true}]}}