{"id":416,"date":"2025-10-05T09:23:33","date_gmt":"2025-10-05T13:23:33","guid":{"rendered":"https:\/\/ucalvet.com\/?post_type=product&#038;p=416"},"modified":"2025-11-25T09:19:12","modified_gmt":"2025-11-25T13:19:12","slug":"vitalac","status":"publish","type":"product","link":"https:\/\/ucalvet.com\/en\/product\/vitalac\/","title":{"rendered":"VitalAc"},"content":{"rendered":"<p><strong>Preparat\u0131n ticar\u0259t ad\u0131:<\/strong> &#8220;VitalAc&#8221;.<\/p>\n<p><strong>\u0130stifad\u0259 sah\u0259si<\/strong>: Buzov, quzu, qu\u015flarda v\u0259 ar\u0131larda vitamin \u00e7at\u0131\u015fmazl\u0131\u011f\u0131 n\u0259tic\u0259sind\u0259 ba\u015f ver\u0259n x\u0259st\u0259likl\u0259rin m\u00fcalic\u0259 v\u0259 profilaktikas\u0131, stress faktorlar\u0131n\u0131n z\u0259r\u0259rli t\u0259sirl\u0259rinin qar\u015f\u0131s\u0131n\u0131n al\u0131nmas\u0131, infeksion, parazitar x\u0259st\u0259likl\u0259rin m\u00fcalic\u0259sind\u0259 yard\u0131m\u00e7\u0131 v\u0259 vitamin \u00e7at\u0131\u015fmazl\u0131\u011f\u0131 n\u0259tic\u0259sind\u0259 ba\u015f ver\u0259n x\u0259st\u0259likl\u0259rin m\u00fcalic\u0259sind\u0259 d\u0259st\u0259kl\u0259yici vasit\u0259 kimi istifad\u0259 edilir.<\/p>\n<p><strong>D\u0259rman formas\u0131 v\u0259 qabla\u015fd\u0131rma: <\/strong>Preparat 100q miqdar\u0131nda folqal\u0131 paketl\u0259rd\u0259 qabla\u015fd\u0131r\u0131l\u0131r. Toz \u015f\u0259killidir.<\/p>\n<p><strong>Preparat\u0131n t\u0259rkibi f\u0259al madd\u0259, 1ml-d\u0259<\/strong>: Vitamin A- 1500000 BV, Vitamin D3-250000 BV, Vitamin E- 250 mq, Vitamin B1- 250 mq, Vitamin B2- 1000 mq, Vitamin B6- 20 mq, Vitamin B12- 1 mq, Vitamin C- 3000 mq, Vitamin K3- 1500 mq, Niasin (Vitamin B3)- 3000 mq, Kalsium D pantotenat (Vitamin B5)- 1500 mq.<\/p>\n<p><strong>\u0130stifad\u0259 v\u0259 dozala\u015fd\u0131rma qaydalar\u0131: <\/strong>Baytar h\u0259kimi t\u0259r\u0259find\u0259n ba\u015fqa qaydada m\u0259sl\u0259h\u0259t g\u00f6r\u00fclm\u00fcrs\u0259 preparat a\u015fa\u011f\u0131dak\u0131 qaydalarla dozala\u015fd\u0131r\u0131l\u0131r: Quzu v\u0259 o\u011flaqlara 5 -10 q (1- 2 \u00e7ay qa\u015f\u0131\u011f\u0131) miqdar\u0131nda suya v\u0259 ya s\u00fcd\u0259 qar\u0131\u015fd\u0131r\u0131laraq i\u00e7irdilir, risk fatoru yox olana q\u0259d\u0259r; Buzovlara 10 -20 q (2- 4 \u00e7ay qa\u015f\u0131\u011f\u0131) miqdar\u0131nda suya v\u0259 ya s\u00fcd\u0259 qar\u0131\u015fd\u0131r\u0131laraq i\u00e7irdilir, risk fatoru yox olana q\u0259d\u0259r; Qu\u015flara 1 litr i\u00e7m\u0259li suya 25 -30 q (5-6 \u00e7ay qa\u015f\u0131\u011f\u0131) miqdar\u0131nda qar\u0131\u015fd\u0131r\u0131laraq i\u00e7irdilir, risk fatoru yox olana q\u0259d\u0259r; Su il\u0259 duruldulmu\u015f m\u0259hlul 24 saat \u0259rzind\u0259 i\u00e7ilm\u0259lidir. D\u0259rmanl\u0131 su h\u0259r g\u00fcn t\u0259z\u0259 v\u0259 qu\u015flar\u0131n i\u00e7\u0259 bil\u0259c\u0259k h\u0259cmd\u0259 haz\u0131rlanmal\u0131d\u0131r. Ar\u0131lara (X\u0259st\u0259likl\u0259rin profilaktikas\u0131 \u00fc\u00e7\u00fcn): 5 litr \u015f\u0259rb\u0259t\u0259 v\u0259 ya i\u00e7m\u0259li suyuna 10 g (2 \u00e7ay qa\u015f\u0131\u011f\u0131) miqdar\u0131nda qar\u0131\u015fd\u0131r\u0131laraq verilir; Ar\u0131lara (X\u0259st\u0259likl\u0259rin m\u00fcalic\u0259si zaman\u0131): 5 litr \u015f\u0259rb\u0259t\u0259 v\u0259 ya i\u00e7m\u0259li suyuna 20 g (4 \u00e7ay qa\u015f\u0131\u011f\u0131) miqdar\u0131nda qar\u0131\u015fd\u0131r\u0131laraq verilir M\u00fcalic\u0259 fasil\u0259siz olaraq 4-5 g\u00fcn \u0259rzind\u0259 apar\u0131lmal\u0131d\u0131r. Qeyd: Preparat\u0131n k\u00fctl\u0259vi t\u0259tbiq edilm\u0259sind\u0259n \u0259vv\u0259l ki\u00e7ik qrup heyvanlar \u00fcz\u0259rind\u0259 s\u0131naqdan ke\u00e7irilir v\u0259 3 g\u00fcn \u0259rzind\u0259 he\u00e7 bir f\u0259sad m\u00fc\u015fahid\u0259 edilm\u0259dikd\u0259 k\u00fctl\u0259vi t\u0259tbiq olunur. \u0130stehsal\u00e7\u0131n\u0131n istifad\u0259 t\u0259limat\u0131nda v\u0259 qabla\u015fma (tara) \u00fcz\u0259rind\u0259 g\u00f6st\u0259ril\u0259n istifad\u0259 v\u0259 dozala\u015fd\u0131rma qaydalar\u0131 \u00fcst\u00fcn hesab edilm\u0259lidir. Verilmi\u015f t\u0259limat ist tehsal\u00e7\u0131 t\u0259r\u0259find\u0259n preparat\u0131n t\u0259rkibind\u0259 h\u0259r hans\u0131 d\u0259yi\u015fiklik edilm\u0259diyi m\u00fcdd\u0259td\u0259 etibarl\u0131d\u0131r.<\/p>\n<p><strong>G\u00f6zl\u0259m\u0259 vaxt\u0131<\/strong>: G\u00f6zl\u0259m\u0259 vaxt\u0131 t\u0259l\u0259b edilmir.<\/p>","protected":false},"excerpt":{"rendered":"<p>&#8220;VitalAc&#8221;.<\/p>","protected":false},"featured_media":417,"comment_status":"open","ping_status":"closed","template":"","meta":[],"product_brand":[],"product_cat":[62,37],"product_tag":[25,46,57],"class_list":{"0":"post-416","1":"product","2":"type-product","3":"status-publish","4":"has-post-thumbnail","6":"product_cat-ari","7":"product_cat-dermanlar","8":"product_tag-ari","9":"product_tag-qusculuq","10":"product_tag-ruminant","12":"first","13":"instock","14":"shipping-taxable","15":"product-type-simple"},"_links":{"self":[{"href":"https:\/\/ucalvet.com\/en\/wp-json\/wp\/v2\/product\/416","targetHints":{"allow":["GET"]}}],"collection":[{"href":"https:\/\/ucalvet.com\/en\/wp-json\/wp\/v2\/product"}],"about":[{"href":"https:\/\/ucalvet.com\/en\/wp-json\/wp\/v2\/types\/product"}],"replies":[{"embeddable":true,"href":"https:\/\/ucalvet.com\/en\/wp-json\/wp\/v2\/comments?post=416"}],"wp:featuredmedia":[{"embeddable":true,"href":"https:\/\/ucalvet.com\/en\/wp-json\/wp\/v2\/media\/417"}],"wp:attachment":[{"href":"https:\/\/ucalvet.com\/en\/wp-json\/wp\/v2\/media?parent=416"}],"wp:term":[{"taxonomy":"product_brand","embeddable":true,"href":"https:\/\/ucalvet.com\/en\/wp-json\/wp\/v2\/product_brand?post=416"},{"taxonomy":"product_cat","embeddable":true,"href":"https:\/\/ucalvet.com\/en\/wp-json\/wp\/v2\/product_cat?post=416"},{"taxonomy":"product_tag","embeddable":true,"href":"https:\/\/ucalvet.com\/en\/wp-json\/wp\/v2\/product_tag?post=416"}],"curies":[{"name":"wp","href":"https:\/\/api.w.org\/{rel}","templated":true}]}}