{"id":418,"date":"2025-10-05T09:25:27","date_gmt":"2025-10-05T13:25:27","guid":{"rendered":"https:\/\/ucalvet.com\/?post_type=product&#038;p=418"},"modified":"2025-11-15T10:06:56","modified_gmt":"2025-11-15T14:06:56","slug":"famekt","status":"publish","type":"product","link":"https:\/\/ucalvet.com\/en\/product\/famekt\/","title":{"rendered":"Famect"},"content":{"rendered":"<p><strong>Preparat\u0131n ticar\u0259t ad\u0131:<\/strong> Famekt &#8211; Famect.<\/p>\n<p><strong>\u0130stifad\u0259 sah\u0259si<\/strong>: Preparat iri v\u0259 x\u0131rda buynuzlu heyvanlarda, ke\u00e7il\u0259rd\u0259, d\u0259v\u0259l\u0259rd\u0259 v\u0259 Ostertagia, Trichostrongulus spp., Cooperia spp., Nematodirus spp., Dictyocaulus spp., Mange mil\u00e7\u0259yi, sorucu bitl\u0259r, g\u0259n\u0259l\u0259r, g\u00f6z qurdlar\u0131 v\u0259 sair d\u0259ri parazitl\u0259rin\u0259 qar\u015f\u0131 istifad\u0259 edilir.<\/p>\n<p><strong>D\u0259rman formas\u0131 v\u0259 qabla\u015fd\u0131rma: <\/strong>\u0130nyeksiya \u00fc\u00e7\u00fcn m\u0259hlul. Preparat 20, 50, 100 v\u0259 250 ml h\u0259cmind\u0259 \u015f\u00fc\u015f\u0259 flakonlarda qabla\u015fd\u0131r\u0131l\u0131r. Flakonlar, karton qutulara qoyulur<\/p>\n<p><strong>Preparat\u0131n t\u0259rkibi, f\u0259al madd\u0259 1 ml-d\u0259<\/strong>: Ivermektin -10 mq.<\/p>\n<p><strong>\u0130stifad\u0259 v\u0259 dozala\u015fd\u0131rma qaydalar\u0131:<\/strong> Preparat heyvanlarda d\u0259rialt\u0131na inyeksiya edilm\u0259kl\u0259 t\u0259tbiq edilir. Dozala\u015fd\u0131rma heyvanlar\u0131n h\u0259r 50 kq diri k\u00fctl\u0259sin\u0259 1 ml preparat hesab\u0131 il\u0259 dozala\u015fd\u0131r\u0131laraq, 1 d\u0259f\u0259 olmaqla inyeksiya edilir. \u0130nyeksiya edil\u0259rk\u0259n antiseptika v\u0259 aseptika qaydalar\u0131na \u0259m\u0259l edilm\u0259lidir. Preparat\u0131n bird\u0259f\u0259lik dozas\u0131n\u0131n miqdar\u0131 iribuynuzlu heyvanlara 10 ml, buzov, qoyun v\u0259 ke\u00e7il\u0259rd\u0259 5 ml art\u0131q olduqda, t\u0259yin edilmi\u015f doza b\u0259rab\u0259r hiss\u0259l\u0259r\u0259 b\u00f6l\u00fcn\u0259r\u0259k ayr\u0131- ayr\u0131 hiss\u0259l\u0259rd\u0259n inyeksiya edilir.<\/p>\n<p><strong>Preparat t\u0259tbiq edilmi\u015f heyvan m\u0259hsullar\u0131n\u0131n qida kimi istifad\u0259 edilm\u0259si \u00fc\u00e7\u00fcn g\u00f6zl\u0259m\u0259 vaxt\u0131: <\/strong>Preparat t\u0259tbiq edildiyi ax\u0131r\u0131nc\u0131 g\u00fcnd\u0259n 35 sutka sonra iri buynuzlu heyvanlar, ke\u00e7i v\u0259 qoyunlar 42 g\u00fcn sonra \u0259tlik m\u0259qs\u0259dil\u0259 k\u0259sil\u0259 bil\u0259rl\u0259r. Sa\u011fmal heyvanlarda preparat istifad\u0259 edilmir.<\/p>","protected":false},"excerpt":{"rendered":"<p>Famekt &#8211; Famect.<\/p>","protected":false},"featured_media":1085,"comment_status":"open","ping_status":"closed","template":"","meta":[],"product_brand":[],"product_cat":[43,37,63],"product_tag":[57],"class_list":{"0":"post-418","1":"product","2":"type-product","3":"status-publish","4":"has-post-thumbnail","6":"product_cat-antiparazitler","7":"product_cat-dermanlar","8":"product_cat-ruminant","9":"product_tag-ruminant","11":"first","12":"instock","13":"shipping-taxable","14":"product-type-simple"},"_links":{"self":[{"href":"https:\/\/ucalvet.com\/en\/wp-json\/wp\/v2\/product\/418","targetHints":{"allow":["GET"]}}],"collection":[{"href":"https:\/\/ucalvet.com\/en\/wp-json\/wp\/v2\/product"}],"about":[{"href":"https:\/\/ucalvet.com\/en\/wp-json\/wp\/v2\/types\/product"}],"replies":[{"embeddable":true,"href":"https:\/\/ucalvet.com\/en\/wp-json\/wp\/v2\/comments?post=418"}],"wp:featuredmedia":[{"embeddable":true,"href":"https:\/\/ucalvet.com\/en\/wp-json\/wp\/v2\/media\/1085"}],"wp:attachment":[{"href":"https:\/\/ucalvet.com\/en\/wp-json\/wp\/v2\/media?parent=418"}],"wp:term":[{"taxonomy":"product_brand","embeddable":true,"href":"https:\/\/ucalvet.com\/en\/wp-json\/wp\/v2\/product_brand?post=418"},{"taxonomy":"product_cat","embeddable":true,"href":"https:\/\/ucalvet.com\/en\/wp-json\/wp\/v2\/product_cat?post=418"},{"taxonomy":"product_tag","embeddable":true,"href":"https:\/\/ucalvet.com\/en\/wp-json\/wp\/v2\/product_tag?post=418"}],"curies":[{"name":"wp","href":"https:\/\/api.w.org\/{rel}","templated":true}]}}