{"id":419,"date":"2025-10-05T09:27:15","date_gmt":"2025-10-05T13:27:15","guid":{"rendered":"https:\/\/ucalvet.com\/?post_type=product&#038;p=419"},"modified":"2025-12-09T13:54:50","modified_gmt":"2025-12-09T17:54:50","slug":"ektometrin-1","status":"publish","type":"product","link":"https:\/\/ucalvet.com\/en\/product\/ektometrin-1\/","title":{"rendered":"Ektometrin 1%"},"content":{"rendered":"<p><strong>Preparat\u0131n ticar\u0259t ad\u0131:<\/strong> Ektometrin 1%<\/p>\n<p><strong>\u0130stifad\u0259 sah\u0259si<\/strong>: Preparat in\u0259k v\u0259 qoyunlara, g\u0259n\u0259l\u0259r\u0259, bit v\u0259 dig\u0259r parazitl\u0259r\u0259 qar\u015f\u0131 i\u015fl\u0259dilir &#8211; Haemotopinus sternus, Linoqnathus vituli, Bavicola bovis, B. Ovis, Melophaqus ovinus -Ekto parazitl\u0259r &#8211; Amblyoma sp., Boophilus sp., Hyaloma sp., Rhipicephalus sp. Ixoides ricinus, Dermacetor sp. kimi g\u0259n\u0259l\u0259r\u0259 v\u0259 qoturluq t\u00f6r\u0259dicisi Psoroptes sp. qar\u015f\u0131 i\u015fl\u0259dilir.<\/p>\n<p><strong>D\u0259rman formas\u0131 v\u0259 qabla\u015fd\u0131rma:<\/strong> Preparat 100, 250, 500, 1000 v\u0259 2500ml h\u0259cminde polietilen taralarda qabla\u015fd\u0131r\u0131l\u0131r. Xaric\u0259 istifad\u0259 \u00fc\u00e7\u00fcn m\u0259hlul.<\/p>\n<p><strong>Preparat\u0131n t\u0259rkibi, f\u0259al madd\u0259 1,0 ml-d\u0259:<\/strong> Flumetrin- 10 mq.<\/p>\n<p><strong>\u0130stifad\u0259 v\u0259 dozala\u015fd\u0131rma qaydalar\u0131:<\/strong> Preparat quru, z\u0259d\u0259l\u0259nm\u0259mi\u015f, heyvan\u0131n dili \u00e7atmad\u0131\u011f\u0131 v\u0259 yalaya bilm\u0259diyi yerl\u0259r\u0259: onur\u011fa s\u00fct\u00fcn\u00fc boyu, k\u00fcr\u0259kl\u0259r aras\u0131na, boyun v\u0259 \u0259ns\u0259 nahiyy\u0259l\u0259rind\u0259ki t\u00fck\u00fc aral\u0131yaraq bir ba\u015fa d\u0259ri s\u0259thin\u0259 \u00e7\u0259kilm\u0259lidir. Preparat\u0131n iksodid g\u0259n\u0259l\u0259rind\u0259n v\u0259 h\u0259\u015faratlardan qoruyucu t\u0259siri 4-8 h\u0259ft\u0259dir. Preparat\u0131n dozala\u015fd\u0131r\u0131lmas\u0131 a\u015fa\u011f\u0131dak\u0131 c\u0259dv\u0259l\u0259r \u00fczr\u0259 apar\u0131l\u0131r:<\/p>\n<table style=\"height: 391px;\" width=\"738\">\n<tbody>\n<tr>\n<td width=\"161\">\u0130n\u0259kl\u0259rd\u0259 dozala\u015fd\u0131rma<\/td>\n<td width=\"113\">G\u0259n\u0259l\u0259r\u0259 qar\u015f\u0131<\/td>\n<td width=\"133\">Bit v\u0259 bir\u0259l\u0259r\u0259 qar\u015f\u0131<\/td>\n<\/tr>\n<tr>\n<td width=\"161\">100 diri k\u00fctl\u0259sine<\/td>\n<td width=\"113\">10 ml<\/td>\n<td width=\"133\">20 ml<\/td>\n<\/tr>\n<tr>\n<td width=\"161\">200 diri k\u00fctl\u0259sine<\/td>\n<td width=\"113\">20 ml<\/td>\n<td width=\"133\">40 ml<\/td>\n<\/tr>\n<tr>\n<td width=\"161\">300 diri k\u00fctl\u0259sine<\/td>\n<td width=\"113\">30 ml<\/td>\n<td width=\"133\">60 ml<\/td>\n<\/tr>\n<tr>\n<td width=\"161\">400 diri k\u00fctl\u0259sine<\/td>\n<td width=\"113\">40 ml<\/td>\n<td width=\"133\">80 ml<\/td>\n<\/tr>\n<tr>\n<td width=\"161\">500 diri k\u00fctl\u0259sine<\/td>\n<td width=\"113\">50 ml<\/td>\n<td width=\"133\">100 ml<\/td>\n<\/tr>\n<\/tbody>\n<\/table>\n<p>&nbsp;<\/p>\n<table style=\"height: 399px;\" width=\"739\">\n<tbody>\n<tr>\n<td width=\"168\">Qoyun- ke\u00e7i dozala\u015fd\u0131rma<\/td>\n<td width=\"127\">G\u0259n\u0259l\u0259r\u0259 qar\u015f\u0131<\/td>\n<td width=\"188\">Bit v\u0259 bir\u0259l\u0259r\u0259 qar\u015f\u0131<\/td>\n<\/tr>\n<tr>\n<td width=\"168\">10 diri k\u00fctl\u0259sin\u0259<\/td>\n<td width=\"127\">1 ml<\/td>\n<td width=\"188\">2 ml<\/td>\n<\/tr>\n<tr>\n<td width=\"168\">20 diri k\u00fctl\u0259sin\u0259<\/td>\n<td width=\"127\">2 ml<\/td>\n<td width=\"188\">4 ml<\/td>\n<\/tr>\n<tr>\n<td width=\"168\">30 diri k\u00fctl\u0259sin\u0259<\/td>\n<td width=\"127\">3 ml<\/td>\n<td width=\"188\">6 ml<\/td>\n<\/tr>\n<tr>\n<td width=\"168\">40 diri k\u00fctl\u0259sin\u0259<\/td>\n<td width=\"127\">4 ml<\/td>\n<td width=\"188\">8 ml<\/td>\n<\/tr>\n<tr>\n<td width=\"168\">50 diri k\u00fctl\u0259sin\u0259<\/td>\n<td width=\"127\">5 ml<\/td>\n<td width=\"188\">10 ml<\/td>\n<\/tr>\n<\/tbody>\n<\/table>","protected":false},"excerpt":{"rendered":"<p>Ektometrin 1%<\/p>","protected":false},"featured_media":420,"comment_status":"open","ping_status":"closed","template":"","meta":[],"product_brand":[],"product_cat":[43,37,66],"product_tag":[57],"class_list":{"0":"post-419","1":"product","2":"type-product","3":"status-publish","4":"has-post-thumbnail","6":"product_cat-antiparazitler","7":"product_cat-dermanlar","8":"product_cat-ev-heyvani","9":"product_tag-ruminant","11":"first","12":"instock","13":"shipping-taxable","14":"product-type-simple"},"_links":{"self":[{"href":"https:\/\/ucalvet.com\/en\/wp-json\/wp\/v2\/product\/419","targetHints":{"allow":["GET"]}}],"collection":[{"href":"https:\/\/ucalvet.com\/en\/wp-json\/wp\/v2\/product"}],"about":[{"href":"https:\/\/ucalvet.com\/en\/wp-json\/wp\/v2\/types\/product"}],"replies":[{"embeddable":true,"href":"https:\/\/ucalvet.com\/en\/wp-json\/wp\/v2\/comments?post=419"}],"wp:featuredmedia":[{"embeddable":true,"href":"https:\/\/ucalvet.com\/en\/wp-json\/wp\/v2\/media\/420"}],"wp:attachment":[{"href":"https:\/\/ucalvet.com\/en\/wp-json\/wp\/v2\/media?parent=419"}],"wp:term":[{"taxonomy":"product_brand","embeddable":true,"href":"https:\/\/ucalvet.com\/en\/wp-json\/wp\/v2\/product_brand?post=419"},{"taxonomy":"product_cat","embeddable":true,"href":"https:\/\/ucalvet.com\/en\/wp-json\/wp\/v2\/product_cat?post=419"},{"taxonomy":"product_tag","embeddable":true,"href":"https:\/\/ucalvet.com\/en\/wp-json\/wp\/v2\/product_tag?post=419"}],"curies":[{"name":"wp","href":"https:\/\/api.w.org\/{rel}","templated":true}]}}