{"id":421,"date":"2025-10-05T09:28:10","date_gmt":"2025-10-05T13:28:10","guid":{"rendered":"https:\/\/ucalvet.com\/?post_type=product&#038;p=421"},"modified":"2025-11-15T10:08:54","modified_gmt":"2025-11-15T14:08:54","slug":"tylo-200","status":"publish","type":"product","link":"https:\/\/ucalvet.com\/en\/product\/tylo-200\/","title":{"rendered":"TYLO 200"},"content":{"rendered":"<p><strong>Preparat\u0131n ticar\u0259t ad\u0131:<\/strong> TYLO 200 inyeksiya \u00fc\u00e7\u00fcn m\u0259hlul.<\/p>\n<p><strong>\u0130stifad\u0259 sah\u0259si<\/strong>: Preparat m\u0259hsuldar ev heyvanlar\u0131n\u0131n v\u0259 qeyri m\u0259hsuldar heyvanlar\u0131n (it, pi\u015fik) m\u0259d\u0259- ba\u011f\u0131rsaq yollar\u0131n\u0131n, t\u0259n\u0259ff\u00fcs orqanlar\u0131n\u0131n, sidik- t\u0259n\u0259s\u00fcl sisteminin v\u0259 sair orqan v\u0259 toxumalar\u0131n preparat\u0131n f\u0259al t\u0259siredici madd\u0259sin\u0259 h\u0259ssas olan mikroorqanizml\u0259r t\u0259r\u0259find\u0259n t\u00f6r\u0259dil\u0259n x\u0259st\u0259likl\u0259rin m\u00fcalic\u0259si m\u0259qs\u0259di il\u0259 t\u0259tbiq edilir. Preparat h\u0259m d\u0259 c\u0259rrahi \u0259m\u0259liyyatlardan v\u0259 do\u011fu\u015fdan sonrak\u0131 infeksiyalar\u0131n, ikincili bakterial infeksiyal\u0131 virus x\u0259st\u0259likl\u0259rinin m\u00fcalic\u0259si m\u0259qs\u0259di il\u0259 i\u015fl\u0259dilir.<\/p>\n<p><strong>D\u0259rman formas\u0131 v\u0259 qabla\u015fd\u0131rma:<\/strong> Preparat 50 v\u0259 100 ml h\u0259cmind\u0259 t\u00fcnd r\u0259ngli \u015f\u00fc\u015f\u0259 flakonlarda qabla\u015fd\u0131r\u0131l\u0131r. Flakonlar, karton qutululara qoyulur. \u0130nyeksiya \u00fc\u00e7\u00fcn m\u0259hlul.<\/p>\n<p><strong>Preparat\u0131n t\u0259rkibi, f\u0259al madd\u0259 1 ml-d\u0259:<\/strong> Tilozin -200 mq v\u0259. K\u00f6m\u0259k\u00e7i madd\u0259: 41,66 mb benzil spirti (konservant).<\/p>\n<p><strong>\u0130stifad\u0259 v\u0259 dozala\u015fd\u0131rma qaydalar\u0131:<\/strong> Preparat sutkada bir d\u0259f\u0259, \u0259z\u0259l\u0259daxili (v\u0259 ya yalniz in\u0259kl\u0259rd\u0259 asta \u015f\u0259kild\u0259 venadaxili), a\u015fa\u011f\u0131dak\u0131 qaydalara uy\u011fun t\u0259tbiq edilir. &#8211; Iri buynuzlu heyvanlara onlar\u0131n h\u0259r 100 kq diri k\u00fctl\u0259sin\u0259 2,5- 5,0 ml preparat (v\u0259 ya h\u0259r kq diri k\u00fctl\u0259y\u0259 5- 10 mq tilozin) hesab\u0131 il\u0259 3 g\u00fcn inyeksiya edilir; Qoyun v\u0259 ke\u00e7il\u0259r\u0259 onlar\u0131n h\u0259r 50 kq diri k\u00fctl\u0259sin\u0259 2,5 ml preparat (v\u0259 ya h\u0259r kq diri k\u00fctl\u0259y\u0259 10 mq tilozin) hesab\u0131 il\u0259 3 g\u00fcn inyeksiya edilir; &#8211; \u0130t v\u0259 pi\u015fikl\u0259r\u0259 onlar\u0131n h\u0259r 10 kq diri k\u00fctl\u0259sin\u0259 0,35- 0,55 ml preparat (v\u0259 ya h\u0259r kq diri k\u00fctl\u0259y\u0259 11 mq tilozin) hesab\u0131 il\u0259 3 g\u00fcn inyeksiya edilir. Preparat\u0131n bird\u0259f\u0259lik dozas\u0131n\u0131n miqdar\u0131 iribuynuzlu heyvanlara 15 ml, buzov, qoyun v\u0259 ke\u00e7il\u0259rd\u0259 5 ml- d\u0259n art\u0131q olduqda, t\u0259yin edilmi\u015f doza b\u0259rab\u0259r hiss\u0259l\u0259r\u0259 b\u00f6l\u00fcn\u0259r\u0259k ayr\u0131- ayr\u0131 hiss\u0259l\u0259rd\u0259n inyeksiya edilir. Qeyd: Baytarl\u0131q Aptekl\u0259rind\u0259, baytar resepti \u0259sas\u0131nda sat\u0131l\u0131r. \u0130stehsal\u00e7\u0131n\u0131n istifad\u0259 t\u0259limat\u0131nda v\u0259 qabla\u015fma (tara) \u00fcz\u0259rind\u0259 g\u00f6st\u0259ril\u0259n istifad\u0259 v\u0259 dozala\u015fd\u0131rma qaydalar\u0131 \u00fcst\u00fcn hesab edilm\u0259lidir. Verilmi\u015f t\u0259limat istehsal\u00e7\u0131 t\u0259r\u0259find\u0259n preparat\u0131n t\u0259rkibind\u0259 h\u0259r hans\u0131 d\u0259yi\u015fiklik edilm\u0259diyi m\u00fcdd\u0259td\u0259 etibarl\u0131d\u0131r.<\/p>\n<p><strong>Preparat t\u0259tbiq edilmi\u015f heyvan m\u0259hsullar\u0131n\u0131n qida kimi istifad\u0259 edilm\u0259si \u00fc\u00e7\u00fcn g\u00f6zl\u0259m\u0259 vaxt\u0131:<\/strong> Preparat t\u0259tbiq edildiyi ax\u0131r\u0131nc\u0131 g\u00fcnd\u0259n 28 sutka sonra iri buynuzlu heyvanlar, ke\u00e7i v\u0259 qoyunlar 42 g\u00fcn sonra \u0259tlik m\u0259qs\u0259dil\u0259 k\u0259sil\u0259 bil\u0259rl\u0259r. S\u00fcd \u00fc\u00e7\u00fcn d\u0259 g\u00f6zl\u0259m\u0259 vaxt\u0131 5 g\u00fcnd\u00fcr.<\/p>","protected":false},"excerpt":{"rendered":"<p>TYLO 200 inyeksiya \u00fc\u00e7\u00fcn m\u0259hlul.<\/p>","protected":false},"featured_media":422,"comment_status":"open","ping_status":"closed","template":"","meta":[],"product_brand":[],"product_cat":[43,37,65,63],"product_tag":[55,57],"class_list":{"0":"post-421","1":"product","2":"type-product","3":"status-publish","4":"has-post-thumbnail","6":"product_cat-antiparazitler","7":"product_cat-dermanlar","8":"product_cat-qusculuq","9":"product_cat-ruminant","10":"product_tag-ev-heyvani","11":"product_tag-ruminant","13":"first","14":"instock","15":"shipping-taxable","16":"product-type-simple"},"_links":{"self":[{"href":"https:\/\/ucalvet.com\/en\/wp-json\/wp\/v2\/product\/421","targetHints":{"allow":["GET"]}}],"collection":[{"href":"https:\/\/ucalvet.com\/en\/wp-json\/wp\/v2\/product"}],"about":[{"href":"https:\/\/ucalvet.com\/en\/wp-json\/wp\/v2\/types\/product"}],"replies":[{"embeddable":true,"href":"https:\/\/ucalvet.com\/en\/wp-json\/wp\/v2\/comments?post=421"}],"wp:featuredmedia":[{"embeddable":true,"href":"https:\/\/ucalvet.com\/en\/wp-json\/wp\/v2\/media\/422"}],"wp:attachment":[{"href":"https:\/\/ucalvet.com\/en\/wp-json\/wp\/v2\/media?parent=421"}],"wp:term":[{"taxonomy":"product_brand","embeddable":true,"href":"https:\/\/ucalvet.com\/en\/wp-json\/wp\/v2\/product_brand?post=421"},{"taxonomy":"product_cat","embeddable":true,"href":"https:\/\/ucalvet.com\/en\/wp-json\/wp\/v2\/product_cat?post=421"},{"taxonomy":"product_tag","embeddable":true,"href":"https:\/\/ucalvet.com\/en\/wp-json\/wp\/v2\/product_tag?post=421"}],"curies":[{"name":"wp","href":"https:\/\/api.w.org\/{rel}","templated":true}]}}