{"id":423,"date":"2025-10-05T09:29:04","date_gmt":"2025-10-05T13:29:04","guid":{"rendered":"https:\/\/ucalvet.com\/?post_type=product&#038;p=423"},"modified":"2025-11-15T10:10:01","modified_gmt":"2025-11-15T14:10:01","slug":"otc-la","status":"publish","type":"product","link":"https:\/\/ucalvet.com\/en\/product\/otc-la\/","title":{"rendered":"OTC-LA"},"content":{"rendered":"<p><strong>Preparat\u0131n ticar\u0259t ad\u0131<\/strong>: OTC-LA<\/p>\n<p><strong>\u0130stifad\u0259 sah\u0259si<\/strong>: Preparat oksitetrasiklin\u0259 h\u0259ssas olan mikroorqanizml\u0259r, o c\u00fcml\u0259d\u0259n in\u0259kl\u0259rd\u0259: Histophilus somni, Mannheimia haemolytica, Pasterella multocida v\u0259 Mycoplasma bovis t\u0259r\u0259find\u0259n t\u00f6r\u0259dil\u0259n infeksion t\u0259n\u0259ff\u00fcs yolu x\u0259st\u0259likl\u0259rin m\u00fcalic\u0259sind\u0259, Arcanobacterium pyogenes t\u0259r\u0259find\u0259n t\u00f6r\u0259dil\u0259n sidik-t\u0259n\u0259s\u00fcl orqanlar\u0131n infeksiyalar\u0131nda v\u0259 Dichelobacter nodosus, Fusobacterium necrophorum, Prevotella melaninogenicus t\u0259r\u0259find\u0259n t\u00f6r\u0259dil\u0259n infeksion d\u0131rnaq x\u0259st\u0259likl\u0259rin m\u00fcalic\u0259si m\u0259qs\u0259di il\u0259 t\u0259tbiq edilir. Qoyunlarda: Mannheimia haemolytica v\u0259 Pasterella multocida t\u0259r\u0259find\u0259n t\u00f6r\u0259dil\u0259n infeksion t\u0259n\u0259ff\u00fcs yolu x\u0259st\u0259likl\u0259rin m\u00fcalic\u0259sind\u0259, Chlamydophila abortus v\u0259 Arcanobacterium pyogenes t\u0259r\u0259find\u0259n t\u00f6r\u0259dil\u0259n sidik-t\u0259n\u0259s\u00fcl orqanlar\u0131n infeksiyalar\u0131nda v\u0259 Dichelobacter nodosus, Fusobacterium necrophorum, Prevotella melaninogenicus t\u0259r\u0259find\u0259n t\u00f6r\u0259dil\u0259n infeksion d\u0131rnaq x\u0259st\u0259likl\u0259rin m\u00fcalic\u0259si m\u0259qs\u0259di il\u0259 t\u0259tbiq edilir.<\/p>\n<p><strong>D\u0259rman formas\u0131 v\u0259 qabla\u015fd\u0131rma: <\/strong>\u0130nyeksiya \u00fc\u00e7\u00fcn m\u0259hlul\u00a0 50, 100, 250 v\u0259 500 ml h\u0259cmind\u0259 t\u00fcnd r\u0259ngli \u015f\u00fc\u015f\u0259 flakonlarda qabla\u015fd\u0131r\u0131l\u0131r. Flakonlar, karton qutulara qoyulur.<\/p>\n<p><strong>Preparat\u0131n t\u0259rkibi, f\u0259al madd\u0259 1 ml-d\u0259:<\/strong> Oksitetrasiklin dihidrat -200 mq v\u0259 k\u00f6m\u0259k\u00e7i madd\u0259l\u0259r.<\/p>\n<p><strong>\u0130stifad\u0259 v\u0259 dozala\u015fd\u0131rma qaydalar\u0131<\/strong>: Preparat baytar h\u0259kiminin n\u0259zar\u0259ti alt\u0131nda \u0259z\u0259l\u0259i\u00e7\u0259risin\u0259 inyeksiya edilm\u0259kl\u0259 t\u0259tbiq edilir. Preparat heyvanlar\u0131n h\u0259r 10 kq diri k\u00fctl\u0259sin\u0259 1ml (h\u0259r kq diri k\u00fctl\u0259sin\u0259 20mq oksitetrasiklin dihidrat) hesab\u0131 il\u0259 dozala\u015fd\u0131r\u0131l\u0131r. Preparat bir d\u0259f\u0259 inyeksiya edilm\u0259kl\u0259, x\u0259st\u0259liyin a\u011f\u0131r hal\u0131nda is\u0259 72 saatdan sonra t\u0259tbiq etdirilir. Preparat\u0131n bird\u0259f\u0259lik dozas\u0131n\u0131n miqdar\u0131 iribuynuzlu heyvanlara 20 ml, buzov, qoyun v\u0259 ke\u00e7il\u0259rd\u0259 5 ml- d\u0259n art\u0131q olduqda, t\u0259yin edilmi\u015f doza b\u0259rab\u0259r hiss\u0259l\u0259r\u0259 b\u00f6l\u00fcn\u0259r\u0259k ayr\u0131- ayr\u0131 hiss\u0259l\u0259rd\u0259n inyeksiya edilir.<\/p>\n<p><strong>Preparat t\u0259tbiq edilmi\u015f heyvan m\u0259hsullar\u0131n\u0131n qida kimi istifad\u0259 edilm\u0259si \u00fc\u00e7\u00fcn g\u00f6zl\u0259m\u0259 vaxt\u0131:<\/strong> Preparat t\u0259tbiq edildiyi ax\u0131r\u0131nc\u0131 g\u00fcnd\u0259n 28 sutka sonra heyvanlar, \u0259tlik m\u0259qs\u0259dil\u0259 k\u0259sil\u0259 bil\u0259rl\u0259r. S\u00fcd \u00fc\u00e7\u00fcn g\u00f6zl\u0259m\u0259 vaxt\u0131 iri buynuzlu heyvanlar \u00fc\u00e7\u00fcn 10, ke\u00e7i v\u0259 qoyunlar \u00fc\u00e7\u00fcn is\u0259 7 g\u00fcnd\u00fcr.<\/p>","protected":false},"excerpt":{"rendered":"<p>OTC-LA<\/p>","protected":false},"featured_media":424,"comment_status":"open","ping_status":"closed","template":"","meta":[],"product_brand":[],"product_cat":[67,37,63],"product_tag":[57],"class_list":{"0":"post-423","1":"product","2":"type-product","3":"status-publish","4":"has-post-thumbnail","6":"product_cat-antibiotikler","7":"product_cat-dermanlar","8":"product_cat-ruminant","9":"product_tag-ruminant","11":"first","12":"instock","13":"shipping-taxable","14":"product-type-simple"},"_links":{"self":[{"href":"https:\/\/ucalvet.com\/en\/wp-json\/wp\/v2\/product\/423","targetHints":{"allow":["GET"]}}],"collection":[{"href":"https:\/\/ucalvet.com\/en\/wp-json\/wp\/v2\/product"}],"about":[{"href":"https:\/\/ucalvet.com\/en\/wp-json\/wp\/v2\/types\/product"}],"replies":[{"embeddable":true,"href":"https:\/\/ucalvet.com\/en\/wp-json\/wp\/v2\/comments?post=423"}],"wp:featuredmedia":[{"embeddable":true,"href":"https:\/\/ucalvet.com\/en\/wp-json\/wp\/v2\/media\/424"}],"wp:attachment":[{"href":"https:\/\/ucalvet.com\/en\/wp-json\/wp\/v2\/media?parent=423"}],"wp:term":[{"taxonomy":"product_brand","embeddable":true,"href":"https:\/\/ucalvet.com\/en\/wp-json\/wp\/v2\/product_brand?post=423"},{"taxonomy":"product_cat","embeddable":true,"href":"https:\/\/ucalvet.com\/en\/wp-json\/wp\/v2\/product_cat?post=423"},{"taxonomy":"product_tag","embeddable":true,"href":"https:\/\/ucalvet.com\/en\/wp-json\/wp\/v2\/product_tag?post=423"}],"curies":[{"name":"wp","href":"https:\/\/api.w.org\/{rel}","templated":true}]}}