{"id":425,"date":"2025-10-05T09:30:16","date_gmt":"2025-10-05T13:30:16","guid":{"rendered":"https:\/\/ucalvet.com\/?post_type=product&#038;p=425"},"modified":"2025-11-25T09:37:35","modified_gmt":"2025-11-25T13:37:35","slug":"enrotech","status":"publish","type":"product","link":"https:\/\/ucalvet.com\/en\/product\/enrotech\/","title":{"rendered":"Enrotech"},"content":{"rendered":"<p><strong>Preparat\u0131n ticar\u0259t ad\u0131:<\/strong> Enrotech<\/p>\n<p><strong>\u0130stifad\u0259 sah\u0259si<\/strong>: Preparat geni\u015f spekterli t\u0259sir g\u00f6st\u0259rm\u0259kl\u0259, iri v\u0259 x\u0131rda buynuzlu heyvanlar\u0131n enrofloksasin\u0259 h\u0259ssas olan mikroorqanizml\u0259r t\u0259r\u0259find\u0259n t\u00f6r\u0259dil\u0259n medeba\u011f\u0131rsaq, yuxar\u0131 t\u0259n\u0259ff\u00fcs yollar\u0131n\u0131n, sidik-t\u0259n\u0259s\u00fcl orqanlar\u0131n bakterial infeksiyalar\u0131n\u0131n m\u00fcalic\u0259si, el\u0259c\u0259 d\u0259 ikincili infeksiyalara qar\u015f\u0131 t\u0259tbiq edilir.<\/p>\n<p><strong>D\u0259rman formas\u0131 v\u0259 qabla\u015fd\u0131rma:<\/strong> \u0130nyeksiya \u00fc\u00e7\u00fcn m\u0259hlul. Preparat 20, 50, 100 v\u0259 250 ml flakonlarda qabla\u015fd\u0131r\u0131l\u0131r. Flakonlar, karton qutulara qoyulur<\/p>\n<p><strong>Preparat\u0131n t\u0259rkibi, f\u0259al madd\u0259 1 ml-d\u0259:<\/strong> Enrofloksasin -100 mq v\u0259 k\u00f6m\u0259k\u00e7i madd\u0259l\u0259r.<\/p>\n<p><strong>\u0130stifad\u0259 v\u0259 dozala\u015fd\u0131rma qaydalar\u0131<\/strong>: Preparat baytar h\u0259kiminin n\u0259zar\u0259ti alt\u0131nda \u0259z\u0259l\u0259daxili, d\u0259rialt\u0131na v\u0259 venadaxili inyeksiya edilm\u0259kl\u0259 t\u0259tbiq edilir. Preparat heyvanlara, onlar\u0131n h\u0259r 40 kq diri k\u00fctl\u0259si \u00fc\u00e7\u00fcn 1 ml hesab\u0131 il\u0259 dozala\u015fd\u0131r\u0131l\u0131r. M\u00fcalic\u0259 3- 5 g\u00fcn davam etdirilir. Preparat\u0131n bird\u0259f\u0259lik dozas\u0131n\u0131n miqdar\u0131 iribuynuzlu heyvanlara 10 ml, buzov, qoyun v\u0259 ke\u00e7il\u0259rd\u0259 5 ml- d\u0259n art\u0131q olduqda, t\u0259yin edilmi\u015f doza b\u0259rab\u0259r hiss\u0259l\u0259r\u0259 b\u00f6l\u00fcn\u0259r\u0259k ayr\u0131- ayr\u0131 hiss\u0259l\u0259rd\u0259n inyeksiya edilir.<\/p>\n<p><strong>Preparat t\u0259tbiq edilmi\u015f heyvan m\u0259hsullar\u0131n\u0131n qida kimi istifad\u0259 edilm\u0259si \u00fc\u00e7\u00fcn g\u00f6zl\u0259m\u0259 vaxt\u0131:<\/strong> \u0130ri buynuzlu heyvanlar\u0131n, \u0259tlik m\u0259qs\u0259dil\u0259 k\u0259silm\u0259sin\u0259 m\u00fcalic\u0259 d\u00f6vr\u00fcnd\u0259 v\u0259 preparat\u0131n ax\u0131r\u0131nc\u0131 d\u0259f\u0259 t\u0259tbiq edildiyi g\u00fcnd\u0259n 14, qoyun v\u0259 ke\u00e7il\u0259rin 10 sutka ke\u00e7m\u0259mi\u015f icaz\u0259 verilmir. \u0130ri buynuzlu heyvanlar\u0131n s\u00fcd\u00fc \u00fc\u00e7\u00fcn g\u00f6zl\u0259m\u0259 vaxt\u0131 4 g\u00fcnd\u00fcr. Qoyun v\u0259 ke\u00e7il\u0259rin s\u00fcd\u00fc qida m\u0259hsulu kimi istifad\u0259 edil\u0259 bilm\u0259z.<\/p>","protected":false},"excerpt":{"rendered":"<p>Enrotech<\/p>","protected":false},"featured_media":426,"comment_status":"open","ping_status":"closed","template":"","meta":[],"product_brand":[],"product_cat":[67,37,66,63],"product_tag":[57],"class_list":{"0":"post-425","1":"product","2":"type-product","3":"status-publish","4":"has-post-thumbnail","6":"product_cat-antibiotikler","7":"product_cat-dermanlar","8":"product_cat-ev-heyvani","9":"product_cat-ruminant","10":"product_tag-ruminant","12":"first","13":"instock","14":"shipping-taxable","15":"product-type-simple"},"_links":{"self":[{"href":"https:\/\/ucalvet.com\/en\/wp-json\/wp\/v2\/product\/425","targetHints":{"allow":["GET"]}}],"collection":[{"href":"https:\/\/ucalvet.com\/en\/wp-json\/wp\/v2\/product"}],"about":[{"href":"https:\/\/ucalvet.com\/en\/wp-json\/wp\/v2\/types\/product"}],"replies":[{"embeddable":true,"href":"https:\/\/ucalvet.com\/en\/wp-json\/wp\/v2\/comments?post=425"}],"wp:featuredmedia":[{"embeddable":true,"href":"https:\/\/ucalvet.com\/en\/wp-json\/wp\/v2\/media\/426"}],"wp:attachment":[{"href":"https:\/\/ucalvet.com\/en\/wp-json\/wp\/v2\/media?parent=425"}],"wp:term":[{"taxonomy":"product_brand","embeddable":true,"href":"https:\/\/ucalvet.com\/en\/wp-json\/wp\/v2\/product_brand?post=425"},{"taxonomy":"product_cat","embeddable":true,"href":"https:\/\/ucalvet.com\/en\/wp-json\/wp\/v2\/product_cat?post=425"},{"taxonomy":"product_tag","embeddable":true,"href":"https:\/\/ucalvet.com\/en\/wp-json\/wp\/v2\/product_tag?post=425"}],"curies":[{"name":"wp","href":"https:\/\/api.w.org\/{rel}","templated":true}]}}