{"id":427,"date":"2025-10-05T09:31:14","date_gmt":"2025-10-05T13:31:14","guid":{"rendered":"https:\/\/ucalvet.com\/?post_type=product&#038;p=427"},"modified":"2025-11-15T10:12:07","modified_gmt":"2025-11-15T14:12:07","slug":"kortizan","status":"publish","type":"product","link":"https:\/\/ucalvet.com\/en\/product\/kortizan\/","title":{"rendered":"KORTIZAN"},"content":{"rendered":"<p><strong>Preparat\u0131n ticar\u0259t ad\u0131<\/strong>: KORTIZAN inyeksiya \u00fc\u00e7\u00fcn m\u0259hlul.<\/p>\n<p><strong>\u0130stifad\u0259 sah\u0259si<\/strong>: Preparat infeksion iltihab\u0131 x\u0259st\u0259likl\u0259r (k\u0259skin pnevmoniya, pasterellyoz, artrit, metrit, yara infeksiyalar\u0131, dermatidl\u0259r, iltihab\u0131 sindrom v\u0259 ketoz) zaman\u0131 t\u0259tbiq edilir. Preparat antibiotikl\u0259rl\u0259 kombin\u0259 edilm\u0259kl\u0259 d\u0259 istifad\u0259 oluna bil\u0259r.<\/p>\n<p><strong>D\u0259rman formas\u0131 v\u0259 qabla\u015fd\u0131rma: <\/strong>\u0130nyeksiya \u00fc\u00e7\u00fcn m\u0259hlul 20 ml, 50 ml v\u0259 100 ml h\u0259cmind\u0259 boz r\u0259ngli brombutil t\u0131xacla hermetik ba\u011flanm\u0131\u015f v\u0259 ya\u015f\u0131l r\u0259ngli flip- off qapaqlarla b\u0259rkidilmi\u015f \u015f\u00fc\u015f\u0259 flakonlarda qabla\u015fd\u0131r\u0131l\u0131r. Flakonlar karton qutulara qoyulur.<\/p>\n<p><strong>Preparat\u0131n t\u0259rkibi, f\u0259al madd\u0259 1 ml-d\u0259:<\/strong> Deksametazon natrim fosfat -2 mq<\/p>\n<p><strong>\u0130stifad\u0259 v\u0259 dozala\u015fd\u0131rma qaydalar\u0131<\/strong>: Preparat iri buynuzlu heyvanlara, ke\u00e7il\u0259r\u0259, it v\u0259 pi\u015fikl\u0259r\u0259 \u0259z\u0259l\u0259i\u00e7\u0259risin\u0259, atlara is\u0259 \u0259z\u0259l\u0259i\u00e7\u0259risin\u0259, d\u0259rialt\u0131na v\u0259 oynaqdaxili inyeksiya edilm\u0259kl\u0259 a\u015fa\u011f\u0131dak\u0131 qayda \u00fczr\u0259 dozala\u015fd\u0131r\u0131l\u0131r: &#8211; At, iri buynuzlu heyvanlara v\u0259 ke\u00e7il\u0259r \u00fc\u00e7\u00fcn h\u0259r 50 kq diri k\u00fctl\u0259y\u0259 1,5 ml preparat hesab\u0131 il\u0259; -\u0130t v\u0259 pi\u015fikl\u0259r \u00fc\u00e7\u00fcn h\u0259r 10 kq diri k\u00fctl\u0259y\u0259 1 ml preparat hesab\u0131 il\u0259; -\u0130ri buynuzlu heyvanlar\u0131n ketoz sindromu zaman\u0131, preparat 500 kq diri k\u00fctl\u0259y\u0259 5- 10 ml hesab\u0131 il\u0259 dozala\u015fd\u0131r\u0131laraq inyeksiya edilir; Bo\u011fazl\u0131\u011f\u0131n 260 g\u00fcnl\u00fck d\u00f6vr\u00fcnd\u0259n sonra, do\u011fu\u015fu sinxronla\u015fd\u0131rmaq m\u0259qs\u0259dil\u0259 preparat 500 kq diri k\u00fctl\u0259y\u0259 10 ml hesab\u0131 il\u0259 dozala\u015fd\u0131r\u0131laraq inyeksiya edilir. Do\u011fu\u015f 48- 72 saat i\u00e7\u0259risind\u0259 ger\u00e7\u0259kl\u0259\u015fir. Atlarda, artrit, bursit v\u0259 ya tendosinovitin m\u00fcalic\u0259si \u00fc\u00e7\u00fcn preparat 1-5 ml h\u0259cmind\u0259 dozala\u015fd\u0131r\u0131laraq oynaqdaxili inyeksiya edilir. Bu dozala\u015fd\u0131rma konkret deyil v\u0259 yaln\u0131z t\u0259xmini xarakter da\u015f\u0131y\u0131r. Preparat\u0131n inyeksiyas\u0131ndan \u0259vv\u0259l, ekvivalent h\u0259cmd\u0259 sinovial mayenin \u00e7\u0131xar\u0131lmas\u0131 apar\u0131lmal\u0131d\u0131r. Aseptika qaydalar\u0131na riay\u0259t edilm\u0259lidir. Qeyd: Istehsal\u00e7\u0131n\u0131n istifad\u0259 t\u0259limat\u0131nda v\u0259 qabla\u015fma (tara) \u00fcz\u0259rind\u0259 g\u00f6st\u0259ril\u0259n istifad\u0259 v\u0259 dozala\u015fd\u0131rma qaydalar\u0131 \u00fcst\u00fcn hesab edilm\u0259lidir. Verilmi\u015f t\u0259limat istehsal\u00e7\u0131 t\u0259r\u0259find\u0259n preparat\u0131n t\u0259rkibind\u0259 h\u0259r hans\u0131 d\u0259yi\u015fiklik edilm\u0259diyi m\u00fcdd\u0259td\u0259 etibarl\u0131d\u0131r. Preparat\u0131 bo\u011faz heyvanlarda, qaraciy\u0259r v\u0259 b\u00f6yr\u0259k \u00e7at\u0131\u015fmazl\u0131\u011f\u0131 olan heyvanlarda, bo\u011faz heyvanlarda\u00a0 v\u0259 vaksinasiyalardan sonra t\u0259tbiq etm\u0259k olmaz.<\/p>\n<p><strong>G\u00f6zl\u0259m\u0259 vaxt\u0131:<\/strong> \u018ft \u00fc\u00e7\u00fcn g\u00f6zl\u0259m\u0259 vaxt\u0131 14 g\u00fcnd\u00fcr. S\u00fcd \u00fc\u00e7\u00fcn 3 sutka.<\/p>","protected":false},"excerpt":{"rendered":"<p>KORTIZAN inyeksiya \u00fc\u00e7\u00fcn m\u0259hlul.<\/p>","protected":false},"featured_media":428,"comment_status":"open","ping_status":"closed","template":"","meta":[],"product_brand":[],"product_cat":[64,37,66,68,63],"product_tag":[52,55,57],"class_list":{"0":"post-427","1":"product","2":"type-product","3":"status-publish","4":"has-post-thumbnail","6":"product_cat-at","7":"product_cat-dermanlar","8":"product_cat-ev-heyvani","9":"product_cat-hormonlar","10":"product_cat-ruminant","11":"product_tag-at","12":"product_tag-ev-heyvani","13":"product_tag-ruminant","15":"first","16":"instock","17":"shipping-taxable","18":"product-type-simple"},"_links":{"self":[{"href":"https:\/\/ucalvet.com\/en\/wp-json\/wp\/v2\/product\/427","targetHints":{"allow":["GET"]}}],"collection":[{"href":"https:\/\/ucalvet.com\/en\/wp-json\/wp\/v2\/product"}],"about":[{"href":"https:\/\/ucalvet.com\/en\/wp-json\/wp\/v2\/types\/product"}],"replies":[{"embeddable":true,"href":"https:\/\/ucalvet.com\/en\/wp-json\/wp\/v2\/comments?post=427"}],"wp:featuredmedia":[{"embeddable":true,"href":"https:\/\/ucalvet.com\/en\/wp-json\/wp\/v2\/media\/428"}],"wp:attachment":[{"href":"https:\/\/ucalvet.com\/en\/wp-json\/wp\/v2\/media?parent=427"}],"wp:term":[{"taxonomy":"product_brand","embeddable":true,"href":"https:\/\/ucalvet.com\/en\/wp-json\/wp\/v2\/product_brand?post=427"},{"taxonomy":"product_cat","embeddable":true,"href":"https:\/\/ucalvet.com\/en\/wp-json\/wp\/v2\/product_cat?post=427"},{"taxonomy":"product_tag","embeddable":true,"href":"https:\/\/ucalvet.com\/en\/wp-json\/wp\/v2\/product_tag?post=427"}],"curies":[{"name":"wp","href":"https:\/\/api.w.org\/{rel}","templated":true}]}}