{"id":429,"date":"2025-10-05T09:32:07","date_gmt":"2025-10-05T13:32:07","guid":{"rendered":"https:\/\/ucalvet.com\/?post_type=product&#038;p=429"},"modified":"2025-11-15T10:14:15","modified_gmt":"2025-11-15T14:14:15","slug":"spektoral","status":"publish","type":"product","link":"https:\/\/ucalvet.com\/en\/product\/spektoral\/","title":{"rendered":"SPEKTORAL"},"content":{"rendered":"<p><strong>Preparat\u0131n ticar\u0259t ad\u0131:<\/strong>\u00a0 SPEKTORAL oral istifad\u0259 \u00fc\u00e7\u00fcn gel.<\/p>\n<p><strong>\u0130stifad\u0259 sah\u0259si: <\/strong>Preparat a\u011f\u0131z s\u00fcd\u00fc \u00e7at\u0131\u015fmazl\u0131\u011f\u0131 riski alt\u0131nda olan yeni do\u011fulmu\u015f quzularda bakterial neonatal x\u0259st\u0259likl\u0259rin (m\u0259s\u0259l\u0259n, E.coli, Salmonella, Stafilococc infeksiyalar\u0131n\u0131n, nekrotik enteritin) profilaktikas\u0131 v\u0259 m\u00fcalic\u0259si m\u0259qs\u0259di il\u0259 t\u0259tbiq edilir.<\/p>\n<p><strong>D\u0259rman formas\u0131 v\u0259 qabla\u015fd\u0131rma: <\/strong>Oral istifad\u0259 \u00fc\u00e7\u00fcn gel 100 ml h\u0259cmind\u0259 plastik flakonlarda qabla\u015fd\u0131r\u0131l\u0131r. Flakonlar, onlara istifad\u0259d\u0259n \u0259vv\u0259l montaj edil\u0259n dozatorlu ba\u015fl\u0131qla, karton qutululara qoyulur.<\/p>\n<p><strong>Preparat\u0131n t\u0259rkibi, f\u0259al madd\u0259 1 ml-d\u0259:<\/strong> Spektinomisin dihidroxlorid pentahidrat -50 mq. K\u00f6m\u0259k\u00e7i madd\u0259l\u0259r: 1 mq benzoik tur\u015fusu (konservant) v\u0259 0,6 mq tartrazin (boya).<\/p>\n<p><strong>\u0130stifad\u0259 v\u0259 dozala\u015fd\u0131rma qaydalar\u0131<\/strong>: Preparat do\u011fu\u015fdan sonra m\u00fcmk\u00fcn q\u0259d\u0259r tez bir zamanda 1 ml h\u0259cmind\u0259 dozala\u015fd\u0131rlaraq verilir v\u0259 t\u0259krarlanm\u0131r. Preparat\u0131n verilm\u0259si do\u011fu\u015fdan sonra ilk 48 saat \u0259rzind\u0259 tamamlanmal\u0131d\u0131r. Preparat\u0131n flakonuna \u0259lav\u0259 edilmi\u015f dozator bas\u0131lq vasit\u0259si il\u0259 1 ml preparat (v\u0259 ya 50 mq Spektinomisin t\u0259sir edici madd\u0259) hesa\u0131 il\u0259 oral yolla verir. Preparat\u0131 istifad\u0259 etm\u0259zd\u0259n \u0259vv\u0259l, flakonuna \u0259lav\u0259 edilmi\u015f dozator bas\u0131lq bir ne\u00e7\u0259 d\u0259f\u0259 bas\u0131laraq kanaldak\u0131 hava bo\u015flu\u011fu aradan qald\u0131r\u0131lmal\u0131d\u0131r. \u0130stifad\u0259 zaman\u0131 heyvan\u0131n ba\u015f\u0131 \u00e7\u0259n\u0259nin alt\u0131ndan d\u0259st\u0259kl\u0259nm\u0259li v\u0259 t\u0259bii v\u0259ziyy\u0259td\u0259 dik saxlan\u0131lmal\u0131d\u0131r. Dozator bas\u0131l\u011f\u0131n ucundak\u0131 plastik \u015flang a\u011f\u0131z t\u0259r\u0259fd\u0259n (yanaq t\u0259r\u0259fd\u0259n) dilin arxas\u0131na yerl\u0259\u015fdirilir v\u0259 m\u00fcvafiq doza diqq\u0259tl\u0259 verilir. T\u0259tbiq zaman\u0131 dil, a\u011f\u0131z bo\u015flu\u011fu v\u0259 faringeal toxumalar\u0131n\u0131n z\u0259d\u0259l\u0259nm\u0259m\u0259sin\u0259 diqq\u0259t edilm\u0259li, udma refleksin\u0259 mane olmamaq \u00fc\u00e7\u00fcn dil h\u0259r\u0259k\u0259tl\u0259rini m\u0259hdudla\u015fd\u0131ran m\u00fcdaxil\u0259l\u0259rd\u0259n qa\u00e7\u0131n\u0131lmal\u0131d\u0131r. Dozator ba\u015fl\u0131\u011f\u0131n n\u00f6vb\u0259ti istifad\u0259y\u0259 qoyulmazdan \u0259vv\u0259l yap\u0131\u015fman\u0131n qar\u015f\u0131s\u0131n\u0131 almaq \u00fc\u00e7\u00fcn dozatorun hiss\u0259l\u0259ri preparat\u0131n qal\u0131qlar\u0131ndan t\u0259mizl\u0259n\u0259n\u0259 q\u0259d\u0259r su il\u0259 yaxalanmal\u0131d\u0131r. Yetkin bo\u011faz v\u0259 laktasiya d\u00f6r\u00fcnd\u0259 olan heyvanlarda istifad\u0259 edilm\u0259m\u0259lidir.<\/p>\n<p><strong>Preparat t\u0259tbiq edilmi\u015f heyvan m\u0259hsullar\u0131n\u0131n qida kimi istifad\u0259 edilm\u0259si \u00fc\u00e7\u00fcn g\u00f6zl\u0259m\u0259 vaxt\u0131:<\/strong><br \/>\nPreparat\u00a0 t\u0259tbiq edildiyi ax\u0131r\u0131nc\u0131 g\u00fcnd\u0259n 10 sutka sonra heyvanlar \u0259tlik m\u0259qs\u0259dil\u0259 istifad\u0259 edil\u0259 bil\u0259r.<\/p>","protected":false},"excerpt":{"rendered":"<p>SPEKTORAL oral istifad\u0259 \u00fc\u00e7\u00fcn gel.<\/p>","protected":false},"featured_media":1087,"comment_status":"open","ping_status":"closed","template":"","meta":[],"product_brand":[],"product_cat":[67,37,63],"product_tag":[],"class_list":{"0":"post-429","1":"product","2":"type-product","3":"status-publish","4":"has-post-thumbnail","6":"product_cat-antibiotikler","7":"product_cat-dermanlar","8":"product_cat-ruminant","10":"first","11":"instock","12":"shipping-taxable","13":"product-type-simple"},"_links":{"self":[{"href":"https:\/\/ucalvet.com\/en\/wp-json\/wp\/v2\/product\/429","targetHints":{"allow":["GET"]}}],"collection":[{"href":"https:\/\/ucalvet.com\/en\/wp-json\/wp\/v2\/product"}],"about":[{"href":"https:\/\/ucalvet.com\/en\/wp-json\/wp\/v2\/types\/product"}],"replies":[{"embeddable":true,"href":"https:\/\/ucalvet.com\/en\/wp-json\/wp\/v2\/comments?post=429"}],"wp:featuredmedia":[{"embeddable":true,"href":"https:\/\/ucalvet.com\/en\/wp-json\/wp\/v2\/media\/1087"}],"wp:attachment":[{"href":"https:\/\/ucalvet.com\/en\/wp-json\/wp\/v2\/media?parent=429"}],"wp:term":[{"taxonomy":"product_brand","embeddable":true,"href":"https:\/\/ucalvet.com\/en\/wp-json\/wp\/v2\/product_brand?post=429"},{"taxonomy":"product_cat","embeddable":true,"href":"https:\/\/ucalvet.com\/en\/wp-json\/wp\/v2\/product_cat?post=429"},{"taxonomy":"product_tag","embeddable":true,"href":"https:\/\/ucalvet.com\/en\/wp-json\/wp\/v2\/product_tag?post=429"}],"curies":[{"name":"wp","href":"https:\/\/api.w.org\/{rel}","templated":true}]}}