{"id":430,"date":"2025-10-05T09:32:50","date_gmt":"2025-10-05T13:32:50","guid":{"rendered":"https:\/\/ucalvet.com\/?post_type=product&#038;p=430"},"modified":"2025-11-15T10:15:09","modified_gmt":"2025-11-15T14:15:09","slug":"okseroks","status":"publish","type":"product","link":"https:\/\/ucalvet.com\/en\/product\/okseroks\/","title":{"rendered":"OKSEROKS"},"content":{"rendered":"<p><strong>Preparat\u0131n ticar\u0259t ad\u0131: <\/strong>OKSEROKS<\/p>\n<p><strong>\u0130stifad\u0259 sah\u0259si: <\/strong>Preparat iri v\u0259 x\u0131rda buynuzlu heyvanlar\u0131n m\u0259d\u0259-ba\u011f\u0131rsaq v\u0259 a\u011fciy\u0259r qurdlar\u0131n\u0131n yumurtalar\u0131na, s\u00fcrf\u0259 v\u0259 yetkin formalar\u0131na, qaraciy\u0259r qurdlar\u0131n\u0131n yetkin formalar\u0131na ve Moniezia sp. qurdlar\u0131n\u0131n yetkin formalar\u0131na qar\u015f\u0131 m\u00fcalic\u0259 v\u0259 prof\u0131laktika m\u0259qs\u0259dil\u0259 i\u015fl\u0259dilir. Qaraciy\u0259r trematodlar\u0131: Fasciola hepatica, F. gigantica (yetkin formalar\u0131na qar\u015f\u0131) M\u0259d\u0259-ba\u011f\u0131rsaq nematodlar\u0131: Ostertagia sp, Haemonchus sp, Trichostrongylus axei, Trichostrongylus sp, Nematodirus sp, Cooperia sp, Bunostomum sp, Strongyloides sp., Chabertia sp, Trichuris sp, Oesophagostomum sp; A\u011fciy\u0259r nematodlar\u0131: Dictyocaulus sp. (yetkin v\u0259 s\u00fcrf\u0259 formalar\u0131) Sestodlar: Moniezia sp.<\/p>\n<p><strong>D\u0259rman formas\u0131 v\u0259 qabla\u015fd\u0131rma: <\/strong>Oral (h\u0259b), Blister<\/p>\n<p><strong>Preparat\u0131n t\u0259rkibi f\u0259al madd\u0259: <\/strong>OKSFENDAZOL \u2013 375 mq, OKS\u0130KLOZAN\u0130D-750 mq.<\/p>\n<p><strong>\u0130stifad\u0259 v\u0259 dozala\u015fd\u0131rma qaydalar\u0131<\/strong>: Preparat Baytar h\u0259kiminin n\u0259zar\u0259ti alt\u0131nda, heyvanlar\u0131n 8 saatl\u0131q acl\u0131q diyetas\u0131ndan sonra, oral yolla verilir v\u0259 a\u015fa\u011f\u0131dak\u0131 qaydalara uy\u011fun olaraq dozala\u015fd\u0131r\u0131l\u0131r: Qoyun- ke\u00e7i: h\u0259r 50 kq diri k\u00fctl\u0259sin\u0259 1 h\u0259b verilir; \u0130n\u0259k- cam\u0131\u015flara: h\u0259r 150- 200 kq diri k\u00fctl\u0259sin\u0259 2- 3 h\u0259b verilir. 2 Yoluxma t\u0259hliik\u0259si olduqda preparat ild\u0259 iki d\u0259f\u0259 istifad\u0259 edilir (yaz d\u00f6vr\u00fc v\u0259 pay\u0131z d\u00f6vr\u00fc). Dehelmintizasiya apar\u0131ld\u0131qdan sonra 8-12 saat \u0259rzind\u0259 heyvanlar qapal\u0131 saxlan\u0131l\u0131r, peyin x\u00fcsusu yerl\u0259r\u0259 y\u0131\u011f\u0131l\u0131b z\u0259r\u0259rs\u0131zl\u0259\u015fdirilir. Qeyd: Preparat\u0131n k\u00fctl\u0259vi t\u0259tbiq edilm\u0259sind\u0259n \u0259vv\u0259l ki\u00e7ik qrup heyvanlar ( 3-5 ba\u015f) \u00fcz\u0259rind\u0259 s\u0131naqdan ke\u00e7irilir v\u0259 3 g\u00fcn \u0259rzind\u0259 he\u00e7 bir f\u0259sad m\u00fc\u015fahid\u0259 edilm\u0259dikd\u0259 k\u00fctl\u0259vi t\u0259tbiq olunur. \u0130stehsal\u00e7\u0131n\u0131n istifad\u0259 t\u0259limat\u0131nda v\u0259 qabla\u015fma (tara) \u00fcz\u0259rind\u0259 g\u00f6st\u0259ril\u0259n istifad\u0259 v\u0259 dozala\u015fd\u0131rma qaydalar\u0131 \u00fcst\u00fcn hesab edilm\u0259lidir. Verilmi\u015f t\u0259limat istehsal\u00e7\u0131 t\u0259r\u0259f\u0131nd\u0259n preparat\u0131n t\u0259rkibind\u0259 h\u0259r hans\u0131 d\u0259yi\u015fiklik edilm\u0259diyi m\u00fcdd\u0259td\u0259 etibarl\u0131d\u0131r.<\/p>\n<p><strong>Preparat t\u0259tbiq edilmi\u015f heyvan m\u0259hsullann\u0131n qida kimi istifad\u0259 edilm\u0259si \u00fc\u00e7\u00fcn g\u00f6zl\u0259m\u0259 vaxt\u0131:<\/strong> Preparat heyvanlara t\u0259tbiq edildiyi ax\u0131r\u0131nc\u0131 g\u00fcnd\u0259n 28 qaramal, 21 sutka sonra is\u0259 qoyun v\u0259 ke\u00e7i \u0259tlik m\u0259qs\u0259dil\u0259 k\u0259sil\u0259 bil\u0259rl\u0259r. Sa\u011fmal qaramal\u0131n s\u00fcd\u00fc qida m\u0259hsulu kimi 5 g\u00fcnd\u0259n sonra istifad\u0259 edilir. Sa\u011fmal qoyunlar\u0131n s\u00fcd\u00fc qida m\u0259hsulu kimi istifad\u0259 edilmir.<\/p>","protected":false},"excerpt":{"rendered":"<p>OKSEROKS<\/p>","protected":false},"featured_media":431,"comment_status":"open","ping_status":"closed","template":"","meta":[],"product_brand":[],"product_cat":[43,37,63],"product_tag":[57],"class_list":{"0":"post-430","1":"product","2":"type-product","3":"status-publish","4":"has-post-thumbnail","6":"product_cat-antiparazitler","7":"product_cat-dermanlar","8":"product_cat-ruminant","9":"product_tag-ruminant","11":"first","12":"instock","13":"shipping-taxable","14":"product-type-simple"},"_links":{"self":[{"href":"https:\/\/ucalvet.com\/en\/wp-json\/wp\/v2\/product\/430","targetHints":{"allow":["GET"]}}],"collection":[{"href":"https:\/\/ucalvet.com\/en\/wp-json\/wp\/v2\/product"}],"about":[{"href":"https:\/\/ucalvet.com\/en\/wp-json\/wp\/v2\/types\/product"}],"replies":[{"embeddable":true,"href":"https:\/\/ucalvet.com\/en\/wp-json\/wp\/v2\/comments?post=430"}],"wp:featuredmedia":[{"embeddable":true,"href":"https:\/\/ucalvet.com\/en\/wp-json\/wp\/v2\/media\/431"}],"wp:attachment":[{"href":"https:\/\/ucalvet.com\/en\/wp-json\/wp\/v2\/media?parent=430"}],"wp:term":[{"taxonomy":"product_brand","embeddable":true,"href":"https:\/\/ucalvet.com\/en\/wp-json\/wp\/v2\/product_brand?post=430"},{"taxonomy":"product_cat","embeddable":true,"href":"https:\/\/ucalvet.com\/en\/wp-json\/wp\/v2\/product_cat?post=430"},{"taxonomy":"product_tag","embeddable":true,"href":"https:\/\/ucalvet.com\/en\/wp-json\/wp\/v2\/product_tag?post=430"}],"curies":[{"name":"wp","href":"https:\/\/api.w.org\/{rel}","templated":true}]}}