{"id":432,"date":"2025-10-05T09:33:49","date_gmt":"2025-10-05T13:33:49","guid":{"rendered":"https:\/\/ucalvet.com\/?post_type=product&#038;p=432"},"modified":"2025-10-05T15:03:51","modified_gmt":"2025-10-05T19:03:51","slug":"amprovid","status":"publish","type":"product","link":"https:\/\/ucalvet.com\/en\/product\/amprovid\/","title":{"rendered":"AMPROVID"},"content":{"rendered":"<p><strong>Preparat\u0131n ticar\u0259t ad\u0131: <\/strong>AMPROVID<\/p>\n<p><strong>\u0130stifad\u0259 sah\u0259si: <\/strong>Preparat \u0259tlik v\u0259 yumurtal\u0131q toyuqlarda Eimeria tenella, E. necatrix, v\u0259 E.acervulina, E.maxima, E.brunetti, h\u0259m d\u0259 hindu\u015fkalarda E.adenoides, E.meleagridis, E.dispersa t\u0259r\u0259find\u0259n t\u00f6r\u0259dil\u0259n koksidiozlar\u0131n m\u00fcalic\u0259 v\u0259 profilaktikas\u0131 m\u0259qs\u0259di il\u0259 t\u0259tbiq edilir.<\/p>\n<p><strong>D\u0259rman formas\u0131 v\u0259 qabla\u015fd\u0131rma: <\/strong>ORAL M\u018fHLUL, Plastik qab<\/p>\n<p><strong>Preparat\u0131n t\u0259rkibi f\u0259al madd\u0259:<\/strong> AMPROLIUM HIDROXLORID &#8211; 240 mq, VITAMIN K3. &#8211; 2 mq<\/p>\n<p><strong>\u0130stifad\u0259 v\u0259 dozala\u015fd\u0131rma qaydalar\u0131:<\/strong> Preparat Baytar h\u0259kiminin n\u0259zar\u0259ti alt\u0131nda suya qar\u0131\u015fd\u0131r\u0131laraq oral yolla verilir. X\u0259st\u0259liyin m\u00fcal\u0131c\u0259si zaman\u0131 1000 litr i\u00e7m\u0259li suya 1 litr preparat hesab\u0131 il\u0259 dozala\u015fd\u0131r\u0131l\u0131r. M\u00fcalic\u0259 5-7_g\u00fcn davam edilir. M\u00fcalic\u0259nin davam\u0131 nisb\u0259t\u0259n z\u0259if konsentrasiyal\u0131 d\u0259rmanl\u0131 su il\u0259 7-14 g\u00fcn\u0259 q\u0259d\u0259r davam etdirilir (1000 litr i\u00e7m\u0259li suya 500 ml preparat hesab\u0131 il\u0259). X\u0259st\u0259liyin t\u0259krar ba\u015f verm\u0259m\u0259si \u00fc\u00e7\u00fcn profilaktik m\u0259qs\u0259dl\u0259 1000 litr i\u00e7m\u0259li suya 250 ml preparat (1,0 litr i\u00e7m\u0259li suya 60 mq t\u0259siredici madd\u0259-amprolium),hesab\u0131 il\u0259 dozala\u015fd\u0131r\u0131l\u0131r. M\u00fcalic\u0259 1 h\u0259ft\u0259d\u0259n 2 h\u0259ft\u0259y\u0259 q\u0259d\u0259r davam etdirilir. D\u0259rmanl\u0131 su h\u0259r g\u00fcn t\u0259z\u0259 v\u0259 qu\u015flar\u0131n i\u00e7\u0259bil\u0259c\u0259yi miqdarda haz\u0131rlanmal\u0131d\u0131r. Qeyd: Preparat\u0131n k\u00fctl\u0259vi t\u0259tbiq edilm\u0259sind\u0259n \u0259vv\u0259l ki\u00e7ik qrup qu\u015flar (7-10 ba\u015f) \u00fcz\u0259rind\u0259 s\u0131naqdan ke\u00e7irilir v\u0259 3 g\u00fcn \u0259rzind\u0259 he\u00e7 bir f\u0259sad m\u00fc\u015fahid\u0259 edilm\u0259dikd\u0259 k\u00fctl\u0259vi t\u0259tbiq olunur. \u0130stehsal\u00e7\u0131n\u0131n istifad\u0259 t\u0259limat\u0131nda v\u0259 qabla\u015fma (tara) \u00fcz\u0259rind\u0259 g\u00f6st\u0259ril\u0259n istifad\u0259 v\u0259 dozala\u015fd\u0131rma qaydalar\u0131 \u00fcst\u00fcn hesab edilm\u0259lidir.<\/p>\n<p><strong>Preparat t\u0259tbiq edilmi\u015f heyvan m\u0259hsullar\u0131n\u0131n qida kimi istifad\u0259 edilm\u0259si \u00fc\u00e7\u00fcn g\u00f6zl\u0259m\u0259 vaxt\u0131:<\/strong> T\u0259l\u0259b olunmur.<\/p>","protected":false},"excerpt":{"rendered":"<p>AMPROVID<\/p>","protected":false},"featured_media":433,"comment_status":"open","ping_status":"closed","template":"","meta":[],"product_brand":[],"product_cat":[37],"product_tag":[46],"class_list":{"0":"post-432","1":"product","2":"type-product","3":"status-publish","4":"has-post-thumbnail","6":"product_cat-dermanlar","7":"product_tag-qusculuq","9":"first","10":"instock","11":"shipping-taxable","12":"product-type-simple"},"_links":{"self":[{"href":"https:\/\/ucalvet.com\/en\/wp-json\/wp\/v2\/product\/432","targetHints":{"allow":["GET"]}}],"collection":[{"href":"https:\/\/ucalvet.com\/en\/wp-json\/wp\/v2\/product"}],"about":[{"href":"https:\/\/ucalvet.com\/en\/wp-json\/wp\/v2\/types\/product"}],"replies":[{"embeddable":true,"href":"https:\/\/ucalvet.com\/en\/wp-json\/wp\/v2\/comments?post=432"}],"wp:featuredmedia":[{"embeddable":true,"href":"https:\/\/ucalvet.com\/en\/wp-json\/wp\/v2\/media\/433"}],"wp:attachment":[{"href":"https:\/\/ucalvet.com\/en\/wp-json\/wp\/v2\/media?parent=432"}],"wp:term":[{"taxonomy":"product_brand","embeddable":true,"href":"https:\/\/ucalvet.com\/en\/wp-json\/wp\/v2\/product_brand?post=432"},{"taxonomy":"product_cat","embeddable":true,"href":"https:\/\/ucalvet.com\/en\/wp-json\/wp\/v2\/product_cat?post=432"},{"taxonomy":"product_tag","embeddable":true,"href":"https:\/\/ucalvet.com\/en\/wp-json\/wp\/v2\/product_tag?post=432"}],"curies":[{"name":"wp","href":"https:\/\/api.w.org\/{rel}","templated":true}]}}