{"id":434,"date":"2025-10-05T09:34:40","date_gmt":"2025-10-05T13:34:40","guid":{"rendered":"https:\/\/ucalvet.com\/?post_type=product&#038;p=434"},"modified":"2025-10-05T15:42:30","modified_gmt":"2025-10-05T19:42:30","slug":"sanalazin-20","status":"publish","type":"product","link":"https:\/\/ucalvet.com\/en\/product\/sanalazin-20\/","title":{"rendered":"SANALAZ\u0130N 20"},"content":{"rendered":"<p><strong>Preparat\u0131n ticar\u0259t ad\u0131: <\/strong>SANALAZ\u0130N 20<\/p>\n<p><strong>\u0130stifad\u0259 sah\u0259si: <\/strong>Preparat iri buynuzlu heyvanlarda, qoyunlarda, atlarda, it v\u0259 pi\u015fikl\u0259rd\u0259 heyvanlar\u0131n n\u0259ql edilm\u0259si, do\u011fu\u015f v\u0259 m\u00fcalic\u0259 \u0259m\u0259liyyatlar\u0131 aparan zaman(m\u0259s\u0259l\u0259n, d\u0131rnaqlarda, buynuzlarda i\u015fl\u0259m\u0259 aparark\u0259n) v\u0259 c\u0259rrahi \u0259m\u0259liyyatlar apar\u0131lark\u0259n sakitl\u0259\u015fdirici, ilk a\u011fr\u0131k\u0259sici v\u0259 miorelaksant vasit\u0259 kimi istifad\u0259 edikir (premidikasiya).<\/p>\n<p><strong>D\u0259rman formas\u0131 v\u0259 qabla\u015fd\u0131rma: <\/strong>\u0130nyeksiya \u00fc\u00e7\u00fcn maye, \u015e\u00fc\u015f\u0259 flakon<\/p>\n<p><strong>Preparat\u0131n t\u0259rkibi f\u0259al madd\u0259:<\/strong> KS\u0130LAZ\u0130N HCI-20 mq.<\/p>\n<p><strong>\u0130stifad\u0259 v\u0259 dozala\u015fd\u0131rma qaydalar\u0131:<\/strong> Preparat Baytar h\u0259kiminin n\u0259zar\u0259ti alt\u0131nda aseptika v\u0259 antiseptika qaydalar\u0131na uy\u011fun olaraq a\u015fa\u011f\u0131dak\u0131 qaydalar \u00fczr\u0259 dozala\u015fd\u0131r\u0131laraq istifad\u0259 edilir: \u0130ri buynuzlu heyvanlara: Ki\u00e7ik c\u0259rrahi \u0259m\u0259liyyatlar zaman\u0131 v\u0259 sedativ vasit\u0259 kimi heyvanlar\u0131n h\u0259r 100 kq diri k\u00fctl\u0259sin\u0259 0,25 ml preparat hesab\u0131 il\u0259 dozala\u015fd\u0131r\u0131l\u0131r v\u0259 \u0259z\u0259l\u0259daxili inyeksiya edilir. k\u00fctl\u0259y\u0259 Ayaq 0,5 \u00fcst\u00fcnd\u0259 ml preparat duran hesab\u0131 heyvanlar il\u0259 dozala\u015fd\u0131r\u0131laraq \u00fcz\u0259rind\u0259 ki\u00e7ik c\u0259rrahi \u0259m\u0259liyyatlar aparan zaman 100 kq diri t\u0259yin edilir. \u0259m\u0259liyyatlar Heyvanlar b\u00f6yr\u00fc v\u0259 arxas\u0131\u00fcst\u0259 uzadflm\u0131\u015f v\u0259ziyy\u0259td\u0259, onlar \u00fcz\u0259rind\u0259 nisb\u0259t\u0259n b\u00f6y\u00fck c\u0259rrahi aparan zaman 100 kq diri k\u00fctl\u0259y\u0259 1 ml preparat hesab\u0131 il\u0259 dozala\u015fd\u0131r\u0131laraq t\u0259yin edilir. miqyasl\u0131 Heyvanlar c\u0259rrahi uzan\u0131ql\u0131 \u0259m\u0259liyyatlar v\u0259ziyy\u0259td\u0259 m\u00f6hk\u0259m fiksasiya olunmu\u015f olduqda, onlar \u00fcz\u0259rind\u0259 geni\u015f aparan zaman 100 kq diri k\u00fctl\u0259y\u0259 1,5 ml preparat hesab\u0131 il\u0259 dozala\u015fd\u0131r\u0131laraq inyeksiya edilir.<\/p>\n<p>Atlara: Venadaxilin\u0259 yeridildikd\u0259 heyvanlar\u0131n h\u0259r 100 kq diri k\u00fctl\u0259y\u0259 4 ml preparat hesab\u0131 il\u0259 dozala\u015fd\u0131r\u0131laraq t\u0259yin edilir. \u018fz\u0259l\u0259daxili yeritdikd\u0259, h\u0259r 100 kq diri k\u00fctl\u0259y\u0259 10 ml preparat hesab\u0131 il\u0259 dozala\u015fd\u0131r\u0131laraq t\u0259yin edilir. Heyvanlar \u00fcz\u0259rind\u0259 b\u00f6y\u00fck c\u0259rrahi \u0259m\u0259liyyatlar aparan zaman ba\u015fqa preparatlarla kombin\u0259 edil\u0259r\u0259k t\u0259tbiq olunmas\u0131 m\u0259sl\u0259h\u0259t g\u00f6r\u00fcl\u00fcr. M\u0259s\u0259l\u0259n, venadaxilin\u0259 100 kq diri k\u00fctl\u0259y\u0259 4 ml preparat hesab\u0131 il\u0259 Qalotan (flyuotan) inyeksiya edilm\u0259kl\u0259.<br \/>\nQoyunlara: Onlar\u0131n h\u0259r 10 kq diri k\u00fctl\u0259y\u0259 0,15 ml preparat hesab\u0131 il\u0259 dozala\u015fd\u0131r\u0131laraq t\u0259yin edilir. \u0130tl\u0259r\u0259: Onlar\u0131n h\u0259r kq diri k\u00fctl\u0259y\u0259 0,15 ml preparat hesab\u0131 il\u0259 dozala\u015fd\u0131r\u0131laraq \u0259z\u0259l\u0259daxili v\u0259 ya venadaxili t\u0259yin edilir. Pi\u015fiki\u0259r\u0259: Onlar\u0131n h\u0259r kq diri k\u00fctl\u0259y\u0259 0,15 ml preparat hesab\u0131 il\u0259 dozala\u015fd\u0131r\u0131laraq \u0259z\u0259l\u0259daxili v\u0259 ya venadaxili t\u0259yin edilir. Preparat it v\u0259 pi\u015fikl\u0259r\u0259 ketaminl\u0259 kombin\u0259 edilm\u0259kl\u0259 t\u0259tbiq edil\u0259 bil\u0259r. Bu zaman &#8220;Sanalazin 20&#8221; h\u0259r kq diri k\u00fctl\u0259y\u0259 0,1 ml, &#8220;Ketamin&#8221; is\u0259 h\u0259r kq diri k\u00fctl\u0259y\u0259 0,6- 1 ml preparat hesab\u0131 il\u0259 dozala\u015fd\u0131r\u0131laraq t\u0259yin edilir. Qeyd: Preparat kiitl\u0259vi t\u0259tbiq edilm\u0259zind\u0259n \u0259vv\u0259l ki\u00e7ik qrup heyvanlar (3-5 ba\u015f) \u00fcz\u0259rind\u0259 s\u0131naqdan ke\u00e7irilir v\u0259 3 g\u00fcn \u0259rzind\u0259 he\u00e7 bir f\u0259sad m\u00fc\u015fahid\u0259 edilm\u0259dikd\u0259 k\u00fctl\u0259vi t\u0259tbiq olunur. \u0130stehsal\u00e7\u0131n\u0131n istifad\u0259 t\u0259limat\u0131nda v\u0259 qabla\u015fma (tara) \u00fcz\u0259rind\u0259 g\u00f6st\u0259ril\u0259n istifad\u0259 v\u0259 dozala\u015fd\u0131rma qaydalar\u0131 \u00fcst\u00fcn hesab edilm\u0259lidir.<\/p>\n<p><strong>Preparat t\u0259tbiq edilmi\u015f heyvan m\u0259hsullann\u0131n qida kimi istifad\u0259 edilm\u0259si \u00fc\u00e7\u00fcn g\u00f6zl\u0259m\u0259 vaxt\u0131:<\/strong> Preparat t\u0259tbiq edildiyi ax\u0131r\u0131nc\u0131 g\u00fcnd\u0259n 1 g\u00fcn sonra heyvanlar \u0259tlik m\u0259qs\u0259dil\u0259 k\u0259sil\u0259 bil\u0259rl\u0259r. S\u00fcd \u00fc\u00e7\u00fcn g\u00f6zl\u0259m\u0259 vaxt\u0131 0 g\u00fcnd\u00fcr.<\/p>","protected":false},"excerpt":{"rendered":"<p>SANALAZ\u0130N 20<\/p>","protected":false},"featured_media":435,"comment_status":"open","ping_status":"closed","template":"","meta":[],"product_brand":[],"product_cat":[37],"product_tag":[52,55,57],"class_list":{"0":"post-434","1":"product","2":"type-product","3":"status-publish","4":"has-post-thumbnail","6":"product_cat-dermanlar","7":"product_tag-at","8":"product_tag-ev-heyvani","9":"product_tag-ruminant","11":"first","12":"instock","13":"shipping-taxable","14":"product-type-simple"},"_links":{"self":[{"href":"https:\/\/ucalvet.com\/en\/wp-json\/wp\/v2\/product\/434","targetHints":{"allow":["GET"]}}],"collection":[{"href":"https:\/\/ucalvet.com\/en\/wp-json\/wp\/v2\/product"}],"about":[{"href":"https:\/\/ucalvet.com\/en\/wp-json\/wp\/v2\/types\/product"}],"replies":[{"embeddable":true,"href":"https:\/\/ucalvet.com\/en\/wp-json\/wp\/v2\/comments?post=434"}],"wp:featuredmedia":[{"embeddable":true,"href":"https:\/\/ucalvet.com\/en\/wp-json\/wp\/v2\/media\/435"}],"wp:attachment":[{"href":"https:\/\/ucalvet.com\/en\/wp-json\/wp\/v2\/media?parent=434"}],"wp:term":[{"taxonomy":"product_brand","embeddable":true,"href":"https:\/\/ucalvet.com\/en\/wp-json\/wp\/v2\/product_brand?post=434"},{"taxonomy":"product_cat","embeddable":true,"href":"https:\/\/ucalvet.com\/en\/wp-json\/wp\/v2\/product_cat?post=434"},{"taxonomy":"product_tag","embeddable":true,"href":"https:\/\/ucalvet.com\/en\/wp-json\/wp\/v2\/product_tag?post=434"}],"curies":[{"name":"wp","href":"https:\/\/api.w.org\/{rel}","templated":true}]}}