{"id":436,"date":"2025-10-05T12:49:50","date_gmt":"2025-10-05T16:49:50","guid":{"rendered":"https:\/\/ucalvet.com\/?post_type=product&#038;p=436"},"modified":"2025-10-05T15:42:17","modified_gmt":"2025-10-05T19:42:17","slug":"calfomag","status":"publish","type":"product","link":"https:\/\/ucalvet.com\/en\/product\/calfomag\/","title":{"rendered":"CALFOMAG"},"content":{"rendered":"<p><strong>Preparat\u0131n ticar\u0259t ad\u0131: <\/strong>CALFOMAG<\/p>\n<p><strong>\u0130stifad\u0259 sah\u0259si: <\/strong>Calfomag inyeksiya \u00fc\u00e7\u00fcn m\u0259hlul -mal-qara, at, qoyun, ke\u00e7i v\u0259 itl\u0259rd\u0259 kalsium, maqnezium v\u0259 fosfor \u00e7at\u0131\u015fmazl\u0131\u011f\u0131 n\u0259tic\u0259sind\u0259 yaranan k\u0259skin v\u0259 xroniki metabolik poz\u011funluqlar\u0131n qar\u015f\u0131s\u0131n\u0131n al\u0131nmas\u0131 v\u0259 m\u00fcalic\u0259sind\u0259 istifad\u0259 olunur. Mal-qarada: hipokalsemik iflic (do\u011fu\u015f q\u0131zd\u0131rmas\u0131, paresis puerperalis), tetaniyalar (hamil\u0259lik v\u0259 ya laktasiya tetaniyas\u0131, s\u0259yah\u0259t, stabil, \u00e7\u0259m\u0259n tetaniyas\u0131), t\u0259rkibind\u0259ki minerallar\u0131n \u00e7at\u0131\u015fmazl\u0131\u011f\u0131 il\u0259 ba\u011fl\u0131 x\u0259st\u0259likl\u0259r (raxit, osteomalasiya), allergiya, anafilaksiya, dekubit. yaralar, toksikozlar, nevrozlar, puerperal hemoglobinuriya v\u0259 yeni do\u011fulmu\u015f u\u015faqlarda inki\u015faf\u0131n olmamas\u0131. Atlarda: tetaniya, mineral \u00e7at\u0131\u015fmazl\u0131\u011f\u0131 il\u0259 ba\u011fl\u0131 x\u0259st\u0259likl\u0259r (raxit, osteomalasiya), morbus maculosis, allergiya, dekubitus hallar\u0131, toksikozlar, nevrozlar v\u0259 yeni do\u011fulmu\u015flarda inki\u015faf \u00e7at\u0131\u015fmazl\u0131\u011f\u0131. Qoyun v\u0259 ke\u00e7il\u0259rd\u0259: Osteomalaziya, asetonuriya, s\u0259b\u0259bi bilinm\u0259y\u0259n dekubit yaralar\u0131, t\u0259rkibind\u0259ki minerallar\u0131n \u00e7at\u0131\u015fmazl\u0131\u011f\u0131 n\u0259tic\u0259sind\u0259 yaranan metabolik poz\u011funluqlar, toksikozlar, nevrozlar v\u0259 yen\u0131 do\u011fulmu\u015f u\u015faqlarda inki\u015faf geriliyi. \u0130tl\u0259rd\u0259: Eklampsiya, \u00fcrtiker, anafilaksiya, hematuriya, raxit, osteomalasiya, allergiya, toksikoz v\u0259 nevrozlarda istifad\u0259 olunur. \u00dcmumiyy\u0259tl\u0259 qur\u011fu\u015fun, civ\u0259, mis, qalay v\u0259 kadmium kimi metallar\u0131n, x\u00fcsusil\u0259 xloroform, karbon tetraxlorid, \u00fczvi fosfor insektisidl\u0259rinin s\u0259b\u0259b oldu\u011fu z\u0259h\u0259rl\u0259nm\u0259l\u0259rd\u0259 b\u00fct\u00fcn h\u0259d\u0259f n\u00f6vl\u0259rd\u0259 istifad\u0259 olunur.<\/p>\n<p><strong>D\u0259rman formas\u0131 v\u0259 qabla\u015fd\u0131rma: <\/strong>Inyeksiya \u00fc\u00e7\u00fcn m\u0259hlul, \u015e\u00fc\u015f\u0259 flakon<\/p>\n<p><strong>Preparat\u0131n t\u0259rkibi f\u0259al madd\u0259:<\/strong> MAQNEZ\u0130UM XLOR\u0130D &#8211; 60 mq, KALS\u0130UM QLUKOHEPTONAT \u2013 45 mq, BUTAFOSFAN \u2013 4 mq, KALS\u0130UM QLUKONAT \u2013 190 mq.<\/p>\n<p><strong>\u0130stifad\u0259 v\u0259 dozala\u015fd\u0131rma qaydalar\u0131:<\/strong> Preparat Baytar h\u0259kiminin n\u0259zar\u0259ti alt\u0131nda a\u015fa\u011f\u0131dak\u0131 qaydada verilir. \u0130nyeksiya m\u0259hlulu iri buynuzlu mal-qara, at, qoyun, ke\u00e7i v\u0259 itl\u0259r\u0259 \u0259z\u0259l\u0259daxili, venadaxili v\u0259 d\u0259rialt\u0131 yeridilir. Farmakoloji doza; 22,62 mq\/kq b\u0259d\u0259n \u00e7\u0259kisi kalsium, 15,32 mq\/kq qep\u0259n \u00e7\u0259kisi maqnezium, 4 mq\/kq b\u0259d\u0259n \u00e7\u0259kisi butafosfand\u0131r. -Mal-qara v\u0259 at 300-500 kq b\u0259d\u0259n \u00e7\u0259kisin\u0259 300-500 ml -Dana -day\u00e7alarda 50-100 kq b\u0259d\u0259n \u00e7\u0259kisin\u0259 50-100 ml -Qoyun-Ke\u00e7i 50-100 kq b\u0259d\u0259n \u00e7\u0259kisin\u0259 50-100 ml &#8211; It 5-20 kq b\u0259d\u0259n \u00e7\u0259kisin\u0259 5-20 ml \u0259z\u0259l\u0259daxili, venadaxili, d\u0259rialt\u0131 yeridilir. Y\u00fcng\u00fcl heyvanlar \u00fc\u00e7\u00fcn a\u015fa\u011f\u0131 doza, a\u011f\u0131r heyvanlar \u00fc\u00e7\u00fcn is\u0259 y\u00fcks\u0259k doza se\u00e7ilm\u0259lidir. \u0130stifad\u0259d\u0259n \u0259vv\u0259l inyeksiya b\u0259d\u0259n istiliyind\u0259 olmal\u0131d\u0131r. B\u00f6y\u00fck heyvanlarda dozan\u0131n yar\u0131s\u0131 yava\u015f-yava\u015f venadaxili, yar\u0131s\u0131 is\u0259 d\u0259rialt\u0131 yeridil\u0259 bil\u0259r. Ki\u00e7ik heyvanlarda \u0259z\u0259l\u0259daxili t\u0259tbiq\u0259 \u00fcst\u00fcnl\u00fck verilm\u0259lidir. D\u0259rialt\u0131 inyeksiya \u00fc\u00e7\u00fcn doza bir ne\u00e7\u0259 f\u0259rqli sah\u0259y\u0259 yeridilm\u0259lidir. Hipokalsemik iflic v\u0259 dekubit v\u0259ziyy\u0259tind\u0259 d\u0259rman q\u0259bulu yatan heyvan aya\u011fa qalxana q\u0259der h\u0259r 6 saatdan bir t\u0259krar edilm\u0259lidir. X\u0259st\u0259liyin t\u0259krarlanmas\u0131 hal\u0131nda, tam n\u0259tic\u0259 \u0259ld\u0259 olunana q\u0259d\u0259r m\u00fcalic\u0259 davam etdirilir.<\/p>\n<p><strong>Preparat t\u0259tbiq edilmi\u015f heyvan m\u0259hsullar\u0131n\u0131n qida kimi istifad\u0259 edilm\u0259si \u00fc\u00e7\u00fcn g\u00f6zl\u0259m\u0259 vaxt\u0131:<\/strong> M\u00fcalic\u0259 zaman\u0131 mal-qara, qoyun v\u0259 ke\u00e7il\u0259rd\u0259 \u0259t v\u0259 s\u00fcd\u00fcn qal\u0131qlar\u0131n\u0131n t\u0259mizl\u0259nm\u0259si m\u00fcdd\u0259ti &#8220;0&#8221; g\u00fcnd\u00fcr.<\/p>","protected":false},"excerpt":{"rendered":"<p>CALFOMAG<\/p>","protected":false},"featured_media":437,"comment_status":"open","ping_status":"closed","template":"","meta":[],"product_brand":[],"product_cat":[37],"product_tag":[55,57],"class_list":{"0":"post-436","1":"product","2":"type-product","3":"status-publish","4":"has-post-thumbnail","6":"product_cat-dermanlar","7":"product_tag-ev-heyvani","8":"product_tag-ruminant","10":"first","11":"instock","12":"shipping-taxable","13":"product-type-simple"},"_links":{"self":[{"href":"https:\/\/ucalvet.com\/en\/wp-json\/wp\/v2\/product\/436","targetHints":{"allow":["GET"]}}],"collection":[{"href":"https:\/\/ucalvet.com\/en\/wp-json\/wp\/v2\/product"}],"about":[{"href":"https:\/\/ucalvet.com\/en\/wp-json\/wp\/v2\/types\/product"}],"replies":[{"embeddable":true,"href":"https:\/\/ucalvet.com\/en\/wp-json\/wp\/v2\/comments?post=436"}],"wp:featuredmedia":[{"embeddable":true,"href":"https:\/\/ucalvet.com\/en\/wp-json\/wp\/v2\/media\/437"}],"wp:attachment":[{"href":"https:\/\/ucalvet.com\/en\/wp-json\/wp\/v2\/media?parent=436"}],"wp:term":[{"taxonomy":"product_brand","embeddable":true,"href":"https:\/\/ucalvet.com\/en\/wp-json\/wp\/v2\/product_brand?post=436"},{"taxonomy":"product_cat","embeddable":true,"href":"https:\/\/ucalvet.com\/en\/wp-json\/wp\/v2\/product_cat?post=436"},{"taxonomy":"product_tag","embeddable":true,"href":"https:\/\/ucalvet.com\/en\/wp-json\/wp\/v2\/product_tag?post=436"}],"curies":[{"name":"wp","href":"https:\/\/api.w.org\/{rel}","templated":true}]}}