{"id":438,"date":"2025-10-05T12:50:51","date_gmt":"2025-10-05T16:50:51","guid":{"rendered":"https:\/\/ucalvet.com\/?post_type=product&#038;p=438"},"modified":"2025-12-09T13:44:05","modified_gmt":"2025-12-09T17:44:05","slug":"immun-pet","status":"publish","type":"product","link":"https:\/\/ucalvet.com\/en\/product\/immun-pet\/","title":{"rendered":"\u0130MMUN-PET"},"content":{"rendered":"<p><strong>Preparat\u0131n ticar\u0259t ad\u0131: <\/strong>\u0130MMUN-PET<\/p>\n<p><strong>\u0130stifad\u0259 sah\u0259si: <\/strong>\u0130mmunitet sistemini g\u00fccl\u0259ndirir,d\u0259st\u0259kl\u0259yir. \u0130mmunitet sistemi \u00fc\u00e7\u00fcn yem \u0259lav\u0259l\u0259ri\/yem \u0259lav\u0259l\u0259ri: IMMUN-PET formulas\u0131 immunitet sistemini stimulla\u015fd\u0131ran v\u0259 daha g\u00fccl\u00fc qoruma t\u0259min ed\u0259n, selikli qi\u015fa, viral v\u0259 rumen toxunulmazl\u0131\u011f\u0131n\u0131 g\u00fccl\u0259ndir\u0259n tamamlay\u0131c\u0131 yem \u0259lav\u0259sidir.<\/p>\n<p><strong>Preparat\u0131n t\u0259rkibi f\u0259al madd\u0259: <\/strong>Vitamin B1, B2, B3, B5,B6, B12, C, b7, Natrium, Aromatik qar\u0131\u015f\u0131q, Natrium benzoate, Taurin, Ksantan saqq\u0131z\u0131.<\/p>\n<p><strong>\u0130stifad\u0259 v\u0259 dozala\u015fd\u0131rma qaydalar\u0131: <\/strong>Oral yolla istifad\u0259 olunur. Ki\u00e7ik it v\u0259 pi\u015fik \u00fc\u00e7\u00fcn praktiki doza: 1ml\/5kq 10 kq-dan yuxar\u0131 itl\u0259r \u00fc\u00e7\u00fcn praktiki doza: 2ml\/10kq<\/p>","protected":false},"excerpt":{"rendered":"<p>\u0130MMUN-PET<\/p>","protected":false},"featured_media":1115,"comment_status":"open","ping_status":"closed","template":"","meta":[],"product_brand":[],"product_cat":[64,45],"product_tag":[55],"class_list":{"0":"post-438","1":"product","2":"type-product","3":"status-publish","4":"has-post-thumbnail","6":"product_cat-at","7":"product_cat-vitamin-ve-minerallar","8":"product_tag-ev-heyvani","10":"first","11":"instock","12":"shipping-taxable","13":"product-type-simple"},"_links":{"self":[{"href":"https:\/\/ucalvet.com\/en\/wp-json\/wp\/v2\/product\/438","targetHints":{"allow":["GET"]}}],"collection":[{"href":"https:\/\/ucalvet.com\/en\/wp-json\/wp\/v2\/product"}],"about":[{"href":"https:\/\/ucalvet.com\/en\/wp-json\/wp\/v2\/types\/product"}],"replies":[{"embeddable":true,"href":"https:\/\/ucalvet.com\/en\/wp-json\/wp\/v2\/comments?post=438"}],"wp:featuredmedia":[{"embeddable":true,"href":"https:\/\/ucalvet.com\/en\/wp-json\/wp\/v2\/media\/1115"}],"wp:attachment":[{"href":"https:\/\/ucalvet.com\/en\/wp-json\/wp\/v2\/media?parent=438"}],"wp:term":[{"taxonomy":"product_brand","embeddable":true,"href":"https:\/\/ucalvet.com\/en\/wp-json\/wp\/v2\/product_brand?post=438"},{"taxonomy":"product_cat","embeddable":true,"href":"https:\/\/ucalvet.com\/en\/wp-json\/wp\/v2\/product_cat?post=438"},{"taxonomy":"product_tag","embeddable":true,"href":"https:\/\/ucalvet.com\/en\/wp-json\/wp\/v2\/product_tag?post=438"}],"curies":[{"name":"wp","href":"https:\/\/api.w.org\/{rel}","templated":true}]}}