{"id":439,"date":"2025-10-05T12:51:40","date_gmt":"2025-10-05T16:51:40","guid":{"rendered":"https:\/\/ucalvet.com\/?post_type=product&#038;p=439"},"modified":"2025-11-25T09:10:48","modified_gmt":"2025-11-25T13:10:48","slug":"babemic","status":"publish","type":"product","link":"https:\/\/ucalvet.com\/en\/product\/babemic\/","title":{"rendered":"Babemic"},"content":{"rendered":"<p><strong>Preparat\u0131n ticar\u0259t ad\u0131:<\/strong>\u00a0 Babemic<\/p>\n<p><strong>\u0130stifad\u0259 sah\u0259si: <\/strong>Preparat qaramal, d\u0259v\u0259, qoyun, ke\u00e7i, v\u0259 itl\u0259rd\u0259 babezioz, piroplazmoz v\u0259 tripanosomozlar\u0131n profilaktikas\u0131 v\u0259 m\u00fcalic\u0259si m\u0259qs\u0259di il\u0259 t\u0259tbiq edilir<\/p>\n<p><strong>D\u0259rman formas\u0131 v\u0259 qabla\u015fd\u0131rma: <\/strong>\u0130nyeksiya \u00fc\u00e7\u00fcn m\u0259hlul 20, 50, 100, 250, 500 v\u0259 1000 ml h\u0259cmind\u0259, k\u0259hraba r\u0259ngli \u015f\u00fc\u015f\u0259 flakonlarda qabla\u015fd\u0131r\u0131l\u0131r.<\/p>\n<p><strong>Preparat\u0131n t\u0259rkibi f\u0259al madd\u0259, 100 ml-d\u0259:<\/strong> Diminazin aseturat- 5,0 q, Antipirin35,0 q, \u0130nyeksiya \u00fc\u00e7\u00fcn su- 100 ml-\u0259 q\u0259d\u0259r.<\/p>\n<p><strong>\u0130stifad\u0259 v\u0259 dozala\u015fd\u0131rma qaydalar\u0131: <\/strong>Preparat \u0259z\u0259l\u0259daxili yeridilm\u0259kl\u0259 t\u0259tbiq edilir. Preparat heyvanlar\u0131n h\u0259r kq diri k\u00fctl\u0259sin\u0259 3,0 mq diminazin aseturat hesab\u0131 il\u0259 dozala\u015fd\u0131r\u0131l\u0131r. Davaml\u0131 olan parazitl\u0259r\u0259 qar\u015f\u0131 doza h\u0259r kq diri k\u00fctl\u0259y\u0259 8 mq-a q\u0259d\u0259r art\u0131r\u0131la bil\u0259r. Praktiki olaraq heyvanlar\u0131n h\u0259r 100 kq diri k\u00fctl\u0259sin\u0259 6,0 ml preparat hesab\u0131 il\u0259 dozala\u015fd\u0131r\u0131laraq inyeksiya edilir. B\u00f6y\u00fck heyvanlarda preparat\u0131n bird\u0259f\u0259lik dozas\u0131 20 ml art\u0131q olduqda, t\u0259yin edilmi\u015f doza b\u0259rab\u0259r hiss\u0259l\u0259r\u0259 b\u00f6l\u00fcnm\u0259kl\u0259 ayr\u0131- ayr\u0131 nahiyy\u0259l\u0259r\u0259 inyeksiya edilir.<\/p>\n<p><strong>Farmakoloji qrupu:<\/strong> Antiprotozoal baytarl\u0131q prepart\u0131.<\/p>","protected":false},"excerpt":{"rendered":"<p>Babemic<\/p>","protected":false},"featured_media":440,"comment_status":"open","ping_status":"closed","template":"","meta":[],"product_brand":[],"product_cat":[43,74,63],"product_tag":[55,57],"class_list":{"0":"post-439","1":"product","2":"type-product","3":"status-publish","4":"has-post-thumbnail","6":"product_cat-antiparazitler","7":"product_cat-diger","8":"product_cat-ruminant","9":"product_tag-ev-heyvani","10":"product_tag-ruminant","12":"first","13":"instock","14":"shipping-taxable","15":"product-type-simple"},"_links":{"self":[{"href":"https:\/\/ucalvet.com\/en\/wp-json\/wp\/v2\/product\/439","targetHints":{"allow":["GET"]}}],"collection":[{"href":"https:\/\/ucalvet.com\/en\/wp-json\/wp\/v2\/product"}],"about":[{"href":"https:\/\/ucalvet.com\/en\/wp-json\/wp\/v2\/types\/product"}],"replies":[{"embeddable":true,"href":"https:\/\/ucalvet.com\/en\/wp-json\/wp\/v2\/comments?post=439"}],"wp:featuredmedia":[{"embeddable":true,"href":"https:\/\/ucalvet.com\/en\/wp-json\/wp\/v2\/media\/440"}],"wp:attachment":[{"href":"https:\/\/ucalvet.com\/en\/wp-json\/wp\/v2\/media?parent=439"}],"wp:term":[{"taxonomy":"product_brand","embeddable":true,"href":"https:\/\/ucalvet.com\/en\/wp-json\/wp\/v2\/product_brand?post=439"},{"taxonomy":"product_cat","embeddable":true,"href":"https:\/\/ucalvet.com\/en\/wp-json\/wp\/v2\/product_cat?post=439"},{"taxonomy":"product_tag","embeddable":true,"href":"https:\/\/ucalvet.com\/en\/wp-json\/wp\/v2\/product_tag?post=439"}],"curies":[{"name":"wp","href":"https:\/\/api.w.org\/{rel}","templated":true}]}}