{"id":441,"date":"2025-10-05T12:52:23","date_gmt":"2025-10-05T16:52:23","guid":{"rendered":"https:\/\/ucalvet.com\/?post_type=product&#038;p=441"},"modified":"2025-10-05T15:41:42","modified_gmt":"2025-10-05T19:41:42","slug":"zuletel-10","status":"publish","type":"product","link":"https:\/\/ucalvet.com\/en\/product\/zuletel-10\/","title":{"rendered":"Zuletel 10%"},"content":{"rendered":"<p><strong>Preparat\u0131n ticar\u0259t ad\u0131:<\/strong> &#8220;Zuletel 10%-li inyeksiya\u201d \u2013 Zuletel 10% injectable.<\/p>\n<p><strong>\u0130stifad\u0259 sah\u0259si: <\/strong>Preparat iri buynuzlu heyvanlarda (IBH), qoyun v\u0259 ke\u00e7il\u0259rd\u0259 fassiolyozlara, dikroselioza, moniezioza, diktiokaulyoza, ostertagioza, hemonxoza, trixonstrongilyoza, kooperioza, ezofaqostomoza, edemagenoza, IBH-da h\u0259md\u0259 hipodermatoza v\u0259 qoyunlarda estroza v\u0259 psoroptoza qar\u015f\u0131 t\u0259tbiq olunur.<\/p>\n<p><strong>D\u0259rman formas\u0131 v<\/strong><strong>\u0259 qabla\u015fd\u0131rma:<\/strong> \u0130nyeksiya \u00fc\u00e7\u00fcn m\u0259hlul 20 ml, 50 ml v\u0259 100 ml, 250 ml, 500 ml v\u0259 1000 ml miqdar\u0131nda \u015f\u00fc\u015f\u0259 flakonlarda v\u0259 polimer taralarda qabla\u015fd\u0131r\u0131l\u0131r.<\/p>\n<p><strong>Preparat\u0131n t\u0259rkibi, f\u0259al madd\u0259 100 ml-d\u0259:<\/strong> Klozantel natrium -10 q v\u0259 k\u00f6m\u0259k\u00e7i madd\u0259l\u0259r.<\/p>\n<p><strong>Farmako-terapevtik qrupu:<\/strong> Antiparazitar baytarl\u0131q preparat\u0131<\/p>\n<p><strong>\u0130stifad\u0259 v\u0259 dozala\u015fd\u0131rma qaydalar\u0131:<\/strong> Preparat baytar h\u0259kimin n\u0259zar\u0259ti alt\u0131nda aseptika v\u0259 antiseptika qaydalar\u0131na \u0259m\u0259l etm\u0259kl\u0259, d\u0259rialt\u0131na inyeksiya edilm\u0259kl\u0259, a\u015fa\u011f\u0131dak\u0131 qaydalara uy\u011fun bir d\u0259f\u0259 t\u0259tbiq edilir: \u0130ri buynuzlu heyvanlarda (8 h\u0259ft\u0259 ya\u015f\u0131 olan v\u0259 ya\u015fl\u0131): Trematodozlar (fassiolyoz, parafistamatoz) v\u0259 M\u0259d\u0259- ba\u011f\u0131rsaq trematodozlar\u0131, nematodozlar\u0131 zaman\u0131 heyvanlar\u0131n h\u0259r 40 kq diri k\u00fctl\u0259sin\u0259 1 ml (h\u0259r kq diri k\u00fctl\u0259y\u0259 2,5 mq t\u0259siredici madd\u0259); Telyazioz v\u0259 hipodermatozlarda h\u0259r 40 kq diri k\u00fctl\u0259sin\u0259 1 ml (h\u0259r kq diri k\u00fctl\u0259y\u0259 2,5 mq t\u0259siredici madd\u0259); Qoturluq (sarkoptoz, psoroptoz) zaman\u0131 heyvanlar\u0131n h\u0259r 10 kq diri k\u00fctl\u0259sin\u0259 1 ml (h\u0259r kq diri k\u00fctl\u0259y\u0259 10 mq t\u0259siredici madd\u0259) hesab\u0131 il\u0259 dozala\u015fd\u0131r\u0131l\u0131r. Qoyunlara (4 h\u0259ft\u0259 ya\u015f\u0131 olan v\u0259 ya\u015fl\u0131): Fassiolyoz zaman\u0131, nematodlara v\u0259 Oestrusa qar\u015f\u0131 heyvanlar\u0131n h\u0259r 20 kq diri k\u00fctl\u0259sin\u0259 1 ml (h\u0259r kq diri k\u00fctl\u0259y\u0259 5 mq t\u0259siredici madd\u0259) hesab\u0131 il\u0259 dozala\u015fd\u0131r\u0131l\u0131r; Ektoparazitl\u0259r\u0259 qar\u015f\u0131 profilaktika m\u0259qs\u0259dil\u0259 heyvanlar\u0131n h\u0259r 10 kq diri k\u00fctl\u0259sin\u0259 1 ml (h\u0259r kq diri k\u00fctl\u0259y\u0259 10 mq t\u0259siredici madd\u0259) hesab\u0131 il\u0259 dozala\u015fd\u0131r\u0131l\u0131r. T\u0259yin edilmi\u015f doza Iri buynuzlu heyvanlarda 10 ml, qoyunlarda 5 ml-d\u0259n art\u0131q olduqda, doza b\u00f6l\u00fc\u015fd\u00fcr\u0259r\u0259k bir ne\u00e7\u0259 yerd\u0259n inyeksiya edilm\u0259lidir. Preparat f\u0259rdi y\u00fcks\u0259k h\u0259ssasl\u0131\u011f\u0131 (allergiyas\u0131) olan, z\u0259if v\u0259 ar\u0131q heyvanlarda, sa\u011fmal heyvanlarda, bo\u011fazl\u0131\u011f\u0131n son 1\/3 d\u00f6r\u00fcnd\u0259 t\u0259tbiq edilmir.<\/p>\n<p><strong>G\u00f6zl\u0259m\u0259 vaxt\u0131:<\/strong> Preparat t\u0259tbiq edildiyi ax\u0131r\u0131nc\u0131 g\u00fcnd\u0259n 15 sutka sonra heyvanlar \u0259tlik m\u0259qs\u0259dl\u0259 k\u0259sil\u0259 bil\u0259rl\u0259r. Sa\u011fmal heyvanlar\u0131n s\u00fcd\u00fc m\u00fcalic\u0259 d\u00f6vr\u00fcnd\u0259 v\u0259 ondan 15 sutka sonrayad\u0259k qida \u00fc\u00e7\u00fcn yararl\u0131 deyil.<\/p>","protected":false},"excerpt":{"rendered":"<p>&#8220;Zuletel 10%-li inyeksiya\u201d \u2013 Zuletel 10% injectable.<\/p>","protected":false},"featured_media":442,"comment_status":"open","ping_status":"closed","template":"","meta":[],"product_brand":[],"product_cat":[43],"product_tag":[57],"class_list":{"0":"post-441","1":"product","2":"type-product","3":"status-publish","4":"has-post-thumbnail","6":"product_cat-antiparazitler","7":"product_tag-ruminant","9":"first","10":"instock","11":"shipping-taxable","12":"product-type-simple"},"_links":{"self":[{"href":"https:\/\/ucalvet.com\/en\/wp-json\/wp\/v2\/product\/441","targetHints":{"allow":["GET"]}}],"collection":[{"href":"https:\/\/ucalvet.com\/en\/wp-json\/wp\/v2\/product"}],"about":[{"href":"https:\/\/ucalvet.com\/en\/wp-json\/wp\/v2\/types\/product"}],"replies":[{"embeddable":true,"href":"https:\/\/ucalvet.com\/en\/wp-json\/wp\/v2\/comments?post=441"}],"wp:featuredmedia":[{"embeddable":true,"href":"https:\/\/ucalvet.com\/en\/wp-json\/wp\/v2\/media\/442"}],"wp:attachment":[{"href":"https:\/\/ucalvet.com\/en\/wp-json\/wp\/v2\/media?parent=441"}],"wp:term":[{"taxonomy":"product_brand","embeddable":true,"href":"https:\/\/ucalvet.com\/en\/wp-json\/wp\/v2\/product_brand?post=441"},{"taxonomy":"product_cat","embeddable":true,"href":"https:\/\/ucalvet.com\/en\/wp-json\/wp\/v2\/product_cat?post=441"},{"taxonomy":"product_tag","embeddable":true,"href":"https:\/\/ucalvet.com\/en\/wp-json\/wp\/v2\/product_tag?post=441"}],"curies":[{"name":"wp","href":"https:\/\/api.w.org\/{rel}","templated":true}]}}