{"id":445,"date":"2025-10-05T12:55:29","date_gmt":"2025-10-05T16:55:29","guid":{"rendered":"https:\/\/ucalvet.com\/?post_type=product&#038;p=445"},"modified":"2025-11-25T09:17:56","modified_gmt":"2025-11-25T13:17:56","slug":"varroset","status":"publish","type":"product","link":"https:\/\/ucalvet.com\/en\/product\/varroset\/","title":{"rendered":"VARROSET"},"content":{"rendered":"<p><strong>Pr\u0435\u0440\u0430rat\u0131n ticar\u0259t ad\u0131:<\/strong> Varroset<\/p>\n<p><strong>\u0130stifad\u0259 sah\u0259si: <\/strong>Balver\u0259n ar\u0131lar\u0131n varroatozunun m\u00fcalic\u0259 v\u0259 profilaktikasi \u00fc\u00e7\u00fcn vasit\u0259dir. Bal ar\u0131lar\u0131nda &#8220;Varroa jacobsoni&#8221; adl\u0131 ar\u0131 g\u0259n\u0259si il\u0259 m\u00fcbariz\u0259 aparmaq \u00fc\u00e7\u00fcn istifad\u0259 olunur.<\/p>\n<p><strong>Preparat\u0131n t\u0259rkibi f\u0259al madd\u0259:<\/strong> AMITRAZ &#8211; 400 mq<\/p>\n<p><strong>D\u0259rman formas\u0131 v\u0259 qabla\u015fd\u0131rma: <\/strong>Karton zolaqlar, falqal\u0131 paket.<\/p>\n<p><strong>Farmako-terapevtik qrupu:<\/strong> Akarisid<\/p>\n<p><strong>\u0130stifad\u0259 v\u0259 dozala\u015fd\u0131rma qaydalar\u0131:<\/strong> Torbadan \u00e7\u0131xar\u0131lm\u0131\u015f b\u00fczm\u0259li karton formas\u0131nda buxur ka\u011f\u0131z\u0131 h\u0259r iki ucundan yand\u0131r\u0131laraq bo\u015f k\u00f6r\u00fcy\u0259 qoyulur. \u0130lk d\u0259rmans\u0131z t\u00fcst\u00fcn\u00fc \u00e7\u0131xarmaq \u00fc\u00e7\u00fcn \u00fcfl\u0259yici il\u0259 5 d\u0259f\u0259 havaya p\u00fcsk\u00fcrd\u00fcl\u00fcr. Farmakoloji doza: 21-42 ppm\/p\u0259t\u0259k. Sonra h\u0259r p\u0259t\u0259yin u\u00e7u\u015f d\u0259liyind\u0259n 6 d\u0259f\u0259 buxur (t\u00fcst\u00fc) \u00fcf\u00fcr\u00fcl\u00fcr. Qara p\u0259t\u0259kl\u0259r v\u0259 ya s\u0259b\u0259t p\u0259t\u0259kl\u0259r \u00fc\u00e7\u00fcn 4 buxur (t\u00fcst\u00fc) z\u0259rb\u0259si kifay\u0259tdir. D\u0259rman t\u0259tbiqi 3-4 g\u00fcn ara il\u0259 3-4 d\u0259f\u0259 t\u0259krarlanmal\u0131d\u0131r. T\u0259tbiq zaman\u0131 v\u0259 t\u0259tbiqd\u0259n sonra qolun u\u00e7u\u015f d\u0259liyini ba\u011flamay\u0131n. Preparat 8&#215;20 sm \u00f6l\u00e7\u00fcd\u0259 1 \u0259d\u0259d buxur ka\u011f\u0131z\u0131 15 p\u0259t\u0259k \u00fc\u00e7\u00fcn kifay\u0259tdir. 15 p\u0259t\u0259k t\u0259xmin\u0259n 3 d\u0259qiq\u0259 \u0259rzind\u0259 p\u00fcsk\u00fcrd\u00fcl\u0259 bil\u0259r. Bir anda yaln\u0131z 7 p\u0259t\u0259k p\u00fcsk\u00fcrd\u00fcl\u0259c\u0259ks\u0259: Torbas\u0131ndan bir ar\u0131 buxur ka\u011f\u0131z\u0131 (b\u00fczm\u0259li karton) \u00e7\u0131xar\u0131l\u0131r, ortas\u0131ndan enin\u0259 k\u0259silir v\u0259 7 p\u0259t\u0259k dezinfeksiya etm\u0259k \u00fc\u00e7\u00fcn bu yar\u0131m buxur ka\u011f\u0131z\u0131 k\u00f6r\u00fckd\u0259 yand\u0131r\u0131l\u0131r. P\u00fcsk\u00fcrtm\u0259 vaxt\u0131: \u00c7il\u0259m\u0259 erk\u0259n yazda v\u0259 pay\u0131z\u0131n son g\u00fcnl\u0259rind\u0259 ax\u015fam apar\u0131lmal\u0131d\u0131r. Q\u0131\u015fda p\u0259t\u0259kd\u0259 bala h\u00fcceyr\u0259l\u0259ri olmad\u0131\u011f\u0131 \u00fc\u00e7\u00fcn b\u00fct\u00fcn yetkin varroa parazitl\u0259ri ar\u0131larda olur. Bu s\u0259b\u0259bd\u0259n q\u0131\u015fda havan\u0131n temperaturu 14\u00b0C-d\u0259n yuxar\u0131 olduqda (g\u00fcn\u0259\u015fli g\u00fcnl\u0259rd\u0259) VARROSET il\u0259 m\u00fcbariz\u0259 aparsan\u0131z, varroa il\u0259 m\u00fcbariz\u0259d\u0259n daha yax\u015f\u0131 n\u0259tic\u0259 \u0259ld\u0259 edil\u0259c\u0259k. Havan\u0131n temperaturunun 14\u00b0C-d\u0259n a\u015fa\u011f\u0131 oldu\u011fu g\u00fcnl\u0259rde he\u00e7 vaxt \u00e7il\u0259m\u0259 apar\u0131lmamal\u0131d\u0131r.<\/p>\n<p><strong>Preparat t\u0259tbiq edilmi\u015f heyvan m\u0259hsullar\u0131n\u0131n qida kimi istifad\u0259 edilm\u0259si \u00fc\u00e7\u00fcn g\u00f6zl\u0259m\u0259 vaxt\u0131:<\/strong> Bal ax\u0131n\u0131 \u0259snas\u0131nda v\u0259 bal ax\u0131n\u0131n\u0131n ba\u015flanmas\u0131ndan 30 g\u00fcn \u0259vv\u0259l d\u0259rman t\u0259tbiq edilm\u0259lidir. D\u0259rman t\u0259tbiqind\u0259n sonra 30 g\u00fcn \u0259rzind\u0259 \u0259ld\u0259 edil\u0259n bal insan istehlak\u0131 \u00fc\u00e7\u00fcn t\u0259klif edilm\u0259m\u0259lidir. Bal ar\u0131lar\u0131 12\u00b0C-d\u0259n a\u015fa\u011f\u0131 temperaturda q\u0131\u015f salx\u0131mlar\u0131 \u0259m\u0259l\u0259 g\u0259tirdiyi \u00fc\u00e7\u00fcn soyuq havada d\u0259rmanlama ana ar\u0131n\u0131n \u00f6l\u00fcm\u00fcn\u0259 s\u0259b\u0259b ola bil\u0259r. Bu s\u0259b\u0259bd\u0259n havan\u0131n temperaturu 14\u00b0C-d\u0259n a\u015fa\u011f\u0131 d\u00fc\u015f\u0259nd\u0259 \u00e7il\u0259m\u0259 apar\u0131lmamal\u0131d\u0131r.<\/p>","protected":false},"excerpt":{"rendered":"<p>Varroset<\/p>","protected":false},"featured_media":446,"comment_status":"open","ping_status":"closed","template":"","meta":[],"product_brand":[],"product_cat":[62,74],"product_tag":[25],"class_list":{"0":"post-445","1":"product","2":"type-product","3":"status-publish","4":"has-post-thumbnail","6":"product_cat-ari","7":"product_cat-diger","8":"product_tag-ari","10":"first","11":"instock","12":"shipping-taxable","13":"product-type-simple"},"_links":{"self":[{"href":"https:\/\/ucalvet.com\/en\/wp-json\/wp\/v2\/product\/445","targetHints":{"allow":["GET"]}}],"collection":[{"href":"https:\/\/ucalvet.com\/en\/wp-json\/wp\/v2\/product"}],"about":[{"href":"https:\/\/ucalvet.com\/en\/wp-json\/wp\/v2\/types\/product"}],"replies":[{"embeddable":true,"href":"https:\/\/ucalvet.com\/en\/wp-json\/wp\/v2\/comments?post=445"}],"wp:featuredmedia":[{"embeddable":true,"href":"https:\/\/ucalvet.com\/en\/wp-json\/wp\/v2\/media\/446"}],"wp:attachment":[{"href":"https:\/\/ucalvet.com\/en\/wp-json\/wp\/v2\/media?parent=445"}],"wp:term":[{"taxonomy":"product_brand","embeddable":true,"href":"https:\/\/ucalvet.com\/en\/wp-json\/wp\/v2\/product_brand?post=445"},{"taxonomy":"product_cat","embeddable":true,"href":"https:\/\/ucalvet.com\/en\/wp-json\/wp\/v2\/product_cat?post=445"},{"taxonomy":"product_tag","embeddable":true,"href":"https:\/\/ucalvet.com\/en\/wp-json\/wp\/v2\/product_tag?post=445"}],"curies":[{"name":"wp","href":"https:\/\/api.w.org\/{rel}","templated":true}]}}