{"id":447,"date":"2025-10-05T12:56:11","date_gmt":"2025-10-05T16:56:11","guid":{"rendered":"https:\/\/ucalvet.com\/?post_type=product&#038;p=447"},"modified":"2025-12-09T13:50:38","modified_gmt":"2025-12-09T17:50:38","slug":"endopet","status":"publish","type":"product","link":"https:\/\/ucalvet.com\/en\/product\/endopet\/","title":{"rendered":"ENDOPET"},"content":{"rendered":"<p><strong>Preparat\u0131n ticar\u0259t ad\u0131<\/strong>:\u00a0 ENDOPET<\/p>\n<p><strong>\u0130stifad\u0259 sah\u0259si: <\/strong>Preparat it v\u0259 pi\u015fikl\u0259rd\u0259 nematod v\u0259 setodlara qar\u015f\u0131, o c\u00fcml\u0259d\u0259n Toxocara canis, Toxascaris leonina, Echinococcus granulosus, E. multilocularis, Dipylidium caninum ve Taenia spp. i\u00e7in eri\u015fkin ve olgunla\u015fmam\u0131\u015f ge\u00e7 evreleri; Uncinaria stenocephala, Ancylostoma caninum ve Trichuris vulpis i\u00e7in eri\u015fkin evreleri; Toxocara cati, Multiceps multiceps, Mesocestoides spp. t\u0259r\u0259find\u0259n t\u00f6r\u0259dil\u0259n x\u0259st\u0259likl\u0259rin m\u00fcalic\u0259 v\u0259 profilaktikas\u0131nda istifad\u0259 olunur.<\/p>\n<p><strong>Preparat\u0131n t\u0259rkibi f\u0259al madd\u0259:<\/strong> Fenbendazol- 150 mq, Pirantel pamoat- 144 mg, Prazikuantel -50 mg<\/p>\n<p><strong>D\u0259rman formas\u0131 v\u0259 qabla\u015fd\u0131rma: <\/strong>Preparat 8 h\u0259b olmaqla bir blisterd\u0259 qabla\u015fd\u0131r\u0131l\u0131r, blisterl\u0259r is\u0259 karton qutuya qoyulur.<\/p>\n<p><strong>Farmako-terapevtik qrupu:<\/strong> Antihelmint baytarl\u0131q preparat\u0131.<\/p>\n<p><strong>\u0130stifad\u0259 v\u0259 dozala\u015fd\u0131rma qaydalar\u0131:<\/strong><\/p>\n<p>2,0-5,0 kg (Heyvanlar\u0131n \u00e7\u0259kisi) &#8211; 1\/5 h\u0259b<\/p>\n<p>5,0- 10,0 kg (Heyvanlar\u0131n \u00e7\u0259kisi) &#8211; 1 h\u0259b<\/p>\n<p>Har 10 kq (Heyvanlar\u0131n \u00e7\u0259kisi) &#8211; 1 h\u0259b<\/p>","protected":false},"excerpt":{"rendered":"<p>ENDOPET<\/p>","protected":false},"featured_media":448,"comment_status":"open","ping_status":"closed","template":"","meta":[],"product_brand":[],"product_cat":[74,66],"product_tag":[55],"class_list":{"0":"post-447","1":"product","2":"type-product","3":"status-publish","4":"has-post-thumbnail","6":"product_cat-diger","7":"product_cat-ev-heyvani","8":"product_tag-ev-heyvani","10":"first","11":"instock","12":"shipping-taxable","13":"product-type-simple"},"_links":{"self":[{"href":"https:\/\/ucalvet.com\/en\/wp-json\/wp\/v2\/product\/447","targetHints":{"allow":["GET"]}}],"collection":[{"href":"https:\/\/ucalvet.com\/en\/wp-json\/wp\/v2\/product"}],"about":[{"href":"https:\/\/ucalvet.com\/en\/wp-json\/wp\/v2\/types\/product"}],"replies":[{"embeddable":true,"href":"https:\/\/ucalvet.com\/en\/wp-json\/wp\/v2\/comments?post=447"}],"wp:featuredmedia":[{"embeddable":true,"href":"https:\/\/ucalvet.com\/en\/wp-json\/wp\/v2\/media\/448"}],"wp:attachment":[{"href":"https:\/\/ucalvet.com\/en\/wp-json\/wp\/v2\/media?parent=447"}],"wp:term":[{"taxonomy":"product_brand","embeddable":true,"href":"https:\/\/ucalvet.com\/en\/wp-json\/wp\/v2\/product_brand?post=447"},{"taxonomy":"product_cat","embeddable":true,"href":"https:\/\/ucalvet.com\/en\/wp-json\/wp\/v2\/product_cat?post=447"},{"taxonomy":"product_tag","embeddable":true,"href":"https:\/\/ucalvet.com\/en\/wp-json\/wp\/v2\/product_tag?post=447"}],"curies":[{"name":"wp","href":"https:\/\/api.w.org\/{rel}","templated":true}]}}