{"id":455,"date":"2025-10-05T13:00:35","date_gmt":"2025-10-05T17:00:35","guid":{"rendered":"https:\/\/ucalvet.com\/?post_type=product&#038;p=455"},"modified":"2025-11-25T09:31:28","modified_gmt":"2025-11-25T13:31:28","slug":"teniacid","status":"publish","type":"product","link":"https:\/\/ucalvet.com\/en\/product\/teniacid\/","title":{"rendered":"TENIACID"},"content":{"rendered":"<p><strong>Preparat\u0131n ticar\u0259t ad\u0131:<\/strong>\u00a0 TENIACID<\/p>\n<p><strong>D\u0259rman formas\u0131 v\u0259 qabla\u015fd\u0131rma: <\/strong>\u0130nyeksiya \u00fc\u00e7\u00fcn m\u0259hlul 10 v\u0259 20 ml h\u0259cmind\u0259 t\u00fcnd r\u0259ngli \u015f\u00fc\u015f\u0259 flakonlarda qabla\u015fd\u0131r\u0131l\u0131r. Flakonlar, karton qutulara qoyulur.<\/p>\n<p><strong>Preparat\u0131n t\u0259rkibi, f\u0259al madd\u0259 1 ml-d\u0259:<\/strong> Prazikvantel -56,8 mq v\u0259 k\u00f6m\u0259k\u00e7i madd\u0259l\u0259r.<\/p>\n<p><strong>Farmako-terapevtik qrupu: <\/strong>Antihelmint baytarl\u0131q preparat\u0131.<\/p>\n<p><strong>\u0130stifad\u0259 sah\u0259si: <\/strong>Preparat it v\u0259 pi\u015fikl\u0259rd\u0259 parazitlik ed\u0259n sestodlar\u0131n profilaktikas\u0131 v\u0259 m\u00fcalic\u0259si m\u0259qs\u0259dil\u0259 istifad\u0259 edilir.<\/p>\n<p><strong>\u0130stifad\u0259 v\u0259 dozala\u015fd\u0131rma qaydalar\u0131:<\/strong> Preparat baytar h\u0259kiminin n\u0259zar\u0259ti alt\u0131nda \u0259z\u0259l\u0259i\u00e7\u0259risin\u0259 v\u0259 ya d\u0259rialt\u0131na inyeksiya edilm\u0259kl\u0259 t\u0259tbiq edilir. Heyvanlarda Joyeuxiella pasqualei-\u0259 yoluxma olduqda m\u00fcalic\u0259 14 sutkadan sonra t\u0259krar t\u0259tbiq edilir. Preparat\u0131n bird\u0259f\u0259lik dozas\u0131n\u0131n miqdar\u0131 3 ml- d\u0259n art\u0131q olduqda, t\u0259yin edilmi\u015f doza b\u0259rab\u0259r hiss\u0259l\u0259r\u0259 b\u00f6l\u00fcn\u0259r\u0259k ayr\u0131- ayr\u0131 hiss\u0259l\u0259rd\u0259n inyeksiya edilir. Preparat heyvanlar\u0131n h\u0259r 1 kq diri k\u00fctl\u0259sin\u0259 0,1ml (h\u0259r kq diri k\u00fctl\u0259sin\u0259 5,7 mq prazikvantel) hesab\u0131 il\u0259 a\u015fa\u011f\u0131da g\u00f6st\u0259ril\u0259n qaydada dozala\u015fd\u0131r\u0131l\u0131r:<\/p>\n<table style=\"height: 491px;\" width=\"802\">\n<tbody>\n<tr>\n<td colspan=\"2\" width=\"299\">Itl\u0259r<\/td>\n<td colspan=\"2\" width=\"299\">Pi\u015fikl\u0259r<\/td>\n<\/tr>\n<tr>\n<td width=\"149\">Diri k\u00fctl\u0259sin\u0259, kq<\/td>\n<td width=\"149\">Dozala\u015fd\u0131rma, ml<\/td>\n<td width=\"149\">Diri k\u00fctl\u0259sin\u0259, kq<\/td>\n<td width=\"149\">Dozala\u015fd\u0131rma, ml<\/td>\n<\/tr>\n<tr>\n<td width=\"149\">2,5 kq v\u0259 daha az<\/td>\n<td width=\"149\">0,25<\/td>\n<td width=\"149\">1 kq v\u0259 daha az<\/td>\n<td width=\"149\">0,1<\/td>\n<\/tr>\n<tr>\n<td width=\"149\">2,5-5<\/td>\n<td width=\"149\">0,5<\/td>\n<td width=\"149\">1-2<\/td>\n<td width=\"149\">0,2<\/td>\n<\/tr>\n<tr>\n<td width=\"149\">6-10<\/td>\n<td width=\"149\">1<\/td>\n<td width=\"149\">2-3<\/td>\n<td width=\"149\">0,3<\/td>\n<\/tr>\n<tr>\n<td width=\"149\">11-20<\/td>\n<td width=\"149\">2<\/td>\n<td width=\"149\">3-4<\/td>\n<td width=\"149\">0,4<\/td>\n<\/tr>\n<tr>\n<td width=\"149\">21-30<\/td>\n<td width=\"149\">3<\/td>\n<td width=\"149\">4-5<\/td>\n<td width=\"149\">0,5<\/td>\n<\/tr>\n<tr>\n<td width=\"149\"><\/td>\n<td width=\"149\"><\/td>\n<td width=\"149\">5 kq v\u0259 daha a\u011f\u0131r<\/td>\n<td width=\"149\">0,6<\/td>\n<\/tr>\n<\/tbody>\n<\/table>\n<p>&nbsp;<\/p>","protected":false},"excerpt":{"rendered":"<p>TENIACID<\/p>","protected":false},"featured_media":456,"comment_status":"open","ping_status":"closed","template":"","meta":[],"product_brand":[],"product_cat":[43,74,66],"product_tag":[55],"class_list":{"0":"post-455","1":"product","2":"type-product","3":"status-publish","4":"has-post-thumbnail","6":"product_cat-antiparazitler","7":"product_cat-diger","8":"product_cat-ev-heyvani","9":"product_tag-ev-heyvani","11":"first","12":"instock","13":"shipping-taxable","14":"product-type-simple"},"_links":{"self":[{"href":"https:\/\/ucalvet.com\/en\/wp-json\/wp\/v2\/product\/455","targetHints":{"allow":["GET"]}}],"collection":[{"href":"https:\/\/ucalvet.com\/en\/wp-json\/wp\/v2\/product"}],"about":[{"href":"https:\/\/ucalvet.com\/en\/wp-json\/wp\/v2\/types\/product"}],"replies":[{"embeddable":true,"href":"https:\/\/ucalvet.com\/en\/wp-json\/wp\/v2\/comments?post=455"}],"wp:featuredmedia":[{"embeddable":true,"href":"https:\/\/ucalvet.com\/en\/wp-json\/wp\/v2\/media\/456"}],"wp:attachment":[{"href":"https:\/\/ucalvet.com\/en\/wp-json\/wp\/v2\/media?parent=455"}],"wp:term":[{"taxonomy":"product_brand","embeddable":true,"href":"https:\/\/ucalvet.com\/en\/wp-json\/wp\/v2\/product_brand?post=455"},{"taxonomy":"product_cat","embeddable":true,"href":"https:\/\/ucalvet.com\/en\/wp-json\/wp\/v2\/product_cat?post=455"},{"taxonomy":"product_tag","embeddable":true,"href":"https:\/\/ucalvet.com\/en\/wp-json\/wp\/v2\/product_tag?post=455"}],"curies":[{"name":"wp","href":"https:\/\/api.w.org\/{rel}","templated":true}]}}